{"id":24423,"date":"2020-12-18T13:11:02","date_gmt":"2020-12-18T12:11:02","guid":{"rendered":"https:\/\/www.interbusinesschamber.com\/produit\/energy-q10-direct\/"},"modified":"2020-12-28T15:08:24","modified_gmt":"2020-12-28T14:08:24","slug":"energy-q10-direct","status":"publish","type":"product","link":"https:\/\/www.sopha-sahara.com\/en\/product\/energy-q10-direct\/","title":{"rendered":"ENERGY Q10 DIRECT"},"content":{"rendered":"<div class=\"uabb-adv-accordion-button uabb-adv-accordion-button5b59bf7b13521 uabb-adv-after-text\">\n<h4 class=\"uabb-adv-accordion-button-label\">COMPOSITION<\/h4>\n<\/div>\n<div class=\"uabb-adv-accordion-content uabb-adv-accordion-content5b59bf7b13521 fl-clearfix uabb-accordion-desc uabb-text-editor\">\n<table class=\"tableau_nutritionnel\">\n<tbody>\n<tr>\n<th>Analyse nutritionnelle<\/th>\n<th>Par stick<\/th>\n<th>AR<sup>*<\/sup><\/th>\n<\/tr>\n<tr>\n<td>Coenzyme Q10<br \/>L-carnitine<\/td>\n<td>15 mg<br \/>100 mg<\/td>\n<td>-<\/p>\n<p>-<\/td>\n<\/tr>\n<tr>\n<td>Vitamine A<br \/>Vitamine B1<br \/>Vitamine B2<br \/>Vitamine B3<br \/>Vitamine B5<br \/>Vitamine B6<br \/>Vitamine B8<br \/>Vitamine B9<br \/>Vitamine B12<br \/>Vitamine C<br \/>Vitamine D3<br \/>Vitamine E<br \/>Vitamine K1<\/td>\n<td>800 \u03bcg<br \/>1,1 mg<br \/>1,4 mg<br \/>16 mg<br \/>6 mg<br \/>1,4 mg<br \/>50 \u03bcg<br \/>200 \u03bcg<br \/>2,5 \u03bcg<br \/>80 mg<br \/>5 \u03bcg<br \/>12 mg<br \/>25 \u03bcg<\/td>\n<td>100%<br \/>100%<br \/>100%<br \/>100%<br \/>100%<br \/>100%<br \/>100%<br \/>100%<br \/>100%<br \/>100%<br \/>100%<br \/>100%<br \/>33%<\/td>\n<\/tr>\n<tr>\n<td>Calcium<br \/>Magn\u00e9sium<br \/>Fer<br \/>Iode<br \/>Zinc<br \/>Cuivre<br \/>Mangan\u00e8se<br \/>S\u00e9l\u00e9nium<br \/>Molybd\u00e8ne<br \/>Chrome<\/td>\n<td>120 mg<br \/>60 mg<br \/>14 mg<br \/>150 \u03bcg<br \/>10 mg<br \/>1000 \u00b5g<br \/>2 mg<br \/>55 \u03bcg<br \/>50 \u03bcg<br \/>40 \u03bcg<\/td>\n<td>15%<br \/>16%<br \/>100%<br \/>100%<br \/>100%<br \/>100%<br \/>100%<br \/>100%<br \/>100%<br \/>100%<\/td>\n<\/tr>\n<tr>\n<td>Phyto-Matrix<sup>\u2122<\/sup><br \/>dont polyph\u00e9nois<\/td>\n<td>120 mg<br \/>28 mg<\/td>\n<td>-<br \/>-<\/td>\n<\/tr>\n<\/tbody>\n<\/table>\n<div>\u00a0<\/div>\n<div class=\"uabb-adv-accordion-button uabb-adv-accordion-button5b59bf7b13521 uabb-adv-after-text\">\n<h4 class=\"uabb-adv-accordion-button-label\">CONSEILS D'UTILISATION<\/h4>\n<\/div>\n<div class=\"uabb-adv-accordion-content uabb-adv-accordion-content5b59bf7b13521 fl-clearfix uabb-accordion-desc uabb-text-editor\">\n<p>Energy Q10 Direct est un compl\u00e9ment alimentaire r\u00e9serv\u00e9 \u00e0 l\u2019adulte.<\/p>\n<p>1 stick par jour, \u00e0 prendre sans eau, de pr\u00e9f\u00e9rence le matin apr\u00e8s le petit d\u00e9jeuner. Verser directement le contenu du stick sur la langue.<\/p>\n<p>En programme de 14 jours, \u00e0 renouveler plusieurs fois dans l\u2019ann\u00e9e si n\u00e9cessaire.<\/p>\n<p><strong>Le plus ?<\/strong>\u00a0Une forme tr\u00e8s pratique, facile \u00e0 transporter et sans eau !<\/p>\n<p>Les produits Biofar Direct sont\u00a0<strong>sans sucre, sans aspartame, sans colorant artificiel\u00a0<\/strong>et<strong>\u00a0au bon go\u00fbt fruit\u00e9.<\/strong><\/p>\n<p>Demandez conseil \u00e0 votre pharmacien ou \u00e0 votre m\u00e9decin.<\/p>\n<\/div>\n<\/div>","protected":false},"excerpt":{"rendered":"<div class=\"fl-module fl-module-heading fl-node-5b597ce00d6ac smooth majuscules\" data-node=\"5b597ce00d6ac\">\n<div class=\"fl-module-content fl-node-content\">\n<div class=\"woocommerce-product-details__short-description\">\n<p>POUR UNE \u00c9NERGIE VITALE<\/p>\n<\/div>\n<\/div>\n<\/div>\n<div class=\"fl-module fl-module-fl-woo-product-description fl-node-5b5857323f430\" data-node=\"5b5857323f430\">\n<div class=\"fl-module-content fl-node-content\">\n<p>Fatigue intense, \u00ab\u00a0burn out\u00a0\u00bb, autant de situations auxquelles nous sommes de plus en plus confront\u00e9s\u2026 Ne laissez pas la fatigue vous g\u00e2cher la vie\u00a0! Les Laboratoires Biofar ont d\u00e9velopp\u00e9 pour vous \u00ab\u00a0<strong>Energy Q10 Direct<\/strong>\u00a0\u00bb, une formule\u00a0<strong>riche et compl\u00e8te\u00a0<\/strong>au bon\u00a0<strong>go\u00fbt fruit\u00e9<\/strong>, pour vous aider \u00e0 retrouver une \u00e9nergie intense\u00a0\u00e0 tout moment de la journ\u00e9e !<\/p>\n<p>Une association de\u00a0<strong>13 vitamines<\/strong>,\u00a0<strong>10 min\u00e9raux<\/strong>,\u00a0<strong>L-Carnitine<\/strong>\u00a0et\u00a0<strong>Coenzyme Q10<\/strong>\u00a0pour\u00a0<strong>un effet optimal<\/strong>\u2026 Les Laboratoires Biofar ont r\u00e9uni les \u00e9l\u00e9ments n\u00e9cessaires pour\u00a0<strong>lutter contre votre\u00a0fatigue<\/strong>. En effet, le magn\u00e9sium, le fer et les vitamines B et C contribuent \u00e0 r\u00e9duire\u00a0<strong>votre \u00e9tat de fatigue<\/strong>\u00a0et \u00e0 un m\u00e9tabolisme \u00e9nerg\u00e9tique normal (en synergie avec le calcium, le cuivre, l\u2019iode et le mangan\u00e8se).<\/p>\n<\/div>\n<\/div>","protected":false},"featured_media":24442,"template":"","meta":{"arc_restricted_post":false},"product_cat":[338,49],"product_tag":[],"_links":{"self":[{"href":"https:\/\/www.sopha-sahara.com\/en\/wp-json\/wp\/v2\/product\/24423"}],"collection":[{"href":"https:\/\/www.sopha-sahara.com\/en\/wp-json\/wp\/v2\/product"}],"about":[{"href":"https:\/\/www.sopha-sahara.com\/en\/wp-json\/wp\/v2\/types\/product"}],"wp:featuredmedia":[{"embeddable":true,"href":"https:\/\/www.sopha-sahara.com\/en\/wp-json\/wp\/v2\/media\/24442"}],"wp:attachment":[{"href":"https:\/\/www.sopha-sahara.com\/en\/wp-json\/wp\/v2\/media?parent=24423"}],"wp:term":[{"taxonomy":"product_cat","embeddable":true,"href":"https:\/\/www.sopha-sahara.com\/en\/wp-json\/wp\/v2\/product_cat?post=24423"},{"taxonomy":"product_tag","embeddable":true,"href":"https:\/\/www.sopha-sahara.com\/en\/wp-json\/wp\/v2\/product_tag?post=24423"}],"curies":[{"name":"wp","href":"https:\/\/api.w.org\/{rel}","templated":true}]}}