{"id":24422,"date":"2020-12-18T13:11:02","date_gmt":"2020-12-18T12:11:02","guid":{"rendered":"https:\/\/www.interbusinesschamber.com\/produit\/ultra-kids-6-12-direct\/"},"modified":"2020-12-28T15:20:50","modified_gmt":"2020-12-28T14:20:50","slug":"ultra-kids-6-12-direct","status":"publish","type":"product","link":"https:\/\/www.sopha-sahara.com\/en\/product\/ultra-kids-6-12-direct\/","title":{"rendered":"ULTRA KIDS 6-12 DIRECT"},"content":{"rendered":"<div class=\"uabb-adv-accordion-button uabb-adv-accordion-button5b59bf7b13521 uabb-adv-after-text\">\n<h4 class=\"uabb-adv-accordion-button-label\">COMPOSITION<\/h4>\n<\/div>\n<div class=\"uabb-adv-accordion-content uabb-adv-accordion-content5b59bf7b13521 fl-clearfix uabb-accordion-desc uabb-text-editor\">\n<table class=\"tableau_nutritionnel\">\n<tbody>\n<tr>\n<th>Analyse nutritionnelle<\/th>\n<th>Par stick<\/th>\n<th>AR<sup>*<\/sup><\/th>\n<\/tr>\n<tr>\n<td>Colostrum<br \/>Choline<\/td>\n<td>150 mg<br \/>75 mg<\/td>\n<td>-<br \/>-<\/td>\n<\/tr>\n<tr>\n<td>Vitamine A<br \/>Vitamine B1<br \/>Vitamine B2<br \/>Vitamine B3<br \/>Vitamine B5<br \/>Vitamine B6<br \/>Vitamine B8<br \/>Vitamine B9<br \/>Vitamine B12<br \/>Vitamine C (Ester-C<sup>\u00ae<\/sup>)<br \/>Vitamine D3<br \/>Vitamine E<\/td>\n<td>160 \u00b5g<br \/>0,5 mg<br \/>0,5 mg<br \/>6 mg<br \/>2,5 mg<br \/>0,5 mg<br \/>25 \u00b5g<br \/>100 \u00b5g<br \/>1 \u00b5g<br \/>40 mg<br \/>10 \u00b5g<br \/>6 mg<\/td>\n<td>20%<br \/>45%<br \/>36%<br \/>37%<br \/>42%<br \/>36%<br \/>50%<br \/>50%<br \/>40%<br \/>50%<br \/>200%<br \/>50%<\/td>\n<\/tr>\n<tr>\n<td>Calcium<br \/>Fer<br \/>Iode<br \/>Zinc<br \/>Mangan\u00e8se<br \/>S\u00e9l\u00e9nium<br \/>Chrome<\/td>\n<td>120 mg<br \/>5,6 mg<br \/>30 \u00b5g<br \/>3 mg<br \/>0,5 mg<br \/>12,5 \u00b5g<br \/>20 \u00b5g<\/td>\n<td>15%<br \/>40%<br \/>20%<br \/>30%<br \/>25%<br \/>23%<br \/>50%<\/td>\n<\/tr>\n<tr>\n<td>Phyto-Matrix<sup>\u2122<\/sup><br \/>dont polyph\u00e9nols<\/td>\n<td>120 mg<br \/>28 mg<\/td>\n<td>-<br \/>-<\/td>\n<\/tr>\n<\/tbody>\n<\/table>\n<div class=\"uabb-adv-accordion-button uabb-adv-accordion-button5b59bf7b13521 uabb-adv-after-text\">\n<h4>\u00a0<\/h4>\n<h4 class=\"uabb-adv-accordion-button-label\">CONSEILS D'UTILISATION<\/h4>\n<\/div>\n<div class=\"uabb-adv-accordion-content uabb-adv-accordion-content5b59bf7b13521 fl-clearfix uabb-accordion-desc uabb-text-editor\">\n<p>Ultra Kids 6-12 Direct\u00a0est un compl\u00e9ment alimentaire r\u00e9serv\u00e9 \u00e0 l\u2019enfant \u00e0 partir de 6 ans.<\/p>\n<p>1 stick par jour, \u00e0 prendre sans eau, de pr\u00e9f\u00e9rence le matin apr\u00e8s le petit d\u00e9jeuner. Verser directement le contenu du stick sur la langue.<\/p>\n<p>En programme de 14 jours, \u00e0 renouveler plusieurs fois dans l\u2019ann\u00e9e si n\u00e9cessaire.<\/p>\n<p><strong>Le plus ?<\/strong>\u00a0Une forme tr\u00e8s pratique, facile \u00e0 transporter et sans eau !<\/p>\n<p>Les produits Biofar Direct sont\u00a0<strong>sans sucre, sans aspartame, sans colorant artificiel\u00a0<\/strong>et\u00a0<strong>au bon go\u00fbt fruit\u00e9.<\/strong><\/p>\n<p>Demandez conseil \u00e0 votre pharmacien ou \u00e0 votre m\u00e9decin.<\/p>\n<\/div>\n<\/div>","protected":false},"excerpt":{"rendered":"<div class=\"fl-module fl-module-heading fl-node-5b597ce00d6ac smooth majuscules\" data-node=\"5b597ce00d6ac\">\n<div class=\"fl-module-content fl-node-content\">\n<div class=\"woocommerce-product-details__short-description\">\n<p>POUR LA CROISSANCE DE VOS ENFANTS<\/p>\n<\/div>\n<\/div>\n<\/div>\n<div class=\"fl-module fl-module-fl-woo-product-description fl-node-5b5857323f430\" data-node=\"5b5857323f430\">\n<div class=\"fl-module-content fl-node-content\">\n<p>La p\u00e9riode des 6-12 ans est une \u00e9tape importante pour la croissance de vos enfants. De nombreux changements se font \u00e0 cet \u00e2ge\u00a0: apprentissage, croissance, activit\u00e9s extra-scolaires\u2026 Vos enfants se d\u00e9pensent beaucoup, ce qui n\u00e9cessite une attention particuli\u00e8re pour leur apporter les nutriments essentiels pour leur d\u00e9veloppement. Les Laboratoires Biofar ont d\u00e9velopp\u00e9 pour vos enfants \u00ab\u00a0<strong>Ultra Kids 6-12 Direct<\/strong>\u00a0\u00bb, une formule\u00a0<strong>riche et compl\u00e8te\u00a0<\/strong>au bon go\u00fbt\u00a0<strong>fruit\u00e9<\/strong>, pour leur\u00a0<strong>croissance<\/strong>.<\/p>\n<p>Des dosages\u00a0<strong>optimaux<\/strong>\u00a0et\u00a0<strong>\u00e9quilibr\u00e9s\u00a0<\/strong>en\u00a0<strong>colostrum, vitamines, min\u00e9raux et choline<\/strong>\u00a0pour r\u00e9pondre aux besoins des enfants<strong>\u2026<\/strong>\u00a0Les Laboratoires Biofar ont r\u00e9uni les \u00e9l\u00e9ments n\u00e9cessaires pour assurer une croissance harmonieuse de votre enfant. \u00a0L\u2019iode contribue \u00e0 une croissance normale et le fer \u00e0 un d\u00e9veloppement cognitif normal. La vitamine D est n\u00e9cessaire \u00e0 une croissance et un d\u00e9veloppement osseux normaux. De plus, le\u00a0<strong>colostrum<\/strong>\u00a0des Laboratoires Biofar apporte une haute teneur en immunoglobulines\u00a0et cytokines.<\/p>\n<\/div>\n<\/div>","protected":false},"featured_media":24456,"template":"","meta":{"arc_restricted_post":false},"product_cat":[338,49],"product_tag":[],"_links":{"self":[{"href":"https:\/\/www.sopha-sahara.com\/en\/wp-json\/wp\/v2\/product\/24422"}],"collection":[{"href":"https:\/\/www.sopha-sahara.com\/en\/wp-json\/wp\/v2\/product"}],"about":[{"href":"https:\/\/www.sopha-sahara.com\/en\/wp-json\/wp\/v2\/types\/product"}],"wp:featuredmedia":[{"embeddable":true,"href":"https:\/\/www.sopha-sahara.com\/en\/wp-json\/wp\/v2\/media\/24456"}],"wp:attachment":[{"href":"https:\/\/www.sopha-sahara.com\/en\/wp-json\/wp\/v2\/media?parent=24422"}],"wp:term":[{"taxonomy":"product_cat","embeddable":true,"href":"https:\/\/www.sopha-sahara.com\/en\/wp-json\/wp\/v2\/product_cat?post=24422"},{"taxonomy":"product_tag","embeddable":true,"href":"https:\/\/www.sopha-sahara.com\/en\/wp-json\/wp\/v2\/product_tag?post=24422"}],"curies":[{"name":"wp","href":"https:\/\/api.w.org\/{rel}","templated":true}]}}