{"id":24421,"date":"2020-12-18T13:11:02","date_gmt":"2020-12-18T12:11:02","guid":{"rendered":"https:\/\/www.interbusinesschamber.com\/produit\/good-night-7-7-direct\/"},"modified":"2020-12-28T15:09:24","modified_gmt":"2020-12-28T14:09:24","slug":"good-night-7-7-direct","status":"publish","type":"product","link":"https:\/\/www.sopha-sahara.com\/en\/product\/good-night-7-7-direct\/","title":{"rendered":"GOOD NIGHT 7\/7 DIRECT"},"content":{"rendered":"<div class=\"uabb-adv-accordion-button uabb-adv-accordion-button5b59bf7b13521 uabb-adv-after-text\">\n<h4 class=\"uabb-adv-accordion-button-label\">COMPOSITION<\/h4>\n<\/div>\n<div class=\"uabb-adv-accordion-content uabb-adv-accordion-content5b59bf7b13521 fl-clearfix uabb-accordion-desc uabb-text-editor\">\n<table class=\"tableau_nutritionnel\">\n<tbody>\n<tr>\n<th>Analyse nutritionnelle<\/th>\n<th>Par stick<\/th>\n<th>AR<sup>*<\/sup><\/th>\n<\/tr>\n<tr>\n<td>M\u00e9latonine<br \/>Lactium<sup>\u00ae<\/sup><br \/>L-th\u00e9anine<br \/>Inositol<\/td>\n<td>1,9 mg<br \/>150 mg<br \/>100 mg<br \/>100 mg<\/td>\n<td>-<br \/>-<br \/>-<br \/>-<\/td>\n<\/tr>\n<tr>\n<td>Extrait de m\u00e9lisse<br \/>(\u00e9quivalent plante s\u00e8che)<\/td>\n<td>60 mg<br \/>600 mg<\/td>\n<td>-<br \/>-<\/td>\n<\/tr>\n<tr>\n<td>Magn\u00e9sium<br \/>Zinc<\/td>\n<td>200 mg<br \/>10 mg<\/td>\n<td>53%<br \/>100%<\/td>\n<\/tr>\n<tr>\n<td>Vitamine B3<br \/>Vitamine B6<\/td>\n<td>16 mg<br \/>2 mg<\/td>\n<td>100%<br \/>143%<\/td>\n<\/tr>\n<tr>\n<td>Phyto-Matrix<br \/>dont polyph\u00e9nols<\/td>\n<td>120 mg<br \/>28mg<\/td>\n<td>-<br \/>-<\/td>\n<\/tr>\n<\/tbody>\n<\/table>\n<div class=\"uabb-adv-accordion-button uabb-adv-accordion-button5b59bf7b13521 uabb-adv-after-text\">\n<h4>\u00a0<\/h4>\n<h4 class=\"uabb-adv-accordion-button-label\">CONSEILS D'UTILISATION<\/h4>\n<\/div>\n<div class=\"uabb-adv-accordion-content uabb-adv-accordion-content5b59bf7b13521 fl-clearfix uabb-accordion-desc uabb-text-editor\">\n<p>Good Night 7\/7 Direct est un compl\u00e9ment alimentaire r\u00e9serv\u00e9 \u00e0 l\u2019adulte.<\/p>\n<p>1 stick par jour, \u00e0 prendre sans eau, de pr\u00e9f\u00e9rence 30 minutes avant le coucher. Verser directement le contenu du stick sur la langue.<\/p>\n<p>En programme de 14 jours.<\/p>\n<p><strong>Le plus ?<\/strong>\u00a0Une forme tr\u00e8s pratique, facile \u00e0 transporter et sans eau !<\/p>\n<p>Les produits Biofar Direct sont\u00a0<strong>sans sucre, sans aspartame, sans colorant artificiel\u00a0<\/strong>et\u00a0<strong>au bon go\u00fbt fruit\u00e9.<\/strong><\/p>\n<p>Demandez conseil \u00e0 votre pharmacien ou \u00e0 votre m\u00e9decin.<\/p>\n<\/div>\n<\/div>","protected":false},"excerpt":{"rendered":"<div class=\"fl-module fl-module-heading fl-node-5b597ce00d6ac smooth majuscules\" data-node=\"5b597ce00d6ac\">\n<div class=\"fl-module-content fl-node-content\">\n<div class=\"woocommerce-product-details__short-description\">\n<p>ENDORMISSEMENT FACILIT\u00c9<\/p>\n<p>SOMMEIL AM\u00c9LIOR\u00c9<\/p>\n<\/div>\n<\/div>\n<\/div>\n<div class=\"fl-module fl-module-fl-woo-product-description fl-node-5b5857323f430\" data-node=\"5b5857323f430\">\n<div class=\"fl-module-content fl-node-content\">\n<p>1\/3 des fran\u00e7ais souffrent de troubles du sommeil et 73% se r\u00e9veillent au moins une fois par nuit. Ces troubles sont notamment sources de fatigue physique et psychologique. Et pourtant, des solutions existent\u2026 Les Laboratoires Biofar ont d\u00e9velopp\u00e9 pour vous \u00ab\u00a0<strong>Good Night 7\/7\u00a0Direct<\/strong>\u00a0\u00bb, une formule\u00a0<strong>riche et compl\u00e8te\u00a0<\/strong>au bon\u00a0<strong>go\u00fbt fruit\u00e9<\/strong>, pour\u00a0<strong>faciliter<\/strong>\u00a0votre\u00a0<strong>endormissement<\/strong>\u00a0et\u00a0<strong>am\u00e9liorer<\/strong>\u00a0votre\u00a0<strong>sommeil naturel<\/strong>\u00a0!<\/p>\n<p>Une association de\u00a0<strong>m\u00e9latonine<\/strong>, de\u00a0<strong>Lactium<sup>\u00ae<\/sup><\/strong>, de\u00a0<strong>magn\u00e9sium<\/strong>, d\u2019extrait de\u00a0<strong>m\u00e9lisse<\/strong>, de\u00a0<strong>L-th\u00e9anine<\/strong>\u00a0et d\u2019<strong>inositol<\/strong>\u00a0pour\u00a0<strong>un effet optimal<\/strong>\u2026 Les Laboratoires Biofar ont r\u00e9uni les \u00e9l\u00e9ments n\u00e9cessaires pour\u00a0<strong>lutter contre\u00a0<\/strong>vos\u00a0<strong>troubles du sommeil<\/strong>. En effet, la m\u00e9latonine contribue \u00e0\u00a0<strong>r\u00e9duire le temps d\u2019endormissement<\/strong>, la m\u00e9lisse participe \u00e0\u00a0maintenir la\u00a0<strong>qualit\u00e9 du \u00a0sommeil<\/strong>, \u00e0 favoriser la\u00a0<strong>relaxation \u00a0optimale<\/strong>\u00a0et le\u00a0<strong>bien-\u00eatre mental et physique<\/strong>. De plus, le magn\u00e9sium et la vitamine B6 contribuent \u00e0\u00a0<strong>r\u00e9duire la fatigue<\/strong>\u00a0et au bon fonctionnement du syst\u00e8me nerveux.<\/p>\n<\/div>\n<\/div>","protected":false},"featured_media":24444,"template":"","meta":{"arc_restricted_post":false},"product_cat":[338,49],"product_tag":[],"_links":{"self":[{"href":"https:\/\/www.sopha-sahara.com\/en\/wp-json\/wp\/v2\/product\/24421"}],"collection":[{"href":"https:\/\/www.sopha-sahara.com\/en\/wp-json\/wp\/v2\/product"}],"about":[{"href":"https:\/\/www.sopha-sahara.com\/en\/wp-json\/wp\/v2\/types\/product"}],"wp:featuredmedia":[{"embeddable":true,"href":"https:\/\/www.sopha-sahara.com\/en\/wp-json\/wp\/v2\/media\/24444"}],"wp:attachment":[{"href":"https:\/\/www.sopha-sahara.com\/en\/wp-json\/wp\/v2\/media?parent=24421"}],"wp:term":[{"taxonomy":"product_cat","embeddable":true,"href":"https:\/\/www.sopha-sahara.com\/en\/wp-json\/wp\/v2\/product_cat?post=24421"},{"taxonomy":"product_tag","embeddable":true,"href":"https:\/\/www.sopha-sahara.com\/en\/wp-json\/wp\/v2\/product_tag?post=24421"}],"curies":[{"name":"wp","href":"https:\/\/api.w.org\/{rel}","templated":true}]}}