{"id":24420,"date":"2020-12-18T13:11:02","date_gmt":"2020-12-18T12:11:02","guid":{"rendered":"https:\/\/www.interbusinesschamber.com\/produit\/phyto-digestion\/"},"modified":"2021-02-19T11:59:43","modified_gmt":"2021-02-19T10:59:43","slug":"phyto-digestion","status":"publish","type":"product","link":"https:\/\/www.sopha-sahara.com\/en\/product\/phyto-digestion\/","title":{"rendered":"PHYTO DIGESTION"},"content":{"rendered":"<div class=\"uabb-adv-accordion-button uabb-adv-accordion-button5b59bf7b13521 uabb-adv-after-text\">\n<h4 class=\"uabb-adv-accordion-button-label\">COMPOSITION<\/h4>\n<\/div>\n<div class=\"uabb-adv-accordion-content uabb-adv-accordion-content5b59bf7b13521 fl-clearfix uabb-accordion-desc uabb-text-editor\">\n<table class=\"tableau_nutritionnel\">\n<tbody>\n<tr>\n<th>Analyse nutritionnelle<\/th>\n<th>Pour 2 comprim\u00e9s<\/th>\n<th>AR<sup>*<\/sup><\/th>\n<\/tr>\n<tr>\n<td>Fructo-oligosaccharides<\/td>\n<td>1 800 mg<\/td>\n<td>-<\/td>\n<\/tr>\n<tr>\n<td>Extrait d'artichaut<br \/>Extrait d'ananas<br \/>Extrait de papaye<\/td>\n<td>600 mg<br \/>200 mg<br \/>200 mg<\/td>\n<td>-<br \/>-<br \/>-<\/td>\n<\/tr>\n<tr>\n<td>Vitamine B1<br \/>Vitamine B2<br \/>Vitamine B6<\/td>\n<td>1,4 mg<br \/>1,6 mg<br \/>2 mg<\/td>\n<td>126%<br \/>114%<br \/>142%<\/td>\n<\/tr>\n<\/tbody>\n<\/table>\n<p>&nbsp;<\/p>\n<\/div>\n<div class=\"uabb-adv-accordion-button uabb-adv-accordion-button5b59bf7b13521 uabb-adv-after-text\">\n<h4 class=\"uabb-adv-accordion-button-label\">CONSEILS D'UTILISATION<\/h4>\n<\/div>\n<div class=\"uabb-adv-accordion-content uabb-adv-accordion-content5b59bf7b13521 fl-clearfix uabb-accordion-desc uabb-text-editor\">\n<p>Biofar Phyto Digestion est un compl\u00e9ment alimentaire r\u00e9serv\u00e9 \u00e0 l\u2019adulte.<\/p>\n<p>1 \u00e0 2 comprim\u00e9s par jour, apr\u00e8s un repas, \u00e0 dissoudre dans un grand verre d\u2019eau et \u00e0 boire imm\u00e9diatement apr\u00e8s dissolution. S\u2019utilise notamment apr\u00e8s un repas copieux ou trop gras afin de faciliter la digestion et diminuer la sensation de pesanteur digestive. A renouveler chaque fois que n\u00e9cessaire.<\/p>\n<p><strong>Le plus\u00a0?<\/strong>\u00a0Un concentr\u00e9 d\u2019artichaut frais pour am\u00e9liorer votre digestion !<\/p>\n<p>Les produits Biofar Phyto sont\u00a0<strong>sans sucre, sans aspartame, sans colorant\u00a0<\/strong>et\u00a0<strong>au bon go\u00fbt fruit\u00e9.<\/strong><\/p>\n<p>Demandez conseil \u00e0 votre pharmacien ou \u00e0 votre m\u00e9decin.<\/p>\n<\/div>","protected":false},"excerpt":{"rendered":"<div class=\"fl-module fl-module-heading fl-node-5b597ce00d6ac smooth majuscules\" data-node=\"5b597ce00d6ac\">\n<div class=\"fl-module-content fl-node-content\">\n<div class=\"woocommerce-product-details__short-description\">\n<p>FAVORISE LA DIGESTION<\/p>\n<\/div>\n<\/div>\n<\/div>\n<div class=\"fl-module fl-module-fl-woo-product-description fl-node-5b5857323f430\" data-node=\"5b5857323f430\">\n<div class=\"fl-module-content fl-node-content\">\n<p>La digestion est un\u00a0<strong>ph\u00e9nom\u00e8ne complexe<\/strong>, aussi bien\u00a0<strong>m\u00e9canique<\/strong>\u00a0que\u00a0<strong>chimique<\/strong>, qui est souvent\u00a0<strong>d\u00e9r\u00e9gl\u00e9<\/strong>. Constipation, flatulences, remont\u00e9es acides\u2026 Un large panel de troubles digestifs qui peuvent apporter leur lot de\u00a0<strong>d\u00e9sagr\u00e9ments<\/strong>\u00a0au quotidien\u00a0! Les Laboratoires Biofar ont pris le\u00a0<strong>meilleur de la nature<\/strong>\u00a0pour favoriser votre digestion avec une association synergique d\u2019<strong>artichaut<\/strong>,\u00a0<strong>ananas<\/strong>,\u00a0<strong>papaye<\/strong>,\u00a0<strong>fibres<\/strong>\u00a0et\u00a0<strong>vitamines B<\/strong>\u2026 Le tout avec un bon go\u00fbt\u00a0<strong>d\u2019agrumes<\/strong>\u00a0!<\/p>\n<\/div>\n<\/div>","protected":false},"featured_media":30382,"template":"","meta":{"arc_restricted_post":false},"product_cat":[338,49],"product_tag":[],"_links":{"self":[{"href":"https:\/\/www.sopha-sahara.com\/en\/wp-json\/wp\/v2\/product\/24420"}],"collection":[{"href":"https:\/\/www.sopha-sahara.com\/en\/wp-json\/wp\/v2\/product"}],"about":[{"href":"https:\/\/www.sopha-sahara.com\/en\/wp-json\/wp\/v2\/types\/product"}],"wp:featuredmedia":[{"embeddable":true,"href":"https:\/\/www.sopha-sahara.com\/en\/wp-json\/wp\/v2\/media\/30382"}],"wp:attachment":[{"href":"https:\/\/www.sopha-sahara.com\/en\/wp-json\/wp\/v2\/media?parent=24420"}],"wp:term":[{"taxonomy":"product_cat","embeddable":true,"href":"https:\/\/www.sopha-sahara.com\/en\/wp-json\/wp\/v2\/product_cat?post=24420"},{"taxonomy":"product_tag","embeddable":true,"href":"https:\/\/www.sopha-sahara.com\/en\/wp-json\/wp\/v2\/product_tag?post=24420"}],"curies":[{"name":"wp","href":"https:\/\/api.w.org\/{rel}","templated":true}]}}