{"id":24419,"date":"2020-12-18T13:11:01","date_gmt":"2020-12-18T12:11:01","guid":{"rendered":"https:\/\/www.interbusinesschamber.com\/produit\/phyto-defense\/"},"modified":"2020-12-28T15:11:50","modified_gmt":"2020-12-28T14:11:50","slug":"phyto-defense","status":"publish","type":"product","link":"https:\/\/www.sopha-sahara.com\/en\/product\/phyto-defense\/","title":{"rendered":"PHYTO D\u00c9FENSE"},"content":{"rendered":"<div class=\"uabb-adv-accordion-button uabb-adv-accordion-button5b59bf7b13521 uabb-adv-after-text\">\n<h4 class=\"uabb-adv-accordion-button-label\">COMPOSITION<\/h4>\n<\/div>\n<div class=\"uabb-adv-accordion-content uabb-adv-accordion-content5b59bf7b13521 fl-clearfix uabb-accordion-desc uabb-text-editor\">\n<table class=\"tableau_nutritionnel\">\n<tbody>\n<tr>\n<th>Analyse nutritionnelle<\/th>\n<th>Pour 2 comprim\u00e9s<\/th>\n<th>AR<sup>*<\/sup><\/th>\n<\/tr>\n<tr>\n<td>Extrait d'ac\u00e9rola<br \/>Extrait de saule blanc<br \/>Extrait d'\u00e9chinac\u00e9e<br \/>Extrait de propolis<\/td>\n<td>400 mg<br \/>200 mg<br \/>200 mg<br \/>100 mg<\/td>\n<td>-<br \/>-<br \/>-<br \/>-<\/td>\n<\/tr>\n<tr>\n<td>Vitamine C<\/td>\n<td>240 mg<\/td>\n<td>300%<\/td>\n<\/tr>\n<tr>\n<td>Zinc<\/td>\n<td>10 mg<\/td>\n<td>100%<\/td>\n<\/tr>\n<\/tbody>\n<\/table>\n<div>\u00a0<\/div>\n<div class=\"uabb-adv-accordion-button uabb-adv-accordion-button5b59bf7b13521 uabb-adv-after-text\">\n<h4 class=\"uabb-adv-accordion-button-label\">CONSEILS D'UTILISATION<\/h4>\n<\/div>\n<div class=\"uabb-adv-accordion-content uabb-adv-accordion-content5b59bf7b13521 fl-clearfix uabb-accordion-desc uabb-text-editor\">\n<p>Biofar Phyto D\u00e9fense est un compl\u00e9ment alimentaire r\u00e9serv\u00e9 \u00e0 l\u2019adulte.<\/p>\n<p>1 comprim\u00e9 2 fois par jour, apr\u00e8s un repas, \u00e0 dissoudre dans un grand verre d\u2019eau ti\u00e8de et \u00e0 boire imm\u00e9diatement apr\u00e8s dissolution.<\/p>\n<p><strong>Le plus\u00a0?<\/strong>\u00a0Un concentr\u00e9 de plantes fra\u00eeches pour renforcer votre immunit\u00e9 !<\/p>\n<p>Les produits Biofar Phyto sont\u00a0<strong>sans sucre, sans aspartame, sans colorant\u00a0<\/strong>et\u00a0<strong>au bon go\u00fbt fruit\u00e9.<\/strong><\/p>\n<p>Demandez conseil \u00e0 votre pharmacien ou \u00e0 votre m\u00e9decin.<\/p>\n<\/div>\n<\/div>","protected":false},"excerpt":{"rendered":"<div class=\"fl-module fl-module-heading fl-node-5b597ce00d6ac smooth majuscules\" data-node=\"5b597ce00d6ac\">\n<div class=\"fl-module-content fl-node-content\">\n<div class=\"woocommerce-product-details__short-description\">\n<p>D\u00c8S LES PREMIERS FRISSONS<\/p>\n<\/div>\n<\/div>\n<\/div>\n<div class=\"fl-module fl-module-fl-woo-product-description fl-node-5b5857323f430\" data-node=\"5b5857323f430\">\n<div class=\"fl-module-content fl-node-content\">\n<p>Le syst\u00e8me immunitaire est une\u00a0<strong>protection<\/strong>\u00a0indispensable pour votre corps, mais il est souvent mis \u00e0 mal par des facteurs\u00a0externes comme internes\u00a0! Certaines personnes sont par exemple plus fragiles selon leur\u00a0<strong>\u00e2ge<\/strong>\u00a0ou leur\u00a0<strong>condition physique<\/strong>.\u00a0<strong>L\u2019environnement<\/strong>\u00a0joue \u00e9galement un r\u00f4le d\u00e9cisif\u00a0:\u00a0<strong>le froid hivernal\u00a0<\/strong>ou la\u00a0<strong>proximit\u00e9<\/strong>\u00a0avec une personne malade peuvent mettre \u00e0 mal notre\u00a0<strong>syst\u00e8me immunitaire<\/strong>.<\/p>\n<p>Les Laboratoires Biofar ont con\u00e7u Biofar Phyto D\u00e9fense pour vous offrir le meilleur de la nature\u00a0<strong>d\u00e8s les premiers frissons<\/strong>\u00a0!\u00a0<strong>Propolis<\/strong>,\u00a0<strong>saule blanc<\/strong>,\u00a0<strong>ac\u00e9rola<\/strong>\u00a0mais aussi\u00a0<strong>zinc<\/strong>\u00a0et\u00a0<strong>vitamine C*<\/strong>\u00a0sont associ\u00e9s dans cette formule pour un syst\u00e8me immunitaire pr\u00e9serv\u00e9 et pleinement op\u00e9rationnel. Retrouvez cette association synergique d\u2019actifs dans les comprim\u00e9s des Laboratoires Biofar au bon go\u00fbt de\u00a0<strong>citron<\/strong>.<\/p>\n<p>*Le zinc et la vitamine C contribuent au fonctionnement normal du syst\u00e8me immunitaire<\/p>\n<\/div>\n<\/div>","protected":false},"featured_media":24451,"template":"","meta":{"arc_restricted_post":false},"product_cat":[338,49],"product_tag":[],"_links":{"self":[{"href":"https:\/\/www.sopha-sahara.com\/en\/wp-json\/wp\/v2\/product\/24419"}],"collection":[{"href":"https:\/\/www.sopha-sahara.com\/en\/wp-json\/wp\/v2\/product"}],"about":[{"href":"https:\/\/www.sopha-sahara.com\/en\/wp-json\/wp\/v2\/types\/product"}],"wp:featuredmedia":[{"embeddable":true,"href":"https:\/\/www.sopha-sahara.com\/en\/wp-json\/wp\/v2\/media\/24451"}],"wp:attachment":[{"href":"https:\/\/www.sopha-sahara.com\/en\/wp-json\/wp\/v2\/media?parent=24419"}],"wp:term":[{"taxonomy":"product_cat","embeddable":true,"href":"https:\/\/www.sopha-sahara.com\/en\/wp-json\/wp\/v2\/product_cat?post=24419"},{"taxonomy":"product_tag","embeddable":true,"href":"https:\/\/www.sopha-sahara.com\/en\/wp-json\/wp\/v2\/product_tag?post=24419"}],"curies":[{"name":"wp","href":"https:\/\/api.w.org\/{rel}","templated":true}]}}