{"id":24418,"date":"2020-12-18T13:11:01","date_gmt":"2020-12-18T12:11:01","guid":{"rendered":"https:\/\/www.interbusinesschamber.com\/produit\/carotenes-complex\/"},"modified":"2020-12-28T15:07:39","modified_gmt":"2020-12-28T14:07:39","slug":"carotenes-complex","status":"publish","type":"product","link":"https:\/\/www.sopha-sahara.com\/en\/product\/carotenes-complex\/","title":{"rendered":"CAROT\u00c8NES COMPLEX"},"content":{"rendered":"<div class=\"uabb-adv-accordion-item uabb-adv-accordion-item-active\" data-index=\"1\">\n<div class=\"uabb-adv-accordion-button uabb-adv-accordion-button5b59bf7b13521 uabb-adv-after-text\">\n<h4 class=\"uabb-adv-accordion-button-label\">COMPOSITION<\/h4>\n<\/div>\n<div class=\"uabb-adv-accordion-content uabb-adv-accordion-content5b59bf7b13521 fl-clearfix uabb-accordion-desc uabb-text-editor\">\n<table class=\"tableau_nutritionnel\">\n<tbody>\n<tr>\n<th>Analyse nutritionnelle<\/th>\n<th>Par comprim\u00e9<\/th>\n<th>AR<sup>*<\/sup><\/th>\n<\/tr>\n<tr>\n<td>B\u00eata-carot\u00e8ne<br \/>soit Vitamine A<br \/>Vitamine B1<br \/>Vitamine B2<br \/>Vitamine B3<br \/>Vitamine B5<br \/>Vitamine B6<br \/>Vitamine B8<br \/>Vitamine B9<br \/>Vitamine B12<br \/>Vitamine C<br \/>Vitamine E<\/td>\n<td>4,8 mg<br \/>800 \u00b5g ER<br \/>1,1 mg<br \/>1,4 mg<br \/>16 mg<br \/>6 mg<br \/>2 mg<br \/>100 \u00b5g<br \/>200 \u00b5g<br \/>2,5 \u00b5g<br \/>80 mg<br \/>12 mg<\/td>\n<td>-<br \/>100%<br \/>100%<br \/>100%<br \/>100%<br \/>100%<br \/>143%<br \/>200%<br \/>100%<br \/>100%<br \/>100%<br \/>100%<\/td>\n<\/tr>\n<tr>\n<td>Calcium<br \/>Zinc<br \/>Cuivre<br \/>S\u00e9l\u00e9nium<\/td>\n<td>200 mg<br \/>10 mg<br \/>1 mg<br \/>50 \u00b5g<\/td>\n<td>25%<br \/>100%<br \/>100%<br \/>91%<\/td>\n<\/tr>\n<tr>\n<td>Lut\u00e9ine<br \/>Lycop\u00e8ne<\/td>\n<td>1 mg<br \/>1 mg<\/td>\n<td>-<br \/>-<\/td>\n<\/tr>\n<\/tbody>\n<\/table>\n<p>&nbsp;<\/p>\n<\/div>\n<\/div>\n<div class=\"uabb-adv-accordion-item\" data-index=\"2\">\n<div class=\"uabb-adv-accordion-button uabb-adv-accordion-button5b59bf7b13521 uabb-adv-after-text\">\n<div class=\"uabb-adv-accordion-button uabb-adv-accordion-button5b59bf7b13521 uabb-adv-after-text\">\n<h4 class=\"uabb-adv-accordion-button-label\">CONSEILS D'UTILISATION<\/h4>\n<\/div>\n<div class=\"uabb-adv-accordion-content uabb-adv-accordion-content5b59bf7b13521 fl-clearfix uabb-accordion-desc uabb-text-editor\">\n<p>Carot\u00e8nes Complex est un compl\u00e9ment alimentaire r\u00e9serv\u00e9 \u00e0 l\u2019adulte.<\/p>\n<p>1 comprim\u00e9 par jour \u00e0 dissoudre dans un grand verre d\u2019eau, de pr\u00e9f\u00e9rence le matin apr\u00e8s le petit-d\u00e9jeuner. Programme \u00e0 d\u00e9buter 20 jours avant l\u2019exposition au soleil et \u00e0 poursuivre pendant et apr\u00e8s.<\/p>\n<p><strong>Le plus\u00a0?<\/strong>\u00a0Un seul comprim\u00e9 par jour pour votre exposition au soleil !<\/p>\n<p>Les produits Biofar Vital sont\u00a0<strong>sans sucre, sans aspartame, sans colorant\u00a0<\/strong>et\u00a0<strong>au bon go\u00fbt fruit\u00e9.<\/strong><\/p>\n<p>Demandez conseil \u00e0 votre pharmacien ou \u00e0 votre m\u00e9decin.<\/p>\n<\/div>\n<\/div>\n<\/div>","protected":false},"excerpt":{"rendered":"<div class=\"fl-module fl-module-heading fl-node-5b597ce00d6ac smooth majuscules\" data-node=\"5b597ce00d6ac\">\n<div class=\"fl-module-content fl-node-content\">\n<div class=\"woocommerce-product-details__short-description\">\n<p>POUR VOTRE EXPOSITION AU SOLEIL<\/p>\n<\/div>\n<\/div>\n<\/div>\n<div class=\"fl-module fl-module-fl-woo-product-description fl-node-5b5857323f430\" data-node=\"5b5857323f430\">\n<div class=\"fl-module-content fl-node-content\">\n<p>L\u2019\u00e9t\u00e9 arrive, et avec lui nos envies d\u2019exposition au soleil\u00a0! La pigmentation normale de la peau doit \u00eatre assur\u00e9e, et il est essentiel de veiller \u00e0 se prot\u00e9ger contre le vieillissement cellulaire. Les Laboratoires Biofar ont d\u00e9velopp\u00e9 pour vous \u00ab\u00a0<strong>Carot\u00e8nes Complex<\/strong>\u00a0\u00bb, une formule\u00a0<strong>synergique\u00a0<\/strong>au bon go\u00fbt\u00a0<strong>tropical<\/strong>.\u00a0Et si vous souhaitez en savoir plus, c\u2019est par\u00a0<a href=\"https:\/\/www.biofar.fr\/gamme\/antioxydant\/\">ici<\/a>\u00a0!<\/p>\n<p>Des dosages\u00a0<strong>optimaux<\/strong>\u00a0et\u00a0<strong>\u00e9quilibr\u00e9s\u00a0<\/strong>en actifs pour\u00a0<strong>pigmenter<\/strong>\u00a0la peau et la\u00a0<strong>prot\u00e9ger du stress oxydatif<\/strong>\u00a0caus\u00e9 par les UVs, des min\u00e9raux\u00a0<strong>100% organiques\u00a0<\/strong>\u2026 Les Laboratoires Biofar ont r\u00e9uni les \u00e9l\u00e9ments n\u00e9cessaires pour pr\u00e9parer votre peau au soleil. En effet, les vitamines C, E et les min\u00e9raux (zinc, s\u00e9l\u00e9nium) contenus dans \u00ab Carot\u00e8nes Complex \u00bb contribuent \u00e0\u00a0<strong>prot\u00e9ger les cellules du stress oxydatif.\u00a0<\/strong>Le cuivre contribue \u00e0 la pigmentation normale de la peau.<\/p>\n<\/div>\n<\/div>","protected":false},"featured_media":24439,"template":"","meta":{"arc_restricted_post":false},"product_cat":[338,49],"product_tag":[],"_links":{"self":[{"href":"https:\/\/www.sopha-sahara.com\/en\/wp-json\/wp\/v2\/product\/24418"}],"collection":[{"href":"https:\/\/www.sopha-sahara.com\/en\/wp-json\/wp\/v2\/product"}],"about":[{"href":"https:\/\/www.sopha-sahara.com\/en\/wp-json\/wp\/v2\/types\/product"}],"wp:featuredmedia":[{"embeddable":true,"href":"https:\/\/www.sopha-sahara.com\/en\/wp-json\/wp\/v2\/media\/24439"}],"wp:attachment":[{"href":"https:\/\/www.sopha-sahara.com\/en\/wp-json\/wp\/v2\/media?parent=24418"}],"wp:term":[{"taxonomy":"product_cat","embeddable":true,"href":"https:\/\/www.sopha-sahara.com\/en\/wp-json\/wp\/v2\/product_cat?post=24418"},{"taxonomy":"product_tag","embeddable":true,"href":"https:\/\/www.sopha-sahara.com\/en\/wp-json\/wp\/v2\/product_tag?post=24418"}],"curies":[{"name":"wp","href":"https:\/\/api.w.org\/{rel}","templated":true}]}}