{"id":24417,"date":"2020-12-18T13:11:01","date_gmt":"2020-12-18T12:11:01","guid":{"rendered":"https:\/\/www.interbusinesschamber.com\/produit\/vitamine-c-1000-mg\/"},"modified":"2020-12-28T15:20:18","modified_gmt":"2020-12-28T14:20:18","slug":"vitamine-c-1000-mg","status":"publish","type":"product","link":"https:\/\/www.sopha-sahara.com\/en\/product\/vitamine-c-1000-mg\/","title":{"rendered":"VITAMINE C 1000 MG"},"content":{"rendered":"<div class=\"uabb-adv-accordion-button uabb-adv-accordion-button5b59bf7b13521 uabb-adv-after-text\">\n<h4 class=\"uabb-adv-accordion-button-label\">COMPOSITION<\/h4>\n<\/div>\n<div class=\"uabb-adv-accordion-content uabb-adv-accordion-content5b59bf7b13521 fl-clearfix uabb-accordion-desc uabb-text-editor\">\n<table class=\"tableau_nutritionnel\">\n<tbody>\n<tr>\n<th>Analyse nutritionnelle<\/th>\n<th>Par comprim\u00e9<\/th>\n<th>AR<sup>*<\/sup><\/th>\n<\/tr>\n<tr>\n<td>Vitamine C<\/td>\n<td>1000 mg<\/td>\n<td>1250%<\/td>\n<\/tr>\n<\/tbody>\n<\/table>\n<div>\u00a0<\/div>\n<div class=\"uabb-adv-accordion-button uabb-adv-accordion-button5b59bf7b13521 uabb-adv-after-text\">\n<h4 class=\"uabb-adv-accordion-button-label\">CONSEILS D'UTILISATION<\/h4>\n<\/div>\n<div class=\"uabb-adv-accordion-content uabb-adv-accordion-content5b59bf7b13521 fl-clearfix uabb-accordion-desc uabb-text-editor\">\n<p>Vitamine C 1000 mg est un compl\u00e9ment alimentaire r\u00e9serv\u00e9 \u00e0 l\u2019adulte.<\/p>\n<p>1 comprim\u00e9 par jour \u00e0 dissoudre dans un grand verre d\u2019eau, de pr\u00e9f\u00e9rence le matin apr\u00e8s le petit-d\u00e9jeuner.<\/p>\n<p><strong>Le plus\u00a0?<\/strong>\u00a0Un seul comprim\u00e9 par jour pour l\u2019\u00e9nergie et l\u2019immunit\u00e9 !<\/p>\n<p>Les produits Biofar Vital sont\u00a0<strong>sans sucre, sans aspartame, sans colorant\u00a0<\/strong>et\u00a0<strong>au bon go\u00fbt fruit\u00e9.<\/strong><\/p>\n<p>Demandez conseil \u00e0 votre pharmacien ou \u00e0 votre m\u00e9decin.<\/p>\n<\/div>\n<\/div>","protected":false},"excerpt":{"rendered":"<div class=\"fl-module fl-module-heading fl-node-5b597ce00d6ac smooth majuscules\" data-node=\"5b597ce00d6ac\">\n<div class=\"fl-module-content fl-node-content\">\n<div class=\"woocommerce-product-details__short-description\">\n<p>POUR L\u2019\u00c9NERGIE ET L\u2019IMMUNIT\u00c9<\/p>\n<\/div>\n<\/div>\n<\/div>\n<div class=\"fl-module fl-module-fl-woo-product-description fl-node-5b5857323f430\" data-node=\"5b5857323f430\">\n<div class=\"fl-module-content fl-node-content\">\n<p>Fatigue extr\u00eame\u00a0? Changement de saison\u00a0? Vous manquez d\u2019\u00e9nergie et souhaitez aider votre syst\u00e8me immunitaire \u00e0 lutter contre les agressions hivernales ? Les Laboratoires Biofar ont d\u00e9velopp\u00e9 pour vous \u00ab\u00a0<strong>Vitamine C 1000 mg<\/strong>\u00a0\u00bb, une formule\u00a0<strong>riche\u00a0<\/strong>au bon go\u00fbt d\u2019<strong>agrumes<\/strong>, sp\u00e9cialement con\u00e7ue pour booster votre \u00e9nergie et optimiser votre immunit\u00e9.<\/p>\n<p>Un dosage\u00a0<strong>optimal<\/strong>\u00a0en vitamine C. Les Laboratoires Biofar ont r\u00e9uni les \u00e9l\u00e9ments n\u00e9cessaires pour l\u2019\u00e9nergie et l\u2019immunit\u00e9 ! En effet, la\u00a0<strong>vitamine C<\/strong>\u00a0participe au fonctionnement normal du\u00a0<strong>syst\u00e8me immunitaire\u00a0<\/strong>et \u00e0\u00a0<strong>r\u00e9duire votre \u00e9tat de fatigue<\/strong>\u00a0!<\/p>\n<\/div>\n<\/div>","protected":false},"featured_media":24457,"template":"","meta":{"arc_restricted_post":false},"product_cat":[338,49],"product_tag":[],"_links":{"self":[{"href":"https:\/\/www.sopha-sahara.com\/en\/wp-json\/wp\/v2\/product\/24417"}],"collection":[{"href":"https:\/\/www.sopha-sahara.com\/en\/wp-json\/wp\/v2\/product"}],"about":[{"href":"https:\/\/www.sopha-sahara.com\/en\/wp-json\/wp\/v2\/types\/product"}],"wp:featuredmedia":[{"embeddable":true,"href":"https:\/\/www.sopha-sahara.com\/en\/wp-json\/wp\/v2\/media\/24457"}],"wp:attachment":[{"href":"https:\/\/www.sopha-sahara.com\/en\/wp-json\/wp\/v2\/media?parent=24417"}],"wp:term":[{"taxonomy":"product_cat","embeddable":true,"href":"https:\/\/www.sopha-sahara.com\/en\/wp-json\/wp\/v2\/product_cat?post=24417"},{"taxonomy":"product_tag","embeddable":true,"href":"https:\/\/www.sopha-sahara.com\/en\/wp-json\/wp\/v2\/product_tag?post=24417"}],"curies":[{"name":"wp","href":"https:\/\/api.w.org\/{rel}","templated":true}]}}