{"id":24416,"date":"2020-12-18T13:11:01","date_gmt":"2020-12-18T12:11:01","guid":{"rendered":"https:\/\/www.interbusinesschamber.com\/produit\/magnesium-vitamine-b6\/"},"modified":"2021-02-19T12:16:21","modified_gmt":"2021-02-19T11:16:21","slug":"magnesium-vitamine-b6","status":"publish","type":"product","link":"https:\/\/www.sopha-sahara.com\/en\/product\/magnesium-vitamine-b6\/","title":{"rendered":"MAGN\u00c9SIUM VITAMINE B6"},"content":{"rendered":"<div class=\"uabb-adv-accordion-button uabb-adv-accordion-button5b59bf7b13521 uabb-adv-after-text\">\n<h4 class=\"uabb-adv-accordion-button-label\">COMPOSITION<\/h4>\n<\/div>\n<div class=\"uabb-adv-accordion-content uabb-adv-accordion-content5b59bf7b13521 fl-clearfix uabb-accordion-desc uabb-text-editor\">\n<table class=\"tableau_nutritionnel\">\n<tbody>\n<tr>\n<th>Analyse nutritionnelle<\/th>\n<th>Par comprim\u00e9<\/th>\n<th>AR<sup>*<\/sup><\/th>\n<\/tr>\n<tr>\n<td>Magn\u00e9sium<\/td>\n<td>200 mg<\/td>\n<td>53%<\/td>\n<\/tr>\n<tr>\n<td>Vitamine B1<br \/>Vitamine B2<br \/>Vitamine B6<br \/>Vitamine B12<\/td>\n<td>1,4 mg<br \/>1,6 mg<br \/>2 mg<br \/>1 \u00b5g<\/td>\n<td>127%<br \/>114%<br \/>143%<br \/>40%<\/td>\n<\/tr>\n<\/tbody>\n<\/table>\n<\/div>\n<div class=\"uabb-adv-accordion-button uabb-adv-accordion-button5b59bf7b13521 uabb-adv-after-text\">\n<h4>\u00a0<\/h4>\n<h4 class=\"uabb-adv-accordion-button-label\">CONSEILS D'UTILISATION<\/h4>\n<\/div>\n<div class=\"uabb-adv-accordion-content uabb-adv-accordion-content5b59bf7b13521 fl-clearfix uabb-accordion-desc uabb-text-editor\">\n<p>Magn\u00e9sium\u00a0Vitamine B6 est un compl\u00e9ment alimentaire r\u00e9serv\u00e9 \u00e0 l\u2019adulte.<\/p>\n<p>1 comprim\u00e9 par jour \u00e0 dissoudre dans un grand verre d\u2019eau, de pr\u00e9f\u00e9rence au cours d\u2019un repas.<\/p>\n<p><strong>Le plus\u00a0?<\/strong>\u00a0Un seul comprim\u00e9 par jour pour un bon fonctionnement du syst\u00e8me nerveux !<\/p>\n<p>Les produits Biofar Vital sont\u00a0<strong>sans sucre, sans aspartame, sans colorant\u00a0<\/strong>et\u00a0<strong>au bon go\u00fbt fruit\u00e9.<\/strong><\/p>\n<p>Demandez conseil \u00e0 votre pharmacien ou \u00e0 votre m\u00e9decin.<\/p>\n<\/div>","protected":false},"excerpt":{"rendered":"<div class=\"fl-module fl-module-heading fl-node-5b597ce00d6ac smooth majuscules\" data-node=\"5b597ce00d6ac\">\n<div class=\"fl-module-content fl-node-content\">\n<div class=\"woocommerce-product-details__short-description\">\n<p>POUR UN BON FONCTIONNEMENT DU SYST\u00c8ME NERVEUX<\/p>\n<\/div>\n<\/div>\n<\/div>\n<div class=\"fl-module fl-module-fl-woo-product-description fl-node-5b5857323f430\" data-node=\"5b5857323f430\">\n<div class=\"fl-module-content fl-node-content\">\n<p>En cas de fatigue ou de surmenage, les \u00e9motions peuvent rapidement prendre le dessus. Envie de garder le cap\u00a0? Les Laboratoires Biofar ont d\u00e9velopp\u00e9 pour vous \u00ab\u00a0<strong>Magn\u00e9sium Vitamine B6<\/strong>\u00a0\u00bb, formule\u00a0<strong>riche et synergique<\/strong><strong>\u00a0<\/strong>au bon go\u00fbt\u00a0<strong>passion<\/strong>, pour donner le meilleur de vous-m\u00eame.<\/p>\n<p>Des dosages\u00a0<strong>optimaux<\/strong>\u00a0et\u00a0<strong>\u00e9quilibr\u00e9s<\/strong>\u00a0en\u00a0<strong>magn\u00e9sium organique<\/strong>\u00a0et\u00a0<strong>vitamines du groupe B\u2026<\/strong>\u00a0Les Laboratoires Biofar ont r\u00e9uni les \u00e9l\u00e9ments n\u00e9cessaires pour garder le contr\u00f4le. En effet, le\u00a0<strong>magn\u00e9sium et\u00a0<\/strong>les\u00a0<strong>vitamines B2, B6 et B12<\/strong>\u00a0participent au\u00a0<strong>bon fonctionnement de votre syst\u00e8me nerveux<\/strong>. Et ce n\u2019est pas tout\u00a0! Le magn\u00e9sium contribue \u00e9galement \u00e0 la\u00a0<strong>r\u00e9duction de votre \u00e9tat de fatigue<\/strong>, le tout avec une formulation optimale. En effet, la source organique de magn\u00e9sium choisie par les Laboratoires Biofar est\u00a0<strong>beaucoup plus<\/strong>\u00a0<strong>biodisponible<\/strong>\u00a0que sa source inorganique.<\/p>\n<\/div>\n<\/div>","protected":false},"featured_media":30390,"template":"","meta":{"arc_restricted_post":false},"product_cat":[338,49],"product_tag":[],"_links":{"self":[{"href":"https:\/\/www.sopha-sahara.com\/en\/wp-json\/wp\/v2\/product\/24416"}],"collection":[{"href":"https:\/\/www.sopha-sahara.com\/en\/wp-json\/wp\/v2\/product"}],"about":[{"href":"https:\/\/www.sopha-sahara.com\/en\/wp-json\/wp\/v2\/types\/product"}],"wp:featuredmedia":[{"embeddable":true,"href":"https:\/\/www.sopha-sahara.com\/en\/wp-json\/wp\/v2\/media\/30390"}],"wp:attachment":[{"href":"https:\/\/www.sopha-sahara.com\/en\/wp-json\/wp\/v2\/media?parent=24416"}],"wp:term":[{"taxonomy":"product_cat","embeddable":true,"href":"https:\/\/www.sopha-sahara.com\/en\/wp-json\/wp\/v2\/product_cat?post=24416"},{"taxonomy":"product_tag","embeddable":true,"href":"https:\/\/www.sopha-sahara.com\/en\/wp-json\/wp\/v2\/product_tag?post=24416"}],"curies":[{"name":"wp","href":"https:\/\/api.w.org\/{rel}","templated":true}]}}