{"id":24415,"date":"2020-12-18T13:11:00","date_gmt":"2020-12-18T12:11:00","guid":{"rendered":"https:\/\/www.interbusinesschamber.com\/produit\/zinc-vitamine-c\/"},"modified":"2020-12-28T15:20:28","modified_gmt":"2020-12-28T14:20:28","slug":"zinc-vitamine-c","status":"publish","type":"product","link":"https:\/\/www.sopha-sahara.com\/en\/product\/zinc-vitamine-c\/","title":{"rendered":"ZINC VITAMINE C"},"content":{"rendered":"<div class=\"uabb-adv-accordion-button uabb-adv-accordion-button5b59bf7b13521 uabb-adv-after-text\">\n<h4 class=\"uabb-adv-accordion-button-label\">COMPOSITION<\/h4>\n<\/div>\n<div class=\"uabb-adv-accordion-content uabb-adv-accordion-content5b59bf7b13521 fl-clearfix uabb-accordion-desc uabb-text-editor\">\n<table class=\"tableau_nutritionnel\">\n<tbody>\n<tr>\n<th>Analyse nutritionnelle<\/th>\n<th>Par comprim\u00e9<\/th>\n<th>AR<sup>*<\/sup><\/th>\n<\/tr>\n<tr>\n<td>Poudre d'ac\u00e9rola<br \/>dont Vitamine C<\/td>\n<td>500 mg<br \/>120 mg<\/td>\n<td>-<br \/>150%<\/td>\n<\/tr>\n<tr>\n<td>Zinc<\/td>\n<td>15 mg<\/td>\n<td>150%<\/td>\n<\/tr>\n<\/tbody>\n<\/table>\n<div>\u00a0<\/div>\n<div class=\"uabb-adv-accordion-button uabb-adv-accordion-button5b59bf7b13521 uabb-adv-after-text\">\n<h4 class=\"uabb-adv-accordion-button-label\">CONSEILS D'UTILISATION<\/h4>\n<\/div>\n<div class=\"uabb-adv-accordion-content uabb-adv-accordion-content5b59bf7b13521 fl-clearfix uabb-accordion-desc uabb-text-editor\">\n<p>Zinc Vitamine C est un compl\u00e9ment alimentaire r\u00e9serv\u00e9 \u00e0 l\u2019adulte.<\/p>\n<p>1 comprim\u00e9 par jour \u00e0 dissoudre dans un grand verre d\u2019eau, de pr\u00e9f\u00e9rence le matin apr\u00e8s le petit-d\u00e9jeuner.<\/p>\n<p><strong>Le plus\u00a0?<\/strong>\u00a0Un seul comprim\u00e9 par jour pour votre syst\u00e8me immunitaire !<\/p>\n<p>Les produits Biofar Vital sont\u00a0<strong>sans sucre, sans aspartame, sans colorant\u00a0<\/strong>et\u00a0<strong>au bon go\u00fbt fruit\u00e9.<\/strong><\/p>\n<p>Demandez conseil \u00e0 votre pharmacien ou \u00e0 votre m\u00e9decin.<\/p>\n<\/div>\n<\/div>","protected":false},"excerpt":{"rendered":"<div class=\"fl-module fl-module-heading fl-node-5b597ce00d6ac smooth majuscules\" data-node=\"5b597ce00d6ac\">\n<div class=\"fl-module-content fl-node-content\">\n<div class=\"woocommerce-product-details__short-description\">\n<p>POUR VOTRE SYST\u00c8ME IMMUNITAIRE<\/p>\n<\/div>\n<\/div>\n<\/div>\n<div class=\"fl-module fl-module-fl-woo-product-description fl-node-5b5857323f430\" data-node=\"5b5857323f430\">\n<div class=\"fl-module-content fl-node-content\">\n<p>Toute l\u2019ann\u00e9e, votre corps subit des agressions ext\u00e9rieures (froid, pollution\u2026). Les cons\u00e9quences\u00a0? Rhumes, coups de mou, acn\u00e9, peau, ongles et cheveux fragiles\u2026 Ne vous laissez pas submerger\u00a0! Les Laboratoires Biofar ont d\u00e9velopp\u00e9 pour vous \u00ab\u00a0<strong>Zinc Vitamine C<\/strong>\u00a0\u00bb, une formule\u00a0<strong>synergique<\/strong><strong>\u00a0<\/strong>au bon go\u00fbt d\u2019<strong>agrumes<\/strong>, pour soutenir votre syst\u00e8me immunitaire.<\/p>\n<p>Des dosages\u00a0<strong>optimaux<\/strong>\u00a0et\u00a0<strong>\u00e9quilibr\u00e9s\u00a0<\/strong>en zinc\u00a0<strong>100 % organique<\/strong>\u00a0et en vitamine C\u00a0<strong>naturelle<\/strong>.\u2026 Les Laboratoires Biofar ont r\u00e9uni les \u00e9l\u00e9ments n\u00e9cessaires pour aider votre organisme \u00e0 se d\u00e9fendre. En effet, la\u00a0<strong>vitamine C\u00a0<\/strong>et le<strong>\u00a0zinc<\/strong>\u00a0participent au\u00a0<strong>fonctionnement normal du syst\u00e8me immunitaire.\u00a0<\/strong>Le zinc intervient de plus dans la\u00a0<strong>fertilit\u00e9<\/strong>, la\u00a0<strong>reproduction normale<\/strong>\u00a0et participe au maintien d\u2019une\u00a0<strong>peau<\/strong>, d\u2019<strong>ongles<\/strong>\u00a0et de\u00a0<strong>cheveux normaux.<\/strong><\/p>\n<\/div>\n<\/div>","protected":false},"featured_media":24461,"template":"","meta":{"arc_restricted_post":false},"product_cat":[338,49],"product_tag":[],"_links":{"self":[{"href":"https:\/\/www.sopha-sahara.com\/en\/wp-json\/wp\/v2\/product\/24415"}],"collection":[{"href":"https:\/\/www.sopha-sahara.com\/en\/wp-json\/wp\/v2\/product"}],"about":[{"href":"https:\/\/www.sopha-sahara.com\/en\/wp-json\/wp\/v2\/types\/product"}],"wp:featuredmedia":[{"embeddable":true,"href":"https:\/\/www.sopha-sahara.com\/en\/wp-json\/wp\/v2\/media\/24461"}],"wp:attachment":[{"href":"https:\/\/www.sopha-sahara.com\/en\/wp-json\/wp\/v2\/media?parent=24415"}],"wp:term":[{"taxonomy":"product_cat","embeddable":true,"href":"https:\/\/www.sopha-sahara.com\/en\/wp-json\/wp\/v2\/product_cat?post=24415"},{"taxonomy":"product_tag","embeddable":true,"href":"https:\/\/www.sopha-sahara.com\/en\/wp-json\/wp\/v2\/product_tag?post=24415"}],"curies":[{"name":"wp","href":"https:\/\/api.w.org\/{rel}","templated":true}]}}