{"id":24413,"date":"2020-12-18T13:11:00","date_gmt":"2020-12-18T12:11:00","guid":{"rendered":"https:\/\/www.interbusinesschamber.com\/produit\/calcium-vitamine-d3\/"},"modified":"2020-12-28T15:06:32","modified_gmt":"2020-12-28T14:06:32","slug":"calcium-vitamine-d3","status":"publish","type":"product","link":"https:\/\/www.sopha-sahara.com\/en\/product\/calcium-vitamine-d3\/","title":{"rendered":"CALCIUM VITAMINE D3"},"content":{"rendered":"<div class=\"uabb-adv-accordion-button uabb-adv-accordion-button5b59bf7b13521 uabb-adv-after-text\">\n<h4 class=\"uabb-adv-accordion-button-label\">COMPOSITION<\/h4>\n<\/div>\n<div class=\"uabb-adv-accordion-content uabb-adv-accordion-content5b59bf7b13521 fl-clearfix uabb-accordion-desc uabb-text-editor\">\n<table class=\"tableau_nutritionnel\">\n<tbody>\n<tr>\n<th>Analyse nutritionnelle<\/th>\n<th>Par comprim\u00e9<\/th>\n<th>AR<sup>*<\/sup><\/th>\n<\/tr>\n<tr>\n<td>Calcium<\/td>\n<td>500 mg<\/td>\n<td>62%<\/td>\n<\/tr>\n<tr>\n<td>Vitamine C<br \/>Vitamine D3<\/td>\n<td>60 mg<br \/>5 \u00b5g<\/td>\n<td>75%<br \/>100%<\/td>\n<\/tr>\n<\/tbody>\n<\/table>\n<div class=\"uabb-adv-accordion-button uabb-adv-accordion-button5b59bf7b13521 uabb-adv-after-text\">\n<h4>\u00a0<\/h4>\n<h4 class=\"uabb-adv-accordion-button-label\">CONSEILS D'UTILISATION<\/h4>\n<\/div>\n<div class=\"uabb-adv-accordion-content uabb-adv-accordion-content5b59bf7b13521 fl-clearfix uabb-accordion-desc uabb-text-editor\">\n<p>Calcium Vitamine D3 est un compl\u00e9ment alimentaire r\u00e9serv\u00e9 \u00e0 l\u2019adulte et l\u2019enfant \u00e0 partir de 6 ans.<\/p>\n<p>1 comprim\u00e9 par jour \u00e0 dissoudre dans un grand verre d\u2019eau, le soir apr\u00e8s le repas.<\/p>\n<p><strong>Le plus\u00a0?<\/strong>\u00a0Un seul comprim\u00e9 par jour pour votre capital osseux !<\/p>\n<p>Les produits Biofar Vital sont\u00a0<strong>sans sucre, sans aspartame, sans colorant\u00a0<\/strong>et\u00a0<strong>au bon go\u00fbt fruit\u00e9.<\/strong><\/p>\n<p>Demandez conseil \u00e0 votre pharmacien ou \u00e0 votre m\u00e9decin.<\/p>\n<\/div>\n<\/div>","protected":false},"excerpt":{"rendered":"<div class=\"fl-module fl-module-heading fl-node-5b597ce00d6ac smooth majuscules\" data-node=\"5b597ce00d6ac\">\n<div class=\"fl-module-content fl-node-content\">\n<div class=\"woocommerce-product-details__short-description\">\n<p>POUR VOTRE CAPITAL OSSEUX<\/p>\n<\/div>\n<\/div>\n<\/div>\n<div class=\"fl-module fl-module-fl-woo-product-description fl-node-5b5857323f430\" data-node=\"5b5857323f430\">\n<div class=\"fl-module-content fl-node-content\">\n<p>Que ce soit en p\u00e9riode de croissance ou de grossesse, maintenir une solide ossature n\u00e9cessite des apports suffisants en calcium et en vitamine D. Les Laboratoires Biofar ont d\u00e9velopp\u00e9 pour vous \u00ab\u00a0<strong>Calcium Vitamine D3<\/strong>\u00a0\u00bb, formule\u00a0<strong>riche et synergique<\/strong><strong>\u00a0<\/strong>au bon go\u00fbt d\u2019<strong>agrumes<\/strong>, pour pr\u00e9server votre capital osseux.<\/p>\n<p>Des dosages\u00a0<strong>optimaux<\/strong>\u00a0et\u00a0<strong>\u00e9quilibr\u00e9s\u00a0<\/strong>en calcium avec des sources<strong>\u00a0organiques\u00a0<\/strong>(d\u2019une biodisponibilit\u00e9 accrue), en vitamine D3 et en vitamine C\u2026 Les Laboratoires Biofar ont r\u00e9uni les \u00e9l\u00e9ments n\u00e9cessaires pour pr\u00e9server et soutenir votre capital osseux. En effet,\u00a0<strong>le calcium et la vitamine D3<\/strong>\u00a0participent au maintien d\u2019une ossature et d\u2019une dentition normales.<\/p>\n<\/div>\n<\/div>","protected":false},"featured_media":24437,"template":"","meta":{"arc_restricted_post":false},"product_cat":[338,49],"product_tag":[],"_links":{"self":[{"href":"https:\/\/www.sopha-sahara.com\/en\/wp-json\/wp\/v2\/product\/24413"}],"collection":[{"href":"https:\/\/www.sopha-sahara.com\/en\/wp-json\/wp\/v2\/product"}],"about":[{"href":"https:\/\/www.sopha-sahara.com\/en\/wp-json\/wp\/v2\/types\/product"}],"wp:featuredmedia":[{"embeddable":true,"href":"https:\/\/www.sopha-sahara.com\/en\/wp-json\/wp\/v2\/media\/24437"}],"wp:attachment":[{"href":"https:\/\/www.sopha-sahara.com\/en\/wp-json\/wp\/v2\/media?parent=24413"}],"wp:term":[{"taxonomy":"product_cat","embeddable":true,"href":"https:\/\/www.sopha-sahara.com\/en\/wp-json\/wp\/v2\/product_cat?post=24413"},{"taxonomy":"product_tag","embeddable":true,"href":"https:\/\/www.sopha-sahara.com\/en\/wp-json\/wp\/v2\/product_tag?post=24413"}],"curies":[{"name":"wp","href":"https:\/\/api.w.org\/{rel}","templated":true}]}}