{"id":24412,"date":"2020-12-18T13:11:00","date_gmt":"2020-12-18T12:11:00","guid":{"rendered":"https:\/\/www.interbusinesschamber.com\/produit\/multivitamines\/"},"modified":"2020-12-28T15:10:57","modified_gmt":"2020-12-28T14:10:57","slug":"multivitamines","status":"publish","type":"product","link":"https:\/\/www.sopha-sahara.com\/en\/product\/multivitamines\/","title":{"rendered":"MULTIVITAMINES"},"content":{"rendered":"<div class=\"uabb-adv-accordion-button uabb-adv-accordion-button5b59bf7b13521 uabb-adv-after-text\">\n<h4 class=\"uabb-adv-accordion-button-label\">COMPOSITION<\/h4>\n<\/div>\n<div class=\"uabb-adv-accordion-content uabb-adv-accordion-content5b59bf7b13521 fl-clearfix uabb-accordion-desc uabb-text-editor\">\n<table class=\"tableau_nutritionnel\">\n<tbody>\n<tr>\n<th>Analyse nutritionnelle<\/th>\n<th>Par comprim\u00e9<\/th>\n<th>AR<sup>*<\/sup><\/th>\n<\/tr>\n<tr>\n<td>Vitamine A<br \/>Vitamine B1<br \/>Vitamine B2<br \/>Vitamine B3<br \/>Vitamine B5<br \/>Vitamine B6<br \/>Vitamine B8<br \/>Vitamine B9<br \/>Vitamine B12<br \/>Vitamine C<br \/>Vitamine D3<br \/>Vitamine E<\/td>\n<td>800 \u00b5g<br \/>1,4 mg<br \/>1,6 mg<br \/>18 mg<br \/>6 mg<br \/>2 mg<br \/>150 \u00b5g<br \/>200 \u00b5g<br \/>1 \u00b5g<br \/>60 mg<br \/>5 \u00b5g<br \/>10 mg<\/td>\n<td>100%<br \/>127%<br \/>114%<br \/>113%<br \/>100%<br \/>143%<br \/>300%<br \/>100%<br \/>40%<br \/>75%<br \/>100%<br \/>83%<\/td>\n<\/tr>\n<\/tbody>\n<\/table>\n<div>\u00a0<\/div>\n<div class=\"uabb-adv-accordion-button uabb-adv-accordion-button5b59bf7b13521 uabb-adv-after-text\">\n<h4 class=\"uabb-adv-accordion-button-label\">CONSEILS D'UTILISATION<\/h4>\n<\/div>\n<div class=\"uabb-adv-accordion-content uabb-adv-accordion-content5b59bf7b13521 fl-clearfix uabb-accordion-desc uabb-text-editor\">\n<p>Multivitamines est un compl\u00e9ment alimentaire r\u00e9serv\u00e9 \u00e0 l\u2019adulte.<\/p>\n<p>1 comprim\u00e9 par jour \u00e0 dissoudre dans un grand verre d\u2019eau, de pr\u00e9f\u00e9rence le matin apr\u00e8s le petit-d\u00e9jeuner.<\/p>\n<p><strong>Le plus\u00a0?<\/strong>\u00a0Un seul comprim\u00e9 par jour pour plus de vitalit\u00e9 !<\/p>\n<p>Les produits Biofar Vital sont\u00a0<strong>sans sucre, sans aspartame, sans colorant\u00a0<\/strong>et\u00a0<strong>au bon go\u00fbt fruit\u00e9.<\/strong><\/p>\n<p>Demandez conseil \u00e0 votre pharmacien ou \u00e0 votre m\u00e9decin.<\/p>\n<\/div>\n<\/div>","protected":false},"excerpt":{"rendered":"<div class=\"fl-module fl-module-heading fl-node-5b597ce00d6ac smooth majuscules\" data-node=\"5b597ce00d6ac\">\n<div class=\"fl-module-content fl-node-content\">\n<div class=\"woocommerce-product-details__short-description\">\n<p>POUR PLUS DE VITALIT\u00c9<\/p>\n<\/div>\n<\/div>\n<\/div>\n<div class=\"fl-module fl-module-fl-woo-product-description fl-node-5b5857323f430\" data-node=\"5b5857323f430\">\n<div class=\"fl-module-content fl-node-content\">\n<p>Travail, sport, famille\u2026 Tenir le rythme n\u2019est pas toujours \u00e9vident avec un quotidien bien rempli. \u00a0Besoin d\u2019un coup de boost ou tout simplement de retrouver sa vitalit\u00e9 naturelle\u00a0? Les Laboratoires Biofar ont d\u00e9velopp\u00e9 pour vous \u00ab\u00a0<strong>Multivitamines<\/strong>\u00a0\u00bb, une formule\u00a0<strong>riche\u00a0<\/strong>au bon go\u00fbt d\u2019<strong>agrumes<\/strong>, pour faire le plein d\u2019\u00e9nergie.<\/p>\n<p>Des dosages\u00a0<strong>optimaux<\/strong>\u00a0et\u00a0<strong>\u00e9quilibr\u00e9s<\/strong>\u2026 Les Laboratoires Biofar ont r\u00e9uni les vitamines n\u00e9cessaires \u00e0 votre vitalit\u00e9 quotidienne. \u00a0En effet, les actifs de cette formule contribuent\u00a0\u00e0 r\u00e9duire la fatigue (vitamines B2, B3, B5, B6, B9, B12 et C) et soutiennent un m\u00e9tabolisme \u00e9nerg\u00e9tique normal (vitamines B1, B2, B3, B5, B6, B8, B12 et C).<\/p>\n<\/div>\n<\/div>","protected":false},"featured_media":24450,"template":"","meta":{"arc_restricted_post":false},"product_cat":[338,49],"product_tag":[],"_links":{"self":[{"href":"https:\/\/www.sopha-sahara.com\/en\/wp-json\/wp\/v2\/product\/24412"}],"collection":[{"href":"https:\/\/www.sopha-sahara.com\/en\/wp-json\/wp\/v2\/product"}],"about":[{"href":"https:\/\/www.sopha-sahara.com\/en\/wp-json\/wp\/v2\/types\/product"}],"wp:featuredmedia":[{"embeddable":true,"href":"https:\/\/www.sopha-sahara.com\/en\/wp-json\/wp\/v2\/media\/24450"}],"wp:attachment":[{"href":"https:\/\/www.sopha-sahara.com\/en\/wp-json\/wp\/v2\/media?parent=24412"}],"wp:term":[{"taxonomy":"product_cat","embeddable":true,"href":"https:\/\/www.sopha-sahara.com\/en\/wp-json\/wp\/v2\/product_cat?post=24412"},{"taxonomy":"product_tag","embeddable":true,"href":"https:\/\/www.sopha-sahara.com\/en\/wp-json\/wp\/v2\/product_tag?post=24412"}],"curies":[{"name":"wp","href":"https:\/\/api.w.org\/{rel}","templated":true}]}}