{"id":24411,"date":"2020-12-18T13:11:00","date_gmt":"2020-12-18T12:11:00","guid":{"rendered":"https:\/\/www.interbusinesschamber.com\/produit\/chrome-complex\/"},"modified":"2020-12-28T15:07:52","modified_gmt":"2020-12-28T14:07:52","slug":"chrome-complex","status":"publish","type":"product","link":"https:\/\/www.sopha-sahara.com\/en\/product\/chrome-complex\/","title":{"rendered":"CHROME COMPLEX"},"content":{"rendered":"<div class=\"uabb-adv-accordion-button uabb-adv-accordion-button5b59bf7b13521 uabb-adv-after-text\">\n<h4 class=\"uabb-adv-accordion-button-label\">COMPOSITION<\/h4>\n<\/div>\n<div class=\"uabb-adv-accordion-content uabb-adv-accordion-content5b59bf7b13521 fl-clearfix uabb-accordion-desc uabb-text-editor\">\n<table class=\"tableau_nutritionnel\">\n<tbody>\n<tr>\n<th>Analyse nutritionnelle<\/th>\n<th>Par comprim\u00e9<\/th>\n<th>AR<sup>*<\/sup><\/th>\n<\/tr>\n<tr>\n<td>Chrome<br \/>Zinc<br \/>Mangan\u00e8se<\/td>\n<td>100 \u00b5g<br \/>15 mg<br \/>2 mg<\/td>\n<td>250%<br \/>150%<br \/>100%<\/td>\n<\/tr>\n<tr>\n<td>Vitamine A<br \/>Vitamine B1<br \/>Vitamine B2<br \/>Vitamine B3<br \/>Vitamine B5<br \/>Vitamine B6<br \/>Vitamine B8<br \/>Vitamine B9<br \/>Vitamine B12<br \/>Vitamine C<br \/>Vitamine E<\/td>\n<td>800 \u00b5g<br \/>1,4 mg<br \/>1,6 mg<br \/>18 mg<br \/>6 mg<br \/>2 mg<br \/>150 \u00b5g<br \/>200 \u00b5g<br \/>1 \u00b5g<br \/>60 mg<br \/>10 mg<\/td>\n<td>100%<br \/>127%<br \/>114%<br \/>113%<br \/>100%<br \/>143%<br \/>300%<br \/>100%<br \/>40%<br \/>75%<br \/>83%<\/td>\n<\/tr>\n<\/tbody>\n<\/table>\n<p>&nbsp;<\/p>\n<div class=\"uabb-adv-accordion-button uabb-adv-accordion-button5b59bf7b13521 uabb-adv-after-text\">\n<h4 class=\"uabb-adv-accordion-button-label\">CONSEILS D'UTILISATION<\/h4>\n<\/div>\n<div class=\"uabb-adv-accordion-content uabb-adv-accordion-content5b59bf7b13521 fl-clearfix uabb-accordion-desc uabb-text-editor\">\n<p>Chrome Complex est un compl\u00e9ment alimentaire r\u00e9serv\u00e9 \u00e0 l\u2019adulte.<\/p>\n<p>1 comprim\u00e9 par jour \u00e0 dissoudre dans un grand verre d\u2019eau, de pr\u00e9f\u00e9rence le matin apr\u00e8s le petit-d\u00e9jeuner.<\/p>\n<p><strong>Le plus\u00a0?<\/strong>\u00a0Un seul comprim\u00e9 par jour pour votre m\u00e9tabolisme glucidique !<\/p>\n<p>Les produits Biofar Vital sont\u00a0<strong>sans sucre, sans aspartame, sans colorant\u00a0<\/strong>et\u00a0<strong>au bon go\u00fbt fruit\u00e9.<\/strong><\/p>\n<p>Demandez conseil \u00e0 votre pharmacien ou \u00e0 votre m\u00e9decin.<\/p>\n<\/div>\n<\/div>","protected":false},"excerpt":{"rendered":"<div class=\"fl-module fl-module-heading fl-node-5b597ce00d6ac smooth majuscules\" data-node=\"5b597ce00d6ac\">\n<div class=\"fl-module-content fl-node-content\">\n<div class=\"woocommerce-product-details__short-description\">\n<p>POUR VOTRE M\u00c9TABOLISME GLUCIDIQUE<\/p>\n<\/div>\n<\/div>\n<\/div>\n<div class=\"fl-module fl-module-fl-woo-product-description fl-node-5b5857323f430\" data-node=\"5b5857323f430\">\n<div class=\"fl-module-content fl-node-content\">\n<p>Notre organisme contr\u00f4le constamment notre glyc\u00e9mie pour assurer une valeur fixe du glucose sanguin, v\u00e9ritable carburant de notre corps. Mais certains facteurs peuvent perturber cette stabilit\u00e9\u00a0comme le diab\u00e8te ou une activit\u00e9 physique r\u00e9guli\u00e8re. Vous souhaitez garder la ma\u00eetrise du carburant de votre cerveau et de vos muscles\u00a0?\u00a0 Les Laboratoires Biofar ont d\u00e9velopp\u00e9 pour vous \u00ab\u00a0<strong>Chrome Complex<\/strong>\u00a0\u00bb, une formule\u00a0<strong>synergique<\/strong><strong>\u00a0<\/strong>au bon go\u00fbt\u00a0<strong>tropical<\/strong>, pour reprendre le contr\u00f4le de votre m\u00e9tabolisme glucidique.<\/p>\n<p>Des dosages\u00a0<strong>optimaux<\/strong>\u00a0et\u00a0<strong>\u00e9quilibr\u00e9s\u00a0<\/strong>en min\u00e9raux\u00a0<strong>100 % organiques\u00a0<\/strong>(chrome, zinc\u2026), en vitamines du groupe B.\u2026 Les Laboratoires Biofar ont r\u00e9uni les \u00e9l\u00e9ments n\u00e9cessaires pour aider \u00e0 retrouver une glyc\u00e9mie stable. \u00a0En effet\u00a0:<\/p>\n<ul>\n<li>le chrome participe au\u00a0<strong>maintien d\u2019une glyc\u00e9mie normale,<\/strong><\/li>\n<li>le zinc contribue \u00e0 un m\u00e9tabolisme glucidique normal.<\/li>\n<\/ul>\n<\/div>\n<\/div>","protected":false},"featured_media":24440,"template":"","meta":{"arc_restricted_post":false},"product_cat":[338,49],"product_tag":[],"_links":{"self":[{"href":"https:\/\/www.sopha-sahara.com\/en\/wp-json\/wp\/v2\/product\/24411"}],"collection":[{"href":"https:\/\/www.sopha-sahara.com\/en\/wp-json\/wp\/v2\/product"}],"about":[{"href":"https:\/\/www.sopha-sahara.com\/en\/wp-json\/wp\/v2\/types\/product"}],"wp:featuredmedia":[{"embeddable":true,"href":"https:\/\/www.sopha-sahara.com\/en\/wp-json\/wp\/v2\/media\/24440"}],"wp:attachment":[{"href":"https:\/\/www.sopha-sahara.com\/en\/wp-json\/wp\/v2\/media?parent=24411"}],"wp:term":[{"taxonomy":"product_cat","embeddable":true,"href":"https:\/\/www.sopha-sahara.com\/en\/wp-json\/wp\/v2\/product_cat?post=24411"},{"taxonomy":"product_tag","embeddable":true,"href":"https:\/\/www.sopha-sahara.com\/en\/wp-json\/wp\/v2\/product_tag?post=24411"}],"curies":[{"name":"wp","href":"https:\/\/api.w.org\/{rel}","templated":true}]}}