{"id":24410,"date":"2020-12-18T13:10:59","date_gmt":"2020-12-18T12:10:59","guid":{"rendered":"https:\/\/www.interbusinesschamber.com\/produit\/fer-acide-folique\/"},"modified":"2021-02-19T12:18:38","modified_gmt":"2021-02-19T11:18:38","slug":"fer-acide-folique","status":"publish","type":"product","link":"https:\/\/www.sopha-sahara.com\/en\/product\/fer-acide-folique\/","title":{"rendered":"FER ACIDE FOLIQUE"},"content":{"rendered":"<div class=\"uabb-adv-accordion-button uabb-adv-accordion-button5b59bf7b13521 uabb-adv-after-text\">\n<h4 class=\"uabb-adv-accordion-button-label\">COMPOSITION<\/h4>\n<\/div>\n<div class=\"uabb-adv-accordion-content uabb-adv-accordion-content5b59bf7b13521 fl-clearfix uabb-accordion-desc uabb-text-editor\">\n<table class=\"tableau_nutritionnel\">\n<tbody>\n<tr>\n<th>Analyse nutritionnelle<\/th>\n<th>Par comprim\u00e9<\/th>\n<th>AR<sup>*<\/sup><\/th>\n<\/tr>\n<tr>\n<td>Fer<\/td>\n<td>14 mg<\/td>\n<td>100%<\/td>\n<\/tr>\n<tr>\n<td>Vitamine B1<br \/>Vitamine B2<br \/>Vitamine B6<br \/>Vitamine B9<br \/>Vitamine B12<br \/>Vitamine C<\/td>\n<td>1,4 mg<br \/>1,6 mg<br \/>2 mg<br \/>200 \u00b5g<br \/>1 \u00b5g<br \/>60 mg<\/td>\n<td>127%<br \/>114%<br \/>143%<br \/>100%<br \/>40%<br \/>75%<\/td>\n<\/tr>\n<\/tbody>\n<\/table>\n<\/div>\n<div class=\"uabb-adv-accordion-button uabb-adv-accordion-button5b59bf7b13521 uabb-adv-after-text\">\n<h4 class=\"uabb-adv-accordion-button-label\">CONSEILS D'UTILISATION<\/h4>\n<\/div>\n<div class=\"uabb-adv-accordion-content uabb-adv-accordion-content5b59bf7b13521 fl-clearfix uabb-accordion-desc uabb-text-editor\">\n<p>Fer Acide folique est un compl\u00e9ment alimentaire r\u00e9serv\u00e9 \u00e0 l\u2019adulte.<\/p>\n<p>1 comprim\u00e9 par jour \u00e0 dissoudre dans un grand verre d\u2019eau, de pr\u00e9f\u00e9rence en dehors des repas. \u00c9viter de consommer du th\u00e9, du caf\u00e9 ou des produits laitiers dans l\u2019heure qui pr\u00e9c\u00e8de ou qui suit la prise pour garantir une bonne absorption.<\/p>\n<p><strong>Le plus\u00a0?<\/strong>\u00a0Un seul comprim\u00e9 par jour pour l\u2019\u00e9nergie f\u00e9minine !<\/p>\n<p>Les produits Biofar Vital sont\u00a0<strong>sans sucre, sans aspartame, sans colorant\u00a0<\/strong>et\u00a0<strong>au bon go\u00fbt fruit\u00e9.<\/strong><\/p>\n<p>Demandez conseil \u00e0 votre pharmacien ou \u00e0 votre m\u00e9decin.<\/p>\n<\/div>","protected":false},"excerpt":{"rendered":"<div class=\"fl-module fl-module-heading fl-node-5b597ce00d6ac smooth majuscules\" data-node=\"5b597ce00d6ac\">\n<div class=\"fl-module-content fl-node-content\">\n<div class=\"woocommerce-product-details__short-description\">\n<p>POUR L\u2019\u00c9NERGIE F\u00c9MININE<\/p>\n<\/div>\n<\/div>\n<\/div>\n<div class=\"fl-module fl-module-fl-woo-product-description fl-node-5b5857323f430\" data-node=\"5b5857323f430\">\n<div class=\"fl-module-content fl-node-content\">\n<p>Une d\u00e9ficience en fer est fr\u00e9quente chez la femme et peut rapidement conduire \u00e0 une fatigue et un manque d\u2019\u00e9nergie. Chez la femme enceinte particuli\u00e8rement, il est vivement recommand\u00e9 de se suppl\u00e9menter en acide folique pour la bonne croissance du b\u00e9b\u00e9. \u00a0N\u2019attendez plus\u00a0! Les Laboratoires Biofar ont d\u00e9velopp\u00e9 pour vous \u00ab\u00a0<strong>Fer Acide folique<\/strong>\u00a0\u00bb, une formule\u00a0<strong>riche et synergique\u00a0<\/strong>au bon go\u00fbt de\u00a0<strong>cassis<\/strong>, pour pr\u00e9server votre \u00e9nergie f\u00e9minine au quotidien ou en p\u00e9riode de grossesse.<\/p>\n<p>Des dosages\u00a0<strong>optimaux et \u00e9quilibr\u00e9s<\/strong>\u00a0en fer\u00a0<strong>100 % organique<\/strong>\u00a0et en vitamines du groupe B (acide folique\u2026). Les Laboratoires Biofar ont r\u00e9uni les \u00e9l\u00e9ments n\u00e9cessaires pour assurer vos besoins sp\u00e9cifiques en tant que femme. En effet :<\/p>\n<ul>\n<li>le fer et les vitamines B2, B6, B12 et C contribuent \u00e0\u00a0<strong>r\u00e9duire la fatigue<\/strong>\u00a0et \u00e0 un m\u00e9tabolisme \u00e9nerg\u00e9tique normal,<\/li>\n<li>la vitamine B9 et le fer jouent un r\u00f4le dans le\u00a0<strong>processus de division cellulaire<\/strong>,<\/li>\n<li>la vitamine B9 participe \u00e9galement \u00e0 la\u00a0<strong>croissance des tissus maternels<\/strong>\u00a0<strong>durant la grossesse.<\/strong><\/li>\n<\/ul>\n<\/div>\n<\/div>","protected":false},"featured_media":30392,"template":"","meta":{"arc_restricted_post":false},"product_cat":[338,49],"product_tag":[],"_links":{"self":[{"href":"https:\/\/www.sopha-sahara.com\/en\/wp-json\/wp\/v2\/product\/24410"}],"collection":[{"href":"https:\/\/www.sopha-sahara.com\/en\/wp-json\/wp\/v2\/product"}],"about":[{"href":"https:\/\/www.sopha-sahara.com\/en\/wp-json\/wp\/v2\/types\/product"}],"wp:featuredmedia":[{"embeddable":true,"href":"https:\/\/www.sopha-sahara.com\/en\/wp-json\/wp\/v2\/media\/30392"}],"wp:attachment":[{"href":"https:\/\/www.sopha-sahara.com\/en\/wp-json\/wp\/v2\/media?parent=24410"}],"wp:term":[{"taxonomy":"product_cat","embeddable":true,"href":"https:\/\/www.sopha-sahara.com\/en\/wp-json\/wp\/v2\/product_cat?post=24410"},{"taxonomy":"product_tag","embeddable":true,"href":"https:\/\/www.sopha-sahara.com\/en\/wp-json\/wp\/v2\/product_tag?post=24410"}],"curies":[{"name":"wp","href":"https:\/\/api.w.org\/{rel}","templated":true}]}}