{"id":24409,"date":"2020-12-18T13:10:59","date_gmt":"2020-12-18T12:10:59","guid":{"rendered":"https:\/\/www.interbusinesschamber.com\/produit\/ace-selenium-zinc\/"},"modified":"2020-12-28T15:06:07","modified_gmt":"2020-12-28T14:06:07","slug":"ace-selenium-zinc","status":"publish","type":"product","link":"https:\/\/www.sopha-sahara.com\/en\/product\/ace-selenium-zinc\/","title":{"rendered":"ACE S\u00c9L\u00c9NIUM ZINC"},"content":{"rendered":"<div class=\"uabb-adv-accordion-button uabb-adv-accordion-button5b59bf7b13521 uabb-adv-after-text\">\n<h4 class=\"uabb-adv-accordion-button-label\">COMPOSITION<\/h4>\n<\/div>\n<div class=\"uabb-adv-accordion-content uabb-adv-accordion-content5b59bf7b13521 fl-clearfix uabb-accordion-desc uabb-text-editor\">\n<table class=\"tableau_nutritionnel\">\n<tbody>\n<tr>\n<th>Analyse nutritionnelle<\/th>\n<th>Par comprim\u00e9<\/th>\n<th>AR<sup>*<\/sup><\/th>\n<\/tr>\n<tr>\n<td>B\u00eata-carot\u00e8ne<br \/>soit Vitamine A<br \/>Vitamine B6<br \/>Vitamine B9<br \/>Vitamine C<br \/>Vitamine E<\/td>\n<td>4,8 mg<br \/>800 \u00b5g ER<br \/>2 mg<br \/>200 \u00b5g<br \/>60 mg<br \/>10 mg<\/td>\n<td>-<br \/>100%<br \/>143%<br \/>100%<br \/>75%<br \/>83%<\/td>\n<\/tr>\n<tr>\n<td>S\u00e9l\u00e9nium<br \/>Zinc<\/td>\n<td>75 \u00b5g<br \/>15 mg<\/td>\n<td>136%<br \/>150%<\/td>\n<\/tr>\n<\/tbody>\n<\/table>\n<div>\u00a0<\/div>\n<div class=\"uabb-adv-accordion-button uabb-adv-accordion-button5b59bf7b13521 uabb-adv-after-text\">\n<h4 class=\"uabb-adv-accordion-button-label\">CONSEILS D'UTILISATION<\/h4>\n<\/div>\n<div class=\"uabb-adv-accordion-content uabb-adv-accordion-content5b59bf7b13521 fl-clearfix uabb-accordion-desc uabb-text-editor\">\n<p>ACE S\u00e9l\u00e9nium-Zinc est un compl\u00e9ment alimentaire r\u00e9serv\u00e9 \u00e0 l\u2019adulte.<\/p>\n<p>1 comprim\u00e9 par jour \u00e0 dissoudre dans un grand verre d\u2019eau, au cours d\u2019un repas.<\/p>\n<p><strong>Le plus\u00a0?<\/strong>\u00a0Un seul comprim\u00e9 par jour contre le stress oxydatif !<\/p>\n<p>Les produits Biofar Vital sont\u00a0<strong>sans sucre, sans aspartame, sans colorant\u00a0<\/strong>et\u00a0<strong>au bon go\u00fbt fruit\u00e9.<\/strong><\/p>\n<p>Demandez conseil \u00e0 votre pharmacien ou \u00e0 votre m\u00e9decin.<\/p>\n<\/div>\n<\/div>","protected":false},"excerpt":{"rendered":"<div class=\"fl-module fl-module-heading fl-node-5b597ce00d6ac smooth majuscules\" data-node=\"5b597ce00d6ac\">\n<div class=\"fl-module-content fl-node-content\">\n<div class=\"woocommerce-product-details__short-description\">\n<p>CONTRE LE STRESS OXYDATIF<\/p>\n<\/div>\n<\/div>\n<\/div>\n<div class=\"fl-module fl-module-fl-woo-product-description fl-node-5b5857323f430\" data-node=\"5b5857323f430\">\n<div class=\"fl-module-content fl-node-content\">\n<p>Pollution, rayons du soleil, activit\u00e9 sportive intense\u2026 Pr\u00e9servez votre capital sant\u00e9 gr\u00e2ce aux antioxydants\u00a0! Les Laboratoires Biofar ont d\u00e9velopp\u00e9 pour vous \u00ab\u00a0<strong>ACE S\u00e9l\u00e9nium-Zinc<\/strong>\u00a0\u00bb, une formule\u00a0<strong>synergique\u00a0<\/strong>au bon go\u00fbt\u00a0<strong>tropical<\/strong>,\u00a0pour devenir votre meilleur alli\u00e9 contre le stress oxydatif.<\/p>\n<p>Une formule\u00a0<strong>riche<\/strong>\u00a0en antioxydants, avec des\u00a0<strong>sources organiques<\/strong> hautement biodisponibles\u2026 Les Laboratoires Biofar ont r\u00e9uni les \u00e9l\u00e9ments n\u00e9cessaires pour lutter contre le vieillissement cellulaire. En effet, le s\u00e9l\u00e9nium, le zinc et les vitamines C et E contribuent \u00e0 prot\u00e9ger les cellules du stress oxydatif.\u00a0<\/p>\n<\/div>\n<\/div>","protected":false},"featured_media":24434,"template":"","meta":{"arc_restricted_post":false},"product_cat":[338,49],"product_tag":[],"_links":{"self":[{"href":"https:\/\/www.sopha-sahara.com\/en\/wp-json\/wp\/v2\/product\/24409"}],"collection":[{"href":"https:\/\/www.sopha-sahara.com\/en\/wp-json\/wp\/v2\/product"}],"about":[{"href":"https:\/\/www.sopha-sahara.com\/en\/wp-json\/wp\/v2\/types\/product"}],"wp:featuredmedia":[{"embeddable":true,"href":"https:\/\/www.sopha-sahara.com\/en\/wp-json\/wp\/v2\/media\/24434"}],"wp:attachment":[{"href":"https:\/\/www.sopha-sahara.com\/en\/wp-json\/wp\/v2\/media?parent=24409"}],"wp:term":[{"taxonomy":"product_cat","embeddable":true,"href":"https:\/\/www.sopha-sahara.com\/en\/wp-json\/wp\/v2\/product_cat?post=24409"},{"taxonomy":"product_tag","embeddable":true,"href":"https:\/\/www.sopha-sahara.com\/en\/wp-json\/wp\/v2\/product_tag?post=24409"}],"curies":[{"name":"wp","href":"https:\/\/api.w.org\/{rel}","templated":true}]}}