{"id":24407,"date":"2020-12-18T13:10:58","date_gmt":"2020-12-18T12:10:58","guid":{"rendered":"https:\/\/www.interbusinesschamber.com\/produit\/multivitamines-kids\/"},"modified":"2021-02-19T12:20:20","modified_gmt":"2021-02-19T11:20:20","slug":"multivitamines-kids","status":"publish","type":"product","link":"https:\/\/www.sopha-sahara.com\/en\/product\/multivitamines-kids\/","title":{"rendered":"MULTIVITAMINES KIDS"},"content":{"rendered":"<div class=\"uabb-adv-accordion-button uabb-adv-accordion-button5b59bf7b13521 uabb-adv-after-text\">\n<h4 class=\"uabb-adv-accordion-button-label\">COMPOSITION<\/h4>\n<\/div>\n<div class=\"uabb-adv-accordion-content uabb-adv-accordion-content5b59bf7b13521 fl-clearfix uabb-accordion-desc uabb-text-editor\">\n<table class=\"tableau_nutritionnel\">\n<tbody>\n<tr>\n<th>Analyse nutritionnelle<\/th>\n<th>Par comprim\u00e9<\/th>\n<th>AR<sup>*<\/sup><\/th>\n<\/tr>\n<tr>\n<td>Vitamine A<br \/>Vitamine B1<br \/>Vitamine B2<br \/>Vitamine B3<br \/>Vitamine B5<br \/>Vitamine B6<br \/>Vitamine B8<br \/>Vitamine B9<br \/>Vitamine B12<br \/>Vitamine C<br \/>Vitamine D3<br \/>Vitamine E<\/td>\n<td>400 \u00b5g<br \/>0,7 mg<br \/>0,8 mg<br \/>9 mg<br \/>3 mg<br \/>1 mg<br \/>75 \u00b5g<br \/>100 \u00b5g<br \/>0,5 \u00b5g<br \/>30 mg<br \/>2,5 \u00b5g<br \/>5 mg<\/td>\n<td>50%<br \/>63%<br \/>57%<br \/>56%<br \/>50%<br \/>71%<br \/>150%<br \/>50%<br \/>20%<br \/>37%<br \/>50%<br \/>41%<\/td>\n<\/tr>\n<tr>\n<td>Calcium<br \/>Zinc<br \/>Iode<\/td>\n<td>125 mg<br \/>2,5 mg<br \/>100 \u00b5g<\/td>\n<td>16%<br \/>25%<br \/>67%<\/td>\n<\/tr>\n<\/tbody>\n<\/table>\n<div class=\"uabb-adv-accordion-button uabb-adv-accordion-button5b59bf7b13521 uabb-adv-after-text\">\n<h4>\u00a0<\/h4>\n<h4 class=\"uabb-adv-accordion-button-label\">CONSEILS D'UTILISATION<\/h4>\n<\/div>\n<div class=\"uabb-adv-accordion-content uabb-adv-accordion-content5b59bf7b13521 fl-clearfix uabb-accordion-desc uabb-text-editor\">\n<p>Multivitamines Kids est un compl\u00e9ment alimentaire adapt\u00e9 \u00e0 l\u2019enfant d\u00e8s 6 ans.<\/p>\n<p>1 comprim\u00e9 par jour \u00e0 dissoudre dans un grand verre d\u2019eau, de pr\u00e9f\u00e9rence le matin apr\u00e8s le petit-d\u00e9jeuner.<\/p>\n<p><strong>Le plus\u00a0?<\/strong>\u00a0Un seul comprim\u00e9 par jour pour une saine croissance !<\/p>\n<p>Les produits Biofar Vital sont\u00a0<strong>sans sucre, sans aspartame, sans colorant\u00a0<\/strong>et\u00a0<strong>au bon go\u00fbt fruit\u00e9.<\/strong><\/p>\n<p>Demandez conseil \u00e0 votre pharmacien ou \u00e0 votre m\u00e9decin.<\/p>\n<\/div>\n<\/div>","protected":false},"excerpt":{"rendered":"<div class=\"fl-module fl-module-heading fl-node-5b597ce00d6ac smooth majuscules\" data-node=\"5b597ce00d6ac\">\n<div class=\"fl-module-content fl-node-content\">\n<div class=\"woocommerce-product-details__short-description\">\n<p>POUR UNE SAINE CROISSANCE<\/p>\n<\/div>\n<\/div>\n<\/div>\n<div class=\"fl-module fl-module-fl-woo-product-description fl-node-5b5857323f430\" data-node=\"5b5857323f430\">\n<div class=\"fl-module-content fl-node-content\">\n<p>Nos enfants d\u00e9pensent constamment de l\u2019\u00e9nergie\u00a0: \u00e0 l\u2019\u00e9cole, lors des activit\u00e9s, et tout simplement pour leur croissance. Pour favoriser leur croissance, les Laboratoires Biofar ont d\u00e9velopp\u00e9 \u00ab\u00a0<strong>Multivitamines Kids<\/strong>\u00a0\u00bb, une formule\u00a0<strong>riche et compl\u00e8te\u00a0<\/strong>au go\u00fbt naturel de<strong>\u00a0fraise<\/strong>, sp\u00e9cialement con\u00e7ue pour vos enfants.<\/p>\n<p>Des dosages\u00a0<b>optimaux<\/b>\u00a0et\u00a0<strong>\u00e9quilibr\u00e9s<\/strong>, des vitamines essentielles pour les enfants, des min\u00e9raux organiques\u00a0(calcium, zinc)\u2026 Les Laboratoires Biofar ont r\u00e9uni les \u00e9l\u00e9ments n\u00e9cessaires \u00e0 la vitalit\u00e9 quotidienne de votre enfant. En effet :<\/p>\n<ul>\n<li>le calcium et la vitamine D sont n\u00e9cessaires pour la croissance et le d\u00e9veloppement normal des os chez l\u2019enfant,<\/li>\n<li>l\u2019iode contribue au d\u00e9veloppement cognitif normal chez l\u2019enfant.<\/li>\n<\/ul>\n<\/div>\n<\/div>","protected":false},"featured_media":30393,"template":"","meta":{"arc_restricted_post":false},"product_cat":[338,49],"product_tag":[],"_links":{"self":[{"href":"https:\/\/www.sopha-sahara.com\/en\/wp-json\/wp\/v2\/product\/24407"}],"collection":[{"href":"https:\/\/www.sopha-sahara.com\/en\/wp-json\/wp\/v2\/product"}],"about":[{"href":"https:\/\/www.sopha-sahara.com\/en\/wp-json\/wp\/v2\/types\/product"}],"wp:featuredmedia":[{"embeddable":true,"href":"https:\/\/www.sopha-sahara.com\/en\/wp-json\/wp\/v2\/media\/30393"}],"wp:attachment":[{"href":"https:\/\/www.sopha-sahara.com\/en\/wp-json\/wp\/v2\/media?parent=24407"}],"wp:term":[{"taxonomy":"product_cat","embeddable":true,"href":"https:\/\/www.sopha-sahara.com\/en\/wp-json\/wp\/v2\/product_cat?post=24407"},{"taxonomy":"product_tag","embeddable":true,"href":"https:\/\/www.sopha-sahara.com\/en\/wp-json\/wp\/v2\/product_tag?post=24407"}],"curies":[{"name":"wp","href":"https:\/\/api.w.org\/{rel}","templated":true}]}}