{"id":24406,"date":"2020-12-18T13:10:57","date_gmt":"2020-12-18T12:10:57","guid":{"rendered":"https:\/\/www.interbusinesschamber.com\/produit\/calcium-magnesium\/"},"modified":"2020-12-28T15:06:28","modified_gmt":"2020-12-28T14:06:28","slug":"calcium-magnesium","status":"publish","type":"product","link":"https:\/\/www.sopha-sahara.com\/en\/product\/calcium-magnesium\/","title":{"rendered":"CALCIUM MAGN\u00c9SIUM"},"content":{"rendered":"<div class=\"uabb-adv-accordion-button uabb-adv-accordion-button5b59bf7b13521 uabb-adv-after-text\">\n<h4 class=\"uabb-adv-accordion-button-label\">COMPOSITION<\/h4>\n<\/div>\n<div class=\"uabb-adv-accordion-content uabb-adv-accordion-content5b59bf7b13521 fl-clearfix uabb-accordion-desc uabb-text-editor\">\n<table class=\"tableau_nutritionnel\">\n<tbody>\n<tr>\n<th>Analyse nutritionnelle<\/th>\n<th>Par comprim\u00e9<\/th>\n<th>AR<sup>*<\/sup><\/th>\n<\/tr>\n<tr>\n<td>Calcium<br \/>Magn\u00e9sium<br \/>Zinc<br \/>Mangan\u00e8se<br \/>Cuivre<\/td>\n<td>250 mg<br \/>125 mg<br \/>7,5 mg<br \/>1 mg<br \/>1 mg<\/td>\n<td>31%<br \/>33%<br \/>75%<br \/>50%<br \/>100%<\/td>\n<\/tr>\n<tr>\n<td>Vitamine B1<br \/>Vitamine B2<br \/>Vitamine B6<br \/>Vitamine B12<br \/>Vitamine C<br \/>Vitamine D3<\/td>\n<td>0,7 mg<br \/>0,8 mg<br \/>1 mg<br \/>0,5 \u00b5g<br \/>60 mg<br \/>2,5 \u00b5g<\/td>\n<td>64%<br \/>57%<br \/>71%<br \/>20%<br \/>75%<br \/>50%<\/td>\n<\/tr>\n<\/tbody>\n<\/table>\n<div>\u00a0<\/div>\n<div class=\"uabb-adv-accordion-button uabb-adv-accordion-button5b59bf7b13521 uabb-adv-after-text\">\n<h4 class=\"uabb-adv-accordion-button-label\">CONSEILS D'UTILISATION<\/h4>\n<\/div>\n<div class=\"uabb-adv-accordion-content uabb-adv-accordion-content5b59bf7b13521 fl-clearfix uabb-accordion-desc uabb-text-editor\">\n<p>Calcium Magn\u00e9sium est un compl\u00e9ment alimentaire r\u00e9serv\u00e9 \u00e0 l\u2019adulte.<\/p>\n<p>1 comprim\u00e9 par jour \u00e0 dissoudre dans un grand verre d\u2019eau, le soir apr\u00e8s le repas.<\/p>\n<p><strong>Le plus\u00a0?<\/strong>\u00a0Un seul comprim\u00e9 par jour pour les os et les muscles !<\/p>\n<p>Les produits Biofar Vital sont\u00a0<strong>sans sucre, sans aspartame, sans colorant\u00a0<\/strong>et\u00a0<strong>au bon go\u00fbt fruit\u00e9.<\/strong><\/p>\n<p>Demandez conseil \u00e0 votre pharmacien ou \u00e0 votre m\u00e9decin.<\/p>\n<\/div>\n<\/div>","protected":false},"excerpt":{"rendered":"<div class=\"fl-module fl-module-heading fl-node-5b597ce00d6ac smooth majuscules\" data-node=\"5b597ce00d6ac\">\n<div class=\"fl-module-content fl-node-content\">\n<div class=\"woocommerce-product-details__short-description\">\n<p>POUR LES OS ET LES MUSCLES<\/p>\n<\/div>\n<\/div>\n<\/div>\n<div class=\"fl-module fl-module-fl-woo-product-description fl-node-5b5857323f430\" data-node=\"5b5857323f430\">\n<div class=\"fl-module-content fl-node-content\">\n<p>Apr\u00e8s un effort, la fatigue musculaire n\u2019est jamais bien loin. Vous souhaitez des os solides et des muscles en pleine forme\u00a0? \u00a0Les Laboratoires Biofar ont d\u00e9velopp\u00e9 pour vous \u00ab\u00a0<strong>Calcium Magn\u00e9sium<\/strong>\u00a0\u00bb, formule\u00a0<strong>riche et synergique\u00a0<\/strong>au bon go\u00fbt d\u2019<strong>agrumes<\/strong>, pour soutenir votre syst\u00e8me neuromusculaire et participer \u00e0 votre renforcement osseux.<\/p>\n<p>Des dosages\u00a0<strong>optimaux\u00a0<\/strong>et\u00a0<strong>\u00e9quilibr\u00e9s\u00a0<\/strong>en min\u00e9raux de sources\u00a0<strong>organiques<\/strong><strong>\u00a0<\/strong>(calcium, magn\u00e9sium, zinc\u2026), en vitamines D3, B6, C\u2026 En effet, le\u00a0<strong>calcium<\/strong>, le\u00a0<strong>magn\u00e9sium\u00a0<\/strong>et la vitamine D3 participent au\u00a0<strong>maintien d\u2019une ossature normale<\/strong>\u00a0et \u00e0 une\u00a0<strong>fonction musculaire normale<\/strong>.<\/p>\n<\/div>\n<\/div>","protected":false},"featured_media":24436,"template":"","meta":{"arc_restricted_post":false},"product_cat":[338,49],"product_tag":[],"_links":{"self":[{"href":"https:\/\/www.sopha-sahara.com\/en\/wp-json\/wp\/v2\/product\/24406"}],"collection":[{"href":"https:\/\/www.sopha-sahara.com\/en\/wp-json\/wp\/v2\/product"}],"about":[{"href":"https:\/\/www.sopha-sahara.com\/en\/wp-json\/wp\/v2\/types\/product"}],"wp:featuredmedia":[{"embeddable":true,"href":"https:\/\/www.sopha-sahara.com\/en\/wp-json\/wp\/v2\/media\/24436"}],"wp:attachment":[{"href":"https:\/\/www.sopha-sahara.com\/en\/wp-json\/wp\/v2\/media?parent=24406"}],"wp:term":[{"taxonomy":"product_cat","embeddable":true,"href":"https:\/\/www.sopha-sahara.com\/en\/wp-json\/wp\/v2\/product_cat?post=24406"},{"taxonomy":"product_tag","embeddable":true,"href":"https:\/\/www.sopha-sahara.com\/en\/wp-json\/wp\/v2\/product_tag?post=24406"}],"curies":[{"name":"wp","href":"https:\/\/api.w.org\/{rel}","templated":true}]}}