{"id":24405,"date":"2020-12-18T13:10:56","date_gmt":"2020-12-18T12:10:56","guid":{"rendered":"https:\/\/www.interbusinesschamber.com\/produit\/vitamine-c-acerola-500\/"},"modified":"2020-12-28T15:16:14","modified_gmt":"2020-12-28T14:16:14","slug":"vitamine-c-acerola-500","status":"publish","type":"product","link":"https:\/\/www.sopha-sahara.com\/en\/product\/vitamine-c-acerola-500\/","title":{"rendered":"VITAMINE C AC\u00c9ROLA 500"},"content":{"rendered":"<div class=\"uabb-adv-accordion-button uabb-adv-accordion-button5b59bf7b13521 uabb-adv-after-text\">\n<h4 class=\"uabb-adv-accordion-button-label\">COMPOSITION<\/h4>\n<\/div>\n<div class=\"uabb-adv-accordion-content uabb-adv-accordion-content5b59bf7b13521 fl-clearfix uabb-accordion-desc uabb-text-editor\">\n<table class=\"tableau_nutritionnel\">\n<tbody>\n<tr>\n<th>Analyse nutritionnelle<\/th>\n<th>Par comprim\u00e9<\/th>\n<th>AR<sup>*<\/sup><\/th>\n<\/tr>\n<tr>\n<td>Poudre d'ac\u00e9rola<\/td>\n<td>500 mg<\/td>\n<td>-<\/td>\n<\/tr>\n<tr>\n<td>dont Vitamine C<\/td>\n<td>120 mg<\/td>\n<td>150%<\/td>\n<\/tr>\n<\/tbody>\n<\/table>\n<p>&nbsp;<\/p>\n<\/div>\n<div class=\"uabb-adv-accordion-button uabb-adv-accordion-button5b59bf7b13521 uabb-adv-after-text\">\n<h4 class=\"uabb-adv-accordion-button-label\">CONSEILS D'UTILISATION<\/h4>\n<\/div>\n<div class=\"uabb-adv-accordion-content uabb-adv-accordion-content5b59bf7b13521 fl-clearfix uabb-accordion-desc uabb-text-editor\">\n<p>Vitamine C Ac\u00e9rola 500 est un compl\u00e9ment alimentaire r\u00e9serv\u00e9 \u00e0 l\u2019adulte.<\/p>\n<p>1 comprim\u00e9 par jour \u00e0 dissoudre dans un grand verre d\u2019eau, de pr\u00e9f\u00e9rence le matin apr\u00e8s le petit-d\u00e9jeuner.<\/p>\n<p><strong>Le plus\u00a0?<\/strong>\u00a0Un seul comprim\u00e9 par jour pour une journ\u00e9e dynamique !<\/p>\n<p>Les produits Biofar Vital sont\u00a0<strong>sans sucre, sans aspartame, sans colorant\u00a0<\/strong>et\u00a0<strong>au bon go\u00fbt fruit\u00e9.<\/strong><\/p>\n<p>Demandez conseil \u00e0 votre pharmacien ou \u00e0 votre m\u00e9decin.<\/p>\n<\/div>","protected":false},"excerpt":{"rendered":"<div class=\"fl-module fl-module-heading fl-node-5b597ce00d6ac smooth majuscules\" data-node=\"5b597ce00d6ac\">\n<div class=\"fl-module-content fl-node-content\">\n<div class=\"woocommerce-product-details__short-description\">\n<p>POUR UNE JOURN\u00c9E DYNAMIQUE<\/p>\n<\/div>\n<\/div>\n<\/div>\n<div class=\"fl-module fl-module-fl-woo-product-description fl-node-5b5857323f430\" data-node=\"5b5857323f430\">\n<div class=\"fl-module-content fl-node-content\">\n<p>R\u00e9veil difficile\u00a0? Manque de motivation\u00a0? Ce n\u2019est pas toujours \u00e9vident de commencer la journ\u00e9e de fa\u00e7on \u00e9nergique. Les Laboratoires Biofar ont d\u00e9velopp\u00e9 pour vous \u00ab\u00a0<strong>Vitamine C Ac\u00e9rola 500<\/strong>\u00a0\u00bb, une formule au bon go\u00fbt d\u2019<strong>agrumes<\/strong>, pour une journ\u00e9e tonique d\u00e8s le matin.<\/p>\n<p>Un dosage\u00a0<strong>optimal<\/strong>\u00a0en vitamine C d\u2019origine naturelle (ac\u00e9rola)\u2026 Les Laboratoires Biofar ont r\u00e9uni les \u00e9l\u00e9ments n\u00e9cessaires pour dynamiser vos journ\u00e9es d\u00e8s le r\u00e9veil. En effet, la\u00a0<strong>vitamine C<\/strong>\u00a0participe au fonctionnement normal du\u00a0<strong>syst\u00e8me immunitaire\u00a0<\/strong>et \u00e0\u00a0<strong>r\u00e9duire votre \u00e9tat de fatigue<\/strong>\u00a0!<\/p>\n<\/div>\n<\/div>","protected":false},"featured_media":24458,"template":"","meta":{"arc_restricted_post":false},"product_cat":[338,49],"product_tag":[],"_links":{"self":[{"href":"https:\/\/www.sopha-sahara.com\/en\/wp-json\/wp\/v2\/product\/24405"}],"collection":[{"href":"https:\/\/www.sopha-sahara.com\/en\/wp-json\/wp\/v2\/product"}],"about":[{"href":"https:\/\/www.sopha-sahara.com\/en\/wp-json\/wp\/v2\/types\/product"}],"wp:featuredmedia":[{"embeddable":true,"href":"https:\/\/www.sopha-sahara.com\/en\/wp-json\/wp\/v2\/media\/24458"}],"wp:attachment":[{"href":"https:\/\/www.sopha-sahara.com\/en\/wp-json\/wp\/v2\/media?parent=24405"}],"wp:term":[{"taxonomy":"product_cat","embeddable":true,"href":"https:\/\/www.sopha-sahara.com\/en\/wp-json\/wp\/v2\/product_cat?post=24405"},{"taxonomy":"product_tag","embeddable":true,"href":"https:\/\/www.sopha-sahara.com\/en\/wp-json\/wp\/v2\/product_tag?post=24405"}],"curies":[{"name":"wp","href":"https:\/\/api.w.org\/{rel}","templated":true}]}}