{"id":24404,"date":"2020-12-18T13:10:55","date_gmt":"2020-12-18T12:10:55","guid":{"rendered":"https:\/\/www.interbusinesschamber.com\/produit\/12-vitamines-12-mineraux\/"},"modified":"2021-02-19T12:17:40","modified_gmt":"2021-02-19T11:17:40","slug":"12-vitamines-12-mineraux","status":"publish","type":"product","link":"https:\/\/www.sopha-sahara.com\/en\/product\/12-vitamines-12-mineraux\/","title":{"rendered":"12 VITAMINES 12 MINERAUX"},"content":{"rendered":"<div class=\"uabb-adv-accordion-button uabb-adv-accordion-button5b59bf7b13521 uabb-adv-after-text\">\n<div class=\"uabb-adv-accordion-content uabb-adv-accordion-content5b59bf7b13521 fl-clearfix uabb-accordion-desc uabb-text-editor\">\n<div>\n<figure>COMPOSITION<\/figure>\n<\/div>\n<\/div>\n<\/div>\n<div class=\"uabb-adv-accordion-content uabb-adv-accordion-content5b59bf7b13521 fl-clearfix uabb-accordion-desc uabb-text-editor\">\n<table class=\"tableau_nutritionnel\">\n<tbody>\n<tr>\n<th>Analyse nutritionnelle<\/th>\n<th>Par comprim\u00e9<\/th>\n<th>AR<sup>*<\/sup><\/th>\n<\/tr>\n<tr>\n<td>Vitamine A<br \/>Vitamine B1<br \/>Vitamine B2<br \/>Vitamine B3<br \/>Vitamine B5<br \/>Vitamine B6<br \/>Vitamine B8<br \/>Vitamine B9<br \/>Vitamine B12<br \/>Vitamine C<br \/>Vitamine D3<br \/>Vitamine E<\/td>\n<td>800 \u00b5g<br \/>1,4 mg<br \/>1,6 mg<br \/>18 mg<br \/>6 mg<br \/>2 mg<br \/>150 \u00b5g<br \/>200 \u00b5g<br \/>1 \u00b5g<br \/>60 mg<br \/>5 \u00b5g<br \/>10 mg<\/td>\n<td>100%<br \/>127%<br \/>114%<br \/>113%<br \/>100%<br \/>143%<br \/>300%<br \/>100%<br \/>40%<br \/>75%<br \/>100%<br \/>83%<\/td>\n<\/tr>\n<tr>\n<td>Phosphore<br \/>Calcium<br \/>Magn\u00e9sium<br \/>Potassium<br \/>Zinc<br \/>Fer<br \/>Mangan\u00e8se<br \/>Cuivre<br \/>Iode<br \/>S\u00e9l\u00e9nium<br \/>Molybd\u00e8ne<br \/>Chrome<\/td>\n<td>126 mg<br \/>120 mg<br \/>45 mg<br \/>20 mg<br \/>7,5 mg<br \/>2,8 mg<br \/>1 mg<br \/>500 \u00b5g<br \/>100 \u00b5g<br \/>50 \u00b5g<br \/>50 \u00b5g<br \/>25 \u00b5g<\/td>\n<td>18%<br \/>15%<br \/>12%<br \/>1%<br \/>75%<br \/>20%<br \/>50%<br \/>50%<br \/>67%<br \/>91%<br \/>100%<br \/>63%<\/td>\n<\/tr>\n<\/tbody>\n<\/table>\n<p>&nbsp;<\/p>\n<div class=\"uabb-adv-accordion-button uabb-adv-accordion-button5b59bf7b13521 uabb-adv-after-text\">\n<h4 class=\"uabb-adv-accordion-button-label\">CONSEILS D'UTILISATION<\/h4>\n<\/div>\n<div class=\"uabb-adv-accordion-content uabb-adv-accordion-content5b59bf7b13521 fl-clearfix uabb-accordion-desc uabb-text-editor\">\n<p>12 vitamines 12 min\u00e9raux est un compl\u00e9ment alimentaire r\u00e9serv\u00e9 \u00e0 l\u2019adulte.<\/p>\n<p>1 comprim\u00e9 par jour \u00e0 dissoudre dans un grand verre d\u2019eau, de pr\u00e9f\u00e9rence le matin apr\u00e8s le petit-d\u00e9jeuner.<\/p>\n<p><strong>Le plus\u00a0?<\/strong>\u00a0Un seul comprim\u00e9 par jour pour \u00eatre en pleine forme !<\/p>\n<p>Les produits Biofar Vital sont\u00a0<strong>sans sucre, sans aspartame, sans colorant\u00a0<\/strong>et\u00a0<strong>au bon go\u00fbt fruit\u00e9<\/strong>.<\/p>\n<p>Demandez conseil \u00e0 votre pharmacien ou \u00e0 votre m\u00e9decin.<\/p>\n<\/div>\n<\/div>","protected":false},"excerpt":{"rendered":"<div class=\"fl-module fl-module-heading fl-node-5b597ce00d6ac smooth majuscules\" data-node=\"5b597ce00d6ac\">\n<div class=\"fl-module-content fl-node-content\">\n<div class=\"woocommerce-product-details__short-description\">\n<p>POUR \u00caTRE EN PLEINE FORME<\/p>\n<\/div>\n<\/div>\n<\/div>\n<div class=\"fl-module fl-module-fl-woo-product-description fl-node-5b5857323f430\" data-node=\"5b5857323f430\">\n<div class=\"fl-module-content fl-node-content\">\n<p>La fatigue est le mal du si\u00e8cle, cons\u00e9quence des vies \u00e0 100 km\/h que nous menons. Vous la ressentez\u00a0? Les Laboratoires Biofar ont d\u00e9velopp\u00e9 pour vous \u00ab\u00a0<strong>12 vitamines 12 min\u00e9raux<\/strong>\u00a0\u00bb, une formule\u00a0<strong>riche et compl\u00e8te\u00a0<\/strong>au bon go\u00fbt d\u2019<strong>orange sanguine<\/strong>, pour retrouver la forme.<\/p>\n<p>Des dosages\u00a0<strong>optimaux<\/strong>\u00a0et\u00a0<strong>\u00e9quilibr\u00e9s<\/strong>, des min\u00e9raux\u00a0<strong>100 % organiques\u00a0<\/strong>(mieux assimil\u00e9s)\u2026 Les Laboratoires Biofar ont r\u00e9uni les \u00e9l\u00e9ments n\u00e9cessaires \u00e0 votre forme quotidienne. En effet, les actifs de cette formule contribuent :<\/p>\n<ul>\n<li>\u00e0 r\u00e9duire la fatigue (fer, magn\u00e9sium, vitamines B2, B3, B5, B6, B9, B12 et C).<\/li>\n<li>au m\u00e9tabolisme \u00e9nerg\u00e9tique (calcium, cuivre, fer, iode, magn\u00e9sium, mangan\u00e8se, phosphore, vitamines B1, B2, B3, B5, B6, B8, B12 et C).<\/li>\n<\/ul>\n<\/div>\n<\/div>\n<div class=\"fl-col-group fl-node-5b5980585fac4 fl-col-group-nested\" data-node=\"5b5980585fac4\">\n<div class=\"fl-col fl-node-5b5980585fc8a les_plus\" data-node=\"5b5980585fc8a\">\n<div class=\"fl-col-content fl-node-content\">\n<div class=\"fl-module fl-module-heading fl-node-5b59807db31d2 couleur_cat\" data-node=\"5b59807db31d2\">\n<div class=\"fl-module-content fl-node-content\">\u00a0<\/div>\n<\/div>\n<div class=\"fl-module fl-module-rich-text fl-node-5b59813314d48\" data-node=\"5b59813314d48\">\n<div class=\"fl-module-content fl-node-content\">\n<div class=\"fl-rich-text\">\u00a0<\/div>\n<\/div>\n<\/div>\n<\/div>\n<\/div>\n<\/div>","protected":false},"featured_media":30391,"template":"","meta":{"arc_restricted_post":false},"product_cat":[338,49],"product_tag":[],"_links":{"self":[{"href":"https:\/\/www.sopha-sahara.com\/en\/wp-json\/wp\/v2\/product\/24404"}],"collection":[{"href":"https:\/\/www.sopha-sahara.com\/en\/wp-json\/wp\/v2\/product"}],"about":[{"href":"https:\/\/www.sopha-sahara.com\/en\/wp-json\/wp\/v2\/types\/product"}],"wp:featuredmedia":[{"embeddable":true,"href":"https:\/\/www.sopha-sahara.com\/en\/wp-json\/wp\/v2\/media\/30391"}],"wp:attachment":[{"href":"https:\/\/www.sopha-sahara.com\/en\/wp-json\/wp\/v2\/media?parent=24404"}],"wp:term":[{"taxonomy":"product_cat","embeddable":true,"href":"https:\/\/www.sopha-sahara.com\/en\/wp-json\/wp\/v2\/product_cat?post=24404"},{"taxonomy":"product_tag","embeddable":true,"href":"https:\/\/www.sopha-sahara.com\/en\/wp-json\/wp\/v2\/product_tag?post=24404"}],"curies":[{"name":"wp","href":"https:\/\/api.w.org\/{rel}","templated":true}]}}