{"id":24342,"date":"2020-12-18T12:00:26","date_gmt":"2020-12-18T11:00:26","guid":{"rendered":"https:\/\/www.interbusinesschamber.com\/produit\/forte-mag-nocramp\/"},"modified":"2020-12-28T17:35:03","modified_gmt":"2020-12-28T16:35:03","slug":"forte-mag-nocramp","status":"publish","type":"product","link":"https:\/\/www.sopha-sahara.com\/en\/product\/forte-mag-nocramp\/","title":{"rendered":"FORT\u00c9 MAG NOCRAMP&rsquo;"},"content":{"rendered":"<article id=\"616\" class=\"posology\">\n<h4 class=\"notice cms\">UTILISATION<\/h4>\n<div class=\"notice cms\">Prendre 2 comprim\u00e9s par jour :<br \/>- 1 le matin, avec un grand verre d\u2019eau (200 ml) de pr\u00e9f\u00e9rence au cours du repas.<br \/>- 1 le soir, avec un grand verre d\u2019eau (200 ml) de pr\u00e9f\u00e9rence au cours du repas.<\/div>\n<\/article>\n<article class=\"actif\">\n<header>\n<h4 id=\"actifs\">LES ACTIFS<\/h4>\n<\/header>\n<div class=\"content\">\n<div class=\"items\">\n<div class=\"text cms\">\n<p>Fort\u00e9 MAG NO'CRAMP permet gr\u00e2ce \u00e0 sa formule \u00e0 lib\u00e9ration prolong\u00e9e de<br \/>1. Limiter les tensions et la fatigue musculaire<sup>(1)<\/sup>\u00a0gr\u00e2ce au Magn\u00e9sium et \u00e0 la Vitamine B6.<br \/>2. R\u00e9guler l\u2019\u00e9quilibre \u00e9lectrolytique<sup>(2)\u00a0<\/sup>gr\u00e2ce au Magn\u00e9sium.<br \/>3. Oxyg\u00e9ner les muscles<sup>(4)<\/sup>\u00a0gr\u00e2ce au Fer.<br \/>4. Favoriser la transmission nerveuse<sup>(5)<\/sup>\u00a0gr\u00e2ce au Calcium et aux Vitamines B1 et B5.<\/p>\n<p>Un compl\u00e9ment alimentaire ne doit pas se substituer \u00e0 une alimentation vari\u00e9e et \u00e9quilibr\u00e9e et \u00e0 un mode de vie sain. Ne pas d\u00e9passer la dose journali\u00e8re conseill\u00e9e. Tenir hors de port\u00e9e des jeunes enfants. Il est recommand\u00e9 aux femmes enceintes ou allaitantes de demander conseil \u00e0 un professionnel de sant\u00e9 avant toute suppl\u00e9mentation. Ce produit est d\u00e9conseill\u00e9 aux enfants de moins de 12 ans sans avis m\u00e9dical. Le magn\u00e9sium peut provoquer des effets laxatifs. Ce compl\u00e9ment alimentaire n\u2019est pas un m\u00e9dicament. A conserver \u00e0 une temp\u00e9rature inf\u00e9rieure \u00e0 25 \u00b0 C et \u00e0 l\u2019abri de l\u2019humidit\u00e9.<\/p>\n<\/div>\n<\/div>\n<\/div>\n<\/article>","protected":false},"excerpt":{"rendered":"<div class=\"text\">\n<p>Fort\u00e9 Mag NoCramp&rsquo; propose une formule innovante \u00e0 lib\u00e9ration prolong\u00e9e pour limiter les tensions et la fatigue musculaires.<\/p>\n<\/div>","protected":false},"featured_media":24361,"template":"","meta":{"arc_restricted_post":false},"product_cat":[49,337],"product_tag":[],"_links":{"self":[{"href":"https:\/\/www.sopha-sahara.com\/en\/wp-json\/wp\/v2\/product\/24342"}],"collection":[{"href":"https:\/\/www.sopha-sahara.com\/en\/wp-json\/wp\/v2\/product"}],"about":[{"href":"https:\/\/www.sopha-sahara.com\/en\/wp-json\/wp\/v2\/types\/product"}],"wp:featuredmedia":[{"embeddable":true,"href":"https:\/\/www.sopha-sahara.com\/en\/wp-json\/wp\/v2\/media\/24361"}],"wp:attachment":[{"href":"https:\/\/www.sopha-sahara.com\/en\/wp-json\/wp\/v2\/media?parent=24342"}],"wp:term":[{"taxonomy":"product_cat","embeddable":true,"href":"https:\/\/www.sopha-sahara.com\/en\/wp-json\/wp\/v2\/product_cat?post=24342"},{"taxonomy":"product_tag","embeddable":true,"href":"https:\/\/www.sopha-sahara.com\/en\/wp-json\/wp\/v2\/product_tag?post=24342"}],"curies":[{"name":"wp","href":"https:\/\/api.w.org\/{rel}","templated":true}]}}