{"id":24341,"date":"2020-12-18T12:00:26","date_gmt":"2020-12-18T11:00:26","guid":{"rendered":"https:\/\/www.interbusinesschamber.com\/produit\/spiruline-forte-1500\/"},"modified":"2020-12-28T17:33:24","modified_gmt":"2020-12-28T16:33:24","slug":"spiruline-forte-1500","status":"publish","type":"product","link":"https:\/\/www.sopha-sahara.com\/en\/product\/spiruline-forte-1500\/","title":{"rendered":"SPIRULINE FORTE 1500"},"content":{"rendered":"<article id=\"427\" class=\"posology\">\n<h4 class=\"notice cms\">UTILISATION<\/h4>\n<div class=\"notice cms\">1 comprim\u00e9 de Spiruline 1500 Forte deux fois par jour, \u00e0 prendre avec un grand verre d'eau au cours du repas. Programme de 15 jours, \u00e0 renouveler.<\/div>\n<\/article>\n<article class=\"actif\">\n<header>\n<h4 id=\"actifs\">LES ACTIFS<\/h4>\n<\/header>\n<div class=\"content\">\n<div class=\"items\">\n<div class=\"text cms\">\n<p>La spiruline est naturellement riche en prot\u00e9ines, source de fer et d\u2019antioxydants. Elle contient \u00e9galement des vitamines du groupe B, de nombreux min\u00e9raux et oligo-\u00e9l\u00e9ments. \u00a0\u00a0<br \/>Dans une d\u00e9marche de qualit\u00e9, les Laboratoires Fort\u00e9 Pharma ont s\u00e9lectionn\u00e9 une spiruline cultiv\u00e9e dans le respect de l\u2019\u00e9cologie.<br \/>\u00a0<\/p>\n<\/div>\n<\/div>\n<\/div>\n<\/article>","protected":false},"excerpt":{"rendered":"<p>Gr\u00e2ce \u00e0 son dosage optimale, Spiruline Forte 1500 renforce les d\u00e9fenses naturelles et favorise la r\u00e9sistance de l&rsquo;organisme. Riche en divers nutriments, la Spiruline procure tonus et vitalit\u00e9.<\/p>","protected":false},"featured_media":24388,"template":"","meta":{"arc_restricted_post":false},"product_cat":[49,337],"product_tag":[],"_links":{"self":[{"href":"https:\/\/www.sopha-sahara.com\/en\/wp-json\/wp\/v2\/product\/24341"}],"collection":[{"href":"https:\/\/www.sopha-sahara.com\/en\/wp-json\/wp\/v2\/product"}],"about":[{"href":"https:\/\/www.sopha-sahara.com\/en\/wp-json\/wp\/v2\/types\/product"}],"wp:featuredmedia":[{"embeddable":true,"href":"https:\/\/www.sopha-sahara.com\/en\/wp-json\/wp\/v2\/media\/24388"}],"wp:attachment":[{"href":"https:\/\/www.sopha-sahara.com\/en\/wp-json\/wp\/v2\/media?parent=24341"}],"wp:term":[{"taxonomy":"product_cat","embeddable":true,"href":"https:\/\/www.sopha-sahara.com\/en\/wp-json\/wp\/v2\/product_cat?post=24341"},{"taxonomy":"product_tag","embeddable":true,"href":"https:\/\/www.sopha-sahara.com\/en\/wp-json\/wp\/v2\/product_tag?post=24341"}],"curies":[{"name":"wp","href":"https:\/\/api.w.org\/{rel}","templated":true}]}}