{"id":24340,"date":"2020-12-18T12:00:25","date_gmt":"2020-12-18T11:00:25","guid":{"rendered":"https:\/\/www.interbusinesschamber.com\/produit\/forte-detox-5-organes\/"},"modified":"2020-12-28T17:31:09","modified_gmt":"2020-12-28T16:31:09","slug":"forte-detox-5-organes","status":"publish","type":"product","link":"https:\/\/www.sopha-sahara.com\/en\/product\/forte-detox-5-organes\/","title":{"rendered":"FORTE DETOX 5 ORGANES"},"content":{"rendered":"<article id=\"511\" class=\"posology\">\n<h4 class=\"notice cms\">UTILISATION<\/h4>\n<div class=\"notice cms\">Programme renouvelable 3 semaines \u00e0 chaque changement de saison.<\/div>\n<\/article>\n<article class=\"actif\">\n<header>\n<h4 id=\"actifs\">LES ACTIFS<\/h4>\n<\/header>\n<div class=\"content\">\n<div class=\"items\">\n<div class=\"text cms\">\n<p>Pour aider votre corps \u00e0 \u00e9liminer les toxines accumul\u00e9es, Fort\u00e9 D\u00e9tox 5 organes associe plusieurs plantes pour une action globale sur les 5 \u00e9monctoires (organes impliqu\u00e9s dans les m\u00e9canismes d\u00e9tox) :<\/p>\n<p>Fort\u00e9 D\u00e9tox 5 organes a \u00e9galement une action remin\u00e9ralisante gr\u00e2ce \u00e0 l'ortie piquante contenue dans sa formule, qui apporte de la silice.<br \/>\u00a0<\/p>\n<\/div>\n<\/div>\n<\/div>\n<\/article>","protected":false},"excerpt":{"rendered":"<p>La d\u00e9tox globale pour d\u00e9toxifier, purifier tout en remin\u00e9ralisant votre corps<\/p>","protected":false},"featured_media":24351,"template":"","meta":{"arc_restricted_post":false},"product_cat":[49,337],"product_tag":[],"_links":{"self":[{"href":"https:\/\/www.sopha-sahara.com\/en\/wp-json\/wp\/v2\/product\/24340"}],"collection":[{"href":"https:\/\/www.sopha-sahara.com\/en\/wp-json\/wp\/v2\/product"}],"about":[{"href":"https:\/\/www.sopha-sahara.com\/en\/wp-json\/wp\/v2\/types\/product"}],"wp:featuredmedia":[{"embeddable":true,"href":"https:\/\/www.sopha-sahara.com\/en\/wp-json\/wp\/v2\/media\/24351"}],"wp:attachment":[{"href":"https:\/\/www.sopha-sahara.com\/en\/wp-json\/wp\/v2\/media?parent=24340"}],"wp:term":[{"taxonomy":"product_cat","embeddable":true,"href":"https:\/\/www.sopha-sahara.com\/en\/wp-json\/wp\/v2\/product_cat?post=24340"},{"taxonomy":"product_tag","embeddable":true,"href":"https:\/\/www.sopha-sahara.com\/en\/wp-json\/wp\/v2\/product_tag?post=24340"}],"curies":[{"name":"wp","href":"https:\/\/api.w.org\/{rel}","templated":true}]}}