{"id":24339,"date":"2020-12-18T12:00:25","date_gmt":"2020-12-18T11:00:25","guid":{"rendered":"https:\/\/www.interbusinesschamber.com\/produit\/minigum-acerola\/"},"modified":"2020-12-28T17:26:20","modified_gmt":"2020-12-28T16:26:20","slug":"minigum-acerola","status":"publish","type":"product","link":"https:\/\/www.sopha-sahara.com\/en\/product\/minigum-acerola\/","title":{"rendered":"MINIGUM AC\u00c9ROLA"},"content":{"rendered":"<h4>UTILISATION<\/h4>\n<article id=\"381\" class=\"posology\">\n<div class=\"notice cms\">Prendre 2 gommes par jour de pr\u00e9f\u00e9rence le matin au petit-d\u00e9jeuner. Bien m\u00e2cher avant d\u2019avaler.<br \/>A partir de 3 ans. Convient \u00e9galement aux adultes.<\/div>\n<\/article>\n<article class=\"actif\">\n<header>\n<h4 id=\"actifs\">LES ACTIFS<\/h4>\n<\/header>\n<div class=\"content\">\n<div class=\"items\">\n<div class=\"text cms\">\n<p>L'ac\u00e9rola et l'a\u00e7ai, deux superfruits provenant d'Am\u00e9rique du sud, sont reconnus pour leurs compositions exceptionnelles et en particulier leur incroyable richesse en vitamine C.<br \/>Sans gluten, sans lactose, sans conservateur, sans ar\u00f4me ni colorant artificiels.<\/p>\n<p>Un compl\u00e9ment alimentaire ne doit pas se substituer \u00e0 une alimentation vari\u00e9e et \u00e9quilibr\u00e9e et \u00e0 un mode de vie sain. Ne pas d\u00e9passer la dose journali\u00e8re conseill\u00e9e. Tenir hors de port\u00e9e des jeunes enfants. D\u00e9conseill\u00e9 aux femmes enceintes ou qui allaitent.<\/p>\n<\/div>\n<\/div>\n<\/div>\n<\/article>","protected":false},"excerpt":{"rendered":"<article class=\"simple\">\n<header>\n<div class=\"text\">\n<p>Minigum Ac\u00e9rola : une formule \u00e0 base d&rsquo;Ac\u00e9rola et d&rsquo;A\u00e7ai dans de d\u00e9licieuses gommes \u00e0 m\u00e2cher au bon go\u00fbt naturel cerise.<\/p>\n<\/div>\n<div class=\"cms\">\n<p>&nbsp;<\/p>\n<\/div>\n<\/header>\n<\/article>","protected":false},"featured_media":24383,"template":"","meta":{"arc_restricted_post":false},"product_cat":[49,337],"product_tag":[],"_links":{"self":[{"href":"https:\/\/www.sopha-sahara.com\/en\/wp-json\/wp\/v2\/product\/24339"}],"collection":[{"href":"https:\/\/www.sopha-sahara.com\/en\/wp-json\/wp\/v2\/product"}],"about":[{"href":"https:\/\/www.sopha-sahara.com\/en\/wp-json\/wp\/v2\/types\/product"}],"wp:featuredmedia":[{"embeddable":true,"href":"https:\/\/www.sopha-sahara.com\/en\/wp-json\/wp\/v2\/media\/24383"}],"wp:attachment":[{"href":"https:\/\/www.sopha-sahara.com\/en\/wp-json\/wp\/v2\/media?parent=24339"}],"wp:term":[{"taxonomy":"product_cat","embeddable":true,"href":"https:\/\/www.sopha-sahara.com\/en\/wp-json\/wp\/v2\/product_cat?post=24339"},{"taxonomy":"product_tag","embeddable":true,"href":"https:\/\/www.sopha-sahara.com\/en\/wp-json\/wp\/v2\/product_tag?post=24339"}],"curies":[{"name":"wp","href":"https:\/\/api.w.org\/{rel}","templated":true}]}}