{"id":24338,"date":"2020-12-18T12:00:25","date_gmt":"2020-12-18T11:00:25","guid":{"rendered":"https:\/\/www.interbusinesschamber.com\/produit\/minigum-defenses\/"},"modified":"2020-12-28T17:25:28","modified_gmt":"2020-12-28T16:25:28","slug":"minigum-defenses","status":"publish","type":"product","link":"https:\/\/www.sopha-sahara.com\/en\/product\/minigum-defenses\/","title":{"rendered":"MINIGUM D\u00c9FENSES"},"content":{"rendered":"<article id=\"380\" class=\"posology\">\n<h4 class=\"notice cms\">UTILISATION<\/h4>\n<div class=\"notice cms\">Prendre 2 gommes par jour de pr\u00e9f\u00e9rence le matin au petit-d\u00e9jeuner. Bien m\u00e2cher avant d\u2019avaler.\u00a0 Format 25 jours \u00e0 renouveler si n\u00e9cessaire.<br \/>A partir de 3 ans. Convient \u00e9galement aux adultes<\/div>\n<\/article>\n<article class=\"actif\">\n<header>\n<h4 id=\"actifs\">LES ACTIFS<\/h4>\n<\/header>\n<div class=\"content\">\n<div class=\"items\">\n<div class=\"text cms\">\n<p>La formule de Minigum D\u00e9fenses associe l'Echinac\u00e9e, plante de r\u00e9f\u00e9rence, \u00e0 la gel\u00e9e royale et la propolis, deux actifs issus de la ruche aux propri\u00e9t\u00e9s nutritives exceptionnelles. Elle contient \u00e9galement de la vitamine C qui contribue au fonctionnement du syst\u00e8me immunitaire. Sans gluten, sans lactose, sans conservateur, sans ar\u00f4me ni colorant artificiels.<\/p>\n<p>Un compl\u00e9ment alimentaire ne doit pas se substituer \u00e0 une alimentation vari\u00e9e et \u00e9quilibr\u00e9e et \u00e0 un mode de vie sain. Ne pas d\u00e9passer la dose journali\u00e8re conseill\u00e9e. Tenir hors de port\u00e9e des jeunes enfants. D\u00e9conseill\u00e9 aux femmes enceintes ou qui allaitent.<\/p>\n<\/div>\n<\/div>\n<\/div>\n<\/article>","protected":false},"excerpt":{"rendered":"<p>Une formule \u00e0 base d&rsquo;Echinac\u00e9e, Propolis et Gel\u00e9e Royale dans de d\u00e9licieuses gommes \u00e0 m\u00e2cher au bon go\u00fbt naturel pomme.<\/p>","protected":false},"featured_media":24384,"template":"","meta":{"arc_restricted_post":false},"product_cat":[49,337],"product_tag":[],"_links":{"self":[{"href":"https:\/\/www.sopha-sahara.com\/en\/wp-json\/wp\/v2\/product\/24338"}],"collection":[{"href":"https:\/\/www.sopha-sahara.com\/en\/wp-json\/wp\/v2\/product"}],"about":[{"href":"https:\/\/www.sopha-sahara.com\/en\/wp-json\/wp\/v2\/types\/product"}],"wp:featuredmedia":[{"embeddable":true,"href":"https:\/\/www.sopha-sahara.com\/en\/wp-json\/wp\/v2\/media\/24384"}],"wp:attachment":[{"href":"https:\/\/www.sopha-sahara.com\/en\/wp-json\/wp\/v2\/media?parent=24338"}],"wp:term":[{"taxonomy":"product_cat","embeddable":true,"href":"https:\/\/www.sopha-sahara.com\/en\/wp-json\/wp\/v2\/product_cat?post=24338"},{"taxonomy":"product_tag","embeddable":true,"href":"https:\/\/www.sopha-sahara.com\/en\/wp-json\/wp\/v2\/product_tag?post=24338"}],"curies":[{"name":"wp","href":"https:\/\/api.w.org\/{rel}","templated":true}]}}