{"id":24337,"date":"2020-12-18T12:00:25","date_gmt":"2020-12-18T11:00:25","guid":{"rendered":"https:\/\/www.interbusinesschamber.com\/produit\/venaclar-600mg\/"},"modified":"2020-12-28T17:24:30","modified_gmt":"2020-12-28T16:24:30","slug":"venaclar-600mg","status":"publish","type":"product","link":"https:\/\/www.sopha-sahara.com\/en\/product\/venaclar-600mg\/","title":{"rendered":"VENACLAR 600MG"},"content":{"rendered":"<article id=\"3\" class=\"posology accordeon\">\n<h4 class=\"notice cms\">\u200bUTILISATION<\/h4>\n<div class=\"notice cms\">Voie orale. Prendre les comprim\u00e9s avec un demi-verre d'eau. Les comprim\u00e9s doivent \u00eatre pris au moment des repas.<\/p>\n<ul>\n<li><strong>Troubles de la circulation<\/strong>\u00a0: 1 comprim\u00e9 par jour, le matin avant le petit-d\u00e9jeuner pendant 1 mois.<\/li>\n<li><strong>H\u00e9morro\u00efdes<\/strong> : 2 \u00e0 3 comprim\u00e9s par jour au moment des repas pendant 5 jours.<\/li>\n<\/ul>\n<p>Si les sympt\u00f4mes s\u2019aggravent ou persistent apr\u00e8s le traitement, consultez votre m\u00e9decin.<\/p><\/div>\n<\/article>\n<article class=\"simple\">\n<header>\n<h4 id=\"actifs\">COMPOSITION<\/h4>\n<\/header>\n<div class=\"text\">\n<p>Substance active pour un comprim\u00e9 pellicul\u00e9\u00a0:<\/p>\n<p>- Diosmine ............................ 600 mg<br \/>______________________________________________<\/p>\n<p>- Excipients \u00e0 effet notoire\u00a0: lactose, rouge cochenille A<\/p>\n<\/div>\n<\/article>","protected":false},"excerpt":{"rendered":"<div class=\"text\">\n<p>Venaclar 600 mg, comprim\u00e9 pellicul\u00e9<\/p>\n<\/div>\n<div class=\"cms\">\n<p>M\u00e9dicament veinotonique (il augmente la tonicit\u00e9 des parois veineuses) et vasculoprotecteur (il augmente la r\u00e9sistance des petits vaisseaux) utilis\u00e9 dans :<\/p>\n<ul>\n<li>Les troubles de la circulation veineuse (jambes lourdes)<\/li>\n<li>La crise h\u00e9morro\u00efdaire.<\/li>\n<\/ul>\n<p>Lisez attentivement la notice. Demandez conseil \u00e0 votre pharmacien. Si les sympt\u00f4mes persistent, consultez votre m\u00e9decin.<\/p><\/div>","protected":false},"featured_media":24391,"template":"","meta":{"arc_restricted_post":false},"product_cat":[49,337],"product_tag":[],"_links":{"self":[{"href":"https:\/\/www.sopha-sahara.com\/en\/wp-json\/wp\/v2\/product\/24337"}],"collection":[{"href":"https:\/\/www.sopha-sahara.com\/en\/wp-json\/wp\/v2\/product"}],"about":[{"href":"https:\/\/www.sopha-sahara.com\/en\/wp-json\/wp\/v2\/types\/product"}],"wp:featuredmedia":[{"embeddable":true,"href":"https:\/\/www.sopha-sahara.com\/en\/wp-json\/wp\/v2\/media\/24391"}],"wp:attachment":[{"href":"https:\/\/www.sopha-sahara.com\/en\/wp-json\/wp\/v2\/media?parent=24337"}],"wp:term":[{"taxonomy":"product_cat","embeddable":true,"href":"https:\/\/www.sopha-sahara.com\/en\/wp-json\/wp\/v2\/product_cat?post=24337"},{"taxonomy":"product_tag","embeddable":true,"href":"https:\/\/www.sopha-sahara.com\/en\/wp-json\/wp\/v2\/product_tag?post=24337"}],"curies":[{"name":"wp","href":"https:\/\/api.w.org\/{rel}","templated":true}]}}