{"id":24336,"date":"2020-12-18T12:00:24","date_gmt":"2020-12-18T11:00:24","guid":{"rendered":"https:\/\/www.interbusinesschamber.com\/produit\/cystima-medical\/"},"modified":"2020-12-28T17:23:26","modified_gmt":"2020-12-28T16:23:26","slug":"cystima-medical","status":"publish","type":"product","link":"https:\/\/www.sopha-sahara.com\/en\/product\/cystima-medical\/","title":{"rendered":"CYSTIMA M\u00c9DICAL"},"content":{"rendered":"<article id=\"572\" class=\"posology accordeon\">\n<h4 class=\"notice cms\">UTILISATION<\/h4>\n<div class=\"notice cms\">En pr\u00e9vention, un sachet une fois par jour.<br \/>En traitement, un sachet deux fois par jour.<br \/>Dissoudre le sachet dans un grand verre d'eau (200 ml), agiter et boire imm\u00e9diatement.<br \/>R\u00e9serv\u00e9 \u00e0 l'adulte et aux enfants de plus de 18 ans.<\/div>\n<\/article>\n<article class=\"simple\">\n<header>\n<h4 id=\"actifs\">COMPOSITION<\/h4>\n<\/header>\n<div class=\"text\">\n<p>CYSTima M\u00e9dical est destin\u00e9 au traitement des infections urinaires de la vessie (provoqu\u00e9es par E. coli) et \u00e0 la pr\u00e9vention des infections r\u00e9currentes du tractus urinaire (infections de la vessie ou cystite).<\/p>\n<p>La substance active est le D-mannose, d\u00e9j\u00e0 pr\u00e9sent \u00e0 l'\u00e9tat naturel dans le m\u00e9tabolisme humain. Le D-mannose se fixe aux bact\u00e9ries E. coli surnageantes et les emp\u00eache d'adh\u00e9rer aux parois du tractus urinaire. Il d\u00e9croche \u00e9galement les bact\u00e9ries d\u00e9j\u00e0 fix\u00e9es \u00e0 la paroi. Les bact\u00e9ries peuvent alors \u00eatre \u00e9limin\u00e9es facilement de l'organisme pendant la miction.<\/p>\n<\/div>\n<\/article>","protected":false},"excerpt":{"rendered":"<p>Cystima M\u00e9dical est une alternative naturelle pour lutter contre les infections urinaires et cystites et pour pr\u00e9venir des r\u00e9cidives.<\/p>\n<p>Ce dispositif m\u00e9dical est un produit de sant\u00e9 r\u00e9glement\u00e9, qui au titre de cette r\u00e9glementation, porte le marquage CE. Fabriqu\u00e9 par PK Benelux.<\/p>","protected":false},"featured_media":24345,"template":"","meta":{"arc_restricted_post":false},"product_cat":[49,337],"product_tag":[],"_links":{"self":[{"href":"https:\/\/www.sopha-sahara.com\/en\/wp-json\/wp\/v2\/product\/24336"}],"collection":[{"href":"https:\/\/www.sopha-sahara.com\/en\/wp-json\/wp\/v2\/product"}],"about":[{"href":"https:\/\/www.sopha-sahara.com\/en\/wp-json\/wp\/v2\/types\/product"}],"wp:featuredmedia":[{"embeddable":true,"href":"https:\/\/www.sopha-sahara.com\/en\/wp-json\/wp\/v2\/media\/24345"}],"wp:attachment":[{"href":"https:\/\/www.sopha-sahara.com\/en\/wp-json\/wp\/v2\/media?parent=24336"}],"wp:term":[{"taxonomy":"product_cat","embeddable":true,"href":"https:\/\/www.sopha-sahara.com\/en\/wp-json\/wp\/v2\/product_cat?post=24336"},{"taxonomy":"product_tag","embeddable":true,"href":"https:\/\/www.sopha-sahara.com\/en\/wp-json\/wp\/v2\/product_tag?post=24336"}],"curies":[{"name":"wp","href":"https:\/\/api.w.org\/{rel}","templated":true}]}}