{"id":24335,"date":"2020-12-18T12:00:24","date_gmt":"2020-12-18T11:00:24","guid":{"rendered":"https:\/\/www.interbusinesschamber.com\/produit\/cystima-flash\/"},"modified":"2020-12-28T17:22:16","modified_gmt":"2020-12-28T16:22:16","slug":"cystima-flash","status":"publish","type":"product","link":"https:\/\/www.sopha-sahara.com\/en\/product\/cystima-flash\/","title":{"rendered":"CYSTIMA FLASH"},"content":{"rendered":"<article id=\"602\" class=\"posology\">\n<h4 class=\"notice cms\">UTILISATION<\/h4>\n<div class=\"notice cms\">Les 3 premiers jours, prendre 1 g\u00e9lule et 1 comprim\u00e9 de Cystima Flash avec un grand verre d\u2019eau (200 ml).<br \/>Les 2 jours suivants, prendre 1 g\u00e9lule de Cystima Flash avec un grand verre d\u2019eau (200 ml).<\/div>\n<\/article>\n<article class=\"actif\">\n<header>\n<h4 id=\"actifs\">LES ACTIFS<\/h4>\n<\/header>\n<div class=\"content\">\n<div class=\"items\">\n<div class=\"text cms\">\n<p>Cranberry*, Bruy\u00e8re et ferments lactiques.<br \/>Avec un dosage exceptionel en PACs**, Cystima Flash am\u00e9liore le confort urinaire<sup>\u00a0<\/sup>gr\u00e2ce \u00e0 la bruy\u00e8re et favorise l'\u00e9limination gr\u00e2ce \u00e0 la piloselle.<br \/>La formule de Cystima Flash associe le bienfait des plantes \u00e0 des ferments lactiques rigoureusement selectionn\u00e9s et naturellement pr\u00e9sents dans la flore intime.<br \/>\u00a0<\/p>\n<p><strong>Un compl\u00e9ment alimentaire ne doit pas se substituer \u00e0 une alimentation vari\u00e9e et \u00e9quilibr\u00e9e et \u00e0 un mode de vie sain. Ne pas d\u00e9passer la dose journali\u00e8re conseill\u00e9e. Tenir hors de la port\u00e9e des jeunes enfants. D\u00e9conseill\u00e9 aux femmes enceintes ou qui allaitent et aux enfants de moins de 12 ans sans avis m\u00e9dical. Ce compl\u00e9ment alimentaire n\u2019est pas un m\u00e9dicament.<\/strong><br \/>\u00a0<\/p>\n<\/div>\n<\/div>\n<\/div>\n<\/article>","protected":false},"excerpt":{"rendered":"<p>Avec son dosage exceptionnel en pacs et une association unique de plantes et de ferments lactiques, Cystima Flash ameliore le confort urinaire\u00a0gr\u00e2ce a la bruyere et favorise l&rsquo;elimination gr\u00e2ce a la piloselle.<\/p>","protected":false},"featured_media":24344,"template":"","meta":{"arc_restricted_post":false},"product_cat":[49,337],"product_tag":[],"_links":{"self":[{"href":"https:\/\/www.sopha-sahara.com\/en\/wp-json\/wp\/v2\/product\/24335"}],"collection":[{"href":"https:\/\/www.sopha-sahara.com\/en\/wp-json\/wp\/v2\/product"}],"about":[{"href":"https:\/\/www.sopha-sahara.com\/en\/wp-json\/wp\/v2\/types\/product"}],"wp:featuredmedia":[{"embeddable":true,"href":"https:\/\/www.sopha-sahara.com\/en\/wp-json\/wp\/v2\/media\/24344"}],"wp:attachment":[{"href":"https:\/\/www.sopha-sahara.com\/en\/wp-json\/wp\/v2\/media?parent=24335"}],"wp:term":[{"taxonomy":"product_cat","embeddable":true,"href":"https:\/\/www.sopha-sahara.com\/en\/wp-json\/wp\/v2\/product_cat?post=24335"},{"taxonomy":"product_tag","embeddable":true,"href":"https:\/\/www.sopha-sahara.com\/en\/wp-json\/wp\/v2\/product_tag?post=24335"}],"curies":[{"name":"wp","href":"https:\/\/api.w.org\/{rel}","templated":true}]}}