{"id":24334,"date":"2020-12-18T12:00:24","date_gmt":"2020-12-18T11:00:24","guid":{"rendered":"https:\/\/www.interbusinesschamber.com\/produit\/forteveinol-12h\/"},"modified":"2020-12-28T17:20:03","modified_gmt":"2020-12-28T16:20:03","slug":"forteveinol-12h","status":"publish","type":"product","link":"https:\/\/www.sopha-sahara.com\/en\/product\/forteveinol-12h\/","title":{"rendered":"FORT\u00c9VEINOL 12H"},"content":{"rendered":"<article id=\"575\" class=\"posology\">\n<h4 class=\"notice cms\">UTILISATION<\/h4>\n<div class=\"notice cms\">Prendre 1 comprim\u00e9 de Fort\u00e9Veinol 12h le matin ou le midi avec un grand verre d'eau (200 ml).<br \/>Programme d'un mois renouvelable.<\/div>\n<\/article>\n<article class=\"actif\">\n<header>\n<h4 id=\"actifs\">LES ACTIFS<\/h4>\n<\/header>\n<div class=\"content\">\n<div class=\"items\">\n<div class=\"text cms\">\n<div><strong>VIGNE ROUGE + GINKGO BILOBA\u00a0 + MAGNESIUM MARIN<\/strong><\/div>\n<p>Gr\u00e2ce \u00e0 sa formule triple action, son fort dosage en vigne rouge (1600 mg) et une lib\u00e9ration des actifs pendant 12h, Fort\u00e9Veinol 12h vous aide \u00e0 :\u00a0<br \/>1- R\u00e9duire la sensation de jambes lourdes<br \/>2- Limiter la fatigue musculaire<br \/>3- Entretenir les vaisseaux<\/p>\n<p>Pour garder des jambes l\u00e9g\u00e8res toute la journ\u00e9e !<\/p><\/div>\n<div>\u00a0<\/div>\n<div class=\"text cms\"><em>Un compl\u00e9ment alimentaire ne doit pas se substituer \u00e0 une alimentation vari\u00e9e et \u00e9quilibr\u00e9e et \u00e0 un mode de vie sain. Ne pas d\u00e9passer la dose journali\u00e8re conseill\u00e9e. Tenir hors de la port\u00e9e des jeunes enfants.<\/em><\/div>\n<div class=\"text cms\"><em>D\u00e9conseill\u00e9 aux enfants de moins de 12 ans sans avis m\u00e9dical. Ne pas utiliser chez les femmes enceintes ou qui allaitent. D\u00e9conseill\u00e9 chez les personnes sous anti-d\u00e9presseurs. Consultez votre m\u00e9decin en cas de prise silmutan\u00e9e d\u2019anti-coagulants. Il est recommand\u00e9 de boire au moins 1,5 L d\u2019eau par jour.<\/em><\/p>\n<h6>\u00a0<\/h6>\n<\/div>\n<\/div>\n<\/div>\n<\/article>","protected":false},"excerpt":{"rendered":"<div class=\"text\">\n<p>L&rsquo;efficacit\u00e9 de la Vigne Rouge alli\u00e9e \u00e0 la lib\u00e9ration prolong\u00e9e de 12h pour des jambes l\u00e9g\u00e8res toute la journ\u00e9e!<\/p>\n<\/div>","protected":false},"featured_media":24374,"template":"","meta":{"arc_restricted_post":false},"product_cat":[49,337],"product_tag":[],"_links":{"self":[{"href":"https:\/\/www.sopha-sahara.com\/en\/wp-json\/wp\/v2\/product\/24334"}],"collection":[{"href":"https:\/\/www.sopha-sahara.com\/en\/wp-json\/wp\/v2\/product"}],"about":[{"href":"https:\/\/www.sopha-sahara.com\/en\/wp-json\/wp\/v2\/types\/product"}],"wp:featuredmedia":[{"embeddable":true,"href":"https:\/\/www.sopha-sahara.com\/en\/wp-json\/wp\/v2\/media\/24374"}],"wp:attachment":[{"href":"https:\/\/www.sopha-sahara.com\/en\/wp-json\/wp\/v2\/media?parent=24334"}],"wp:term":[{"taxonomy":"product_cat","embeddable":true,"href":"https:\/\/www.sopha-sahara.com\/en\/wp-json\/wp\/v2\/product_cat?post=24334"},{"taxonomy":"product_tag","embeddable":true,"href":"https:\/\/www.sopha-sahara.com\/en\/wp-json\/wp\/v2\/product_tag?post=24334"}],"curies":[{"name":"wp","href":"https:\/\/api.w.org\/{rel}","templated":true}]}}