{"id":24333,"date":"2020-12-18T12:00:24","date_gmt":"2020-12-18T11:00:24","guid":{"rendered":"https:\/\/www.interbusinesschamber.com\/produit\/chondralgic-articulations\/"},"modified":"2020-12-28T17:15:02","modified_gmt":"2020-12-28T16:15:02","slug":"chondralgic-articulations","status":"publish","type":"product","link":"https:\/\/www.sopha-sahara.com\/en\/product\/chondralgic-articulations\/","title":{"rendered":"CHONDRALGIC ARTICULATIONS"},"content":{"rendered":"<article id=\"68\" class=\"posology\">\n<div class=\"notice cms\">\n<h4>UTILISATION<\/h4>\n<p>Prendre 1 g\u00e9lule de Chondralgic Articulations le matin \u00e0 jeun, avec un verre d'eau.<br \/>Format 1 mois. \u00c0 renouveler.<\/p>\n<\/div>\n<\/article>\n<article class=\"actif\">\n<header>\n<h4 id=\"actifs\">LES ACTIFS<\/h4>\n<\/header>\n<div class=\"content\">\n<div class=\"items\">\n<div class=\"text cms\">\n<p>Chondralgic a \u00e9t\u00e9 sp\u00e9cialement formul\u00e9 par le D\u00e9partement Recherche et D\u00e9veloppement des Laboratoires Fort\u00e9 Pharma, pour vous aider \u00e0 retrouver votre libert\u00e9 de mouvements<sup>(2)<\/sup>\u00a0et votre confort articulaire<sup>(1)<\/sup>.<\/p>\n<p>Gr\u00e2ce \u00e0 sa formule compl\u00e8te qui associe du collag\u00e8ne de type II, un extrait de bambou et des vitamines et min\u00e9raux, Chondralgic contribue \u00e0 :<\/p>\n<ul>\n<li><strong>Renforcer<\/strong>\u00a0: gr\u00e2ce aux min\u00e9raux comme le zinc<sup>(1)<\/sup>, qui contribue au maintien d\u2019une ossature normale, au mangan\u00e8se<sup>(2)<\/sup>, et aux vitamines B1, B2 et B3.<\/li>\n<li><strong>\u200bRemettre en forme l\u2019articulation<\/strong>\u00a0: la vitamine C contribue \u00e0 la formation du collag\u00e8ne, \u00e9l\u00e9ment assurant le fonctionnement normal des articulations, des os et des cartilages. Son action est optimis\u00e9e par la pr\u00e9sence de silice extraite du bambou.\u00a0<br \/>\u00a0<\/li>\n<\/ul>\n<pre>\r\n<\/pre>\n<\/div>\n<\/div>\n<\/div>\n<\/article>","protected":false},"excerpt":{"rendered":"<div class=\"text\">\n<p>Articulations sensibles, Gr\u00e2ce \u00e0 sa formule innovante associant des actifs d&rsquo;origine naturelle, Chondralgic Articulations vous aide \u00e0 renforcer et retrouver votre confort articulaire.<\/p>\n<p>&nbsp;<\/p>\n<\/div>","protected":false},"featured_media":24343,"template":"","meta":{"arc_restricted_post":false},"product_cat":[49,337],"product_tag":[],"_links":{"self":[{"href":"https:\/\/www.sopha-sahara.com\/en\/wp-json\/wp\/v2\/product\/24333"}],"collection":[{"href":"https:\/\/www.sopha-sahara.com\/en\/wp-json\/wp\/v2\/product"}],"about":[{"href":"https:\/\/www.sopha-sahara.com\/en\/wp-json\/wp\/v2\/types\/product"}],"wp:featuredmedia":[{"embeddable":true,"href":"https:\/\/www.sopha-sahara.com\/en\/wp-json\/wp\/v2\/media\/24343"}],"wp:attachment":[{"href":"https:\/\/www.sopha-sahara.com\/en\/wp-json\/wp\/v2\/media?parent=24333"}],"wp:term":[{"taxonomy":"product_cat","embeddable":true,"href":"https:\/\/www.sopha-sahara.com\/en\/wp-json\/wp\/v2\/product_cat?post=24333"},{"taxonomy":"product_tag","embeddable":true,"href":"https:\/\/www.sopha-sahara.com\/en\/wp-json\/wp\/v2\/product_tag?post=24333"}],"curies":[{"name":"wp","href":"https:\/\/api.w.org\/{rel}","templated":true}]}}