{"id":24332,"date":"2020-12-18T12:00:23","date_gmt":"2020-12-18T11:00:23","guid":{"rendered":"https:\/\/www.interbusinesschamber.com\/produit\/forte-flex-max-articulations\/"},"modified":"2020-12-28T17:13:32","modified_gmt":"2020-12-28T16:13:32","slug":"forte-flex-max-articulations","status":"publish","type":"product","link":"https:\/\/www.sopha-sahara.com\/en\/product\/forte-flex-max-articulations\/","title":{"rendered":"FORT\u00c9 FLEX MAX ARTICULATIONS"},"content":{"rendered":"<article id=\"707\" class=\"posology\">\n<h4 class=\"notice cms\">UTILISATION<\/h4>\n<div class=\"notice cms\">Prendre 4 comprim\u00e9s par jour les premi\u00e8res semaines, puis de 2 \u00e0 4 comprim\u00e9s en fonction des besoins, de pr\u00e9f\u00e9rence au moment des repas avec un grand verre d\u2019eau (200ml).<\/p>\n<p>Il est conseill\u00e9 de prendre Fort\u00e9 Flex Max Articulations pendant plusieurs mois.<\/p><\/div>\n<\/article>\n<article class=\"actif\">\n<header>\n<h4 id=\"actifs\">LES ACTIFS<\/h4>\n<\/header>\n<div class=\"content\">\n<div class=\"items\">\n<div class=\"text cms\">\n<p>Sa formule tr\u00e8s compl\u00e8te r\u00e9unit 11 ingr\u00e9dients :<\/p>\n<p>\u25cf\u00a0<strong>Un fort dosage<\/strong>\u00a0en Glucosamine et en Chondro\u00eftine : naturellement produits par l\u2019organisme, ces deux composants essentiels du cartilage sont ici associ\u00e9s \u00e0 un compos\u00e9 soufr\u00e9 : le MSM (M\u00e9thyl-Sulfonyl-M\u00e9thane).<\/p>\n<p>\u25cf\u00a0<strong>Du collag\u00e8ne de type II<\/strong>\u00a0: principale prot\u00e9ine constituant sp\u00e9cifiquement le cartilage articulaire.<\/p>\n<p>\u25cf\u00a0<strong>Un trio de plantes<\/strong>\u00a0: Harpagophytum, Ashwagandha, ainsi que du Curcuma qui permet de conserver des articulations souples et mobiles.<\/p>\n<p>\u25cf\u00a0<strong>Des vitamines et min\u00e9raux<\/strong>\u00a0pour favoriser la formation du cartilage et des os, et limiter la d\u00e9gradation des cellules.<\/p>\n<p>Un compl\u00e9ment alimentaire ne doit pas se substituer \u00e0 une alimentation vari\u00e9e et \u00e9quilibr\u00e9e et \u00e0 un mode de vie sain. Ne pas d\u00e9passer la dose journali\u00e8re conseill\u00e9e. Tenir hors de la port\u00e9e des jeunes enfants. D\u00e9conseill\u00e9 aux femmes enceintes ou qui allaitent et aux enfants de moins de 15 ans sans avis m\u00e9dical. Contient de la glucosamine, de la chondro\u00eftine, du curcuma, d\u00e9conseill\u00e9s aux personnes diab\u00e9tiques, pr\u00e9diab\u00e9tiques, asthmatiques et sous anticoagulants. Contient de l\u2019harpagophytum, ne pas utiliser en cas d'ulc\u00e8re gastrique ou duod\u00e9nal ou de calculs biliaires. A conserver \u00e0 une temp\u00e9rature inf\u00e9rieure \u00e0 25\u00b0C et \u00e0 l\u2019abri de l\u2019humidit\u00e9 dans son emballage herm\u00e9tiquement ferm\u00e9.<\/p>\n<\/div>\n<\/div>\n<\/div>\n<\/article>","protected":false},"excerpt":{"rendered":"<p>Fort\u00e9 Flex Max Articulations vous aide au quotidien \u00e0 maintenir confort, souplesse et mobilit\u00e9 articulaire.<\/p>","protected":false},"featured_media":24355,"template":"","meta":{"arc_restricted_post":false},"product_cat":[49,337],"product_tag":[],"_links":{"self":[{"href":"https:\/\/www.sopha-sahara.com\/en\/wp-json\/wp\/v2\/product\/24332"}],"collection":[{"href":"https:\/\/www.sopha-sahara.com\/en\/wp-json\/wp\/v2\/product"}],"about":[{"href":"https:\/\/www.sopha-sahara.com\/en\/wp-json\/wp\/v2\/types\/product"}],"wp:featuredmedia":[{"embeddable":true,"href":"https:\/\/www.sopha-sahara.com\/en\/wp-json\/wp\/v2\/media\/24355"}],"wp:attachment":[{"href":"https:\/\/www.sopha-sahara.com\/en\/wp-json\/wp\/v2\/media?parent=24332"}],"wp:term":[{"taxonomy":"product_cat","embeddable":true,"href":"https:\/\/www.sopha-sahara.com\/en\/wp-json\/wp\/v2\/product_cat?post=24332"},{"taxonomy":"product_tag","embeddable":true,"href":"https:\/\/www.sopha-sahara.com\/en\/wp-json\/wp\/v2\/product_tag?post=24332"}],"curies":[{"name":"wp","href":"https:\/\/api.w.org\/{rel}","templated":true}]}}