{"id":24331,"date":"2020-12-18T12:00:23","date_gmt":"2020-12-18T11:00:23","guid":{"rendered":"https:\/\/www.interbusinesschamber.com\/produit\/forte-flex-flash-d-contract-muscles\/"},"modified":"2020-12-28T17:10:37","modified_gmt":"2020-12-28T16:10:37","slug":"forte-flex-flash-d-contract-muscles","status":"publish","type":"product","link":"https:\/\/www.sopha-sahara.com\/en\/product\/forte-flex-flash-d-contract-muscles\/","title":{"rendered":"FORTE FLEX FLASH D-CONTRACT MUSCLES"},"content":{"rendered":"<article id=\"711\" class=\"posology\">\n<h4 class=\"notice cms\">UTULISATION<\/h4>\n<div class=\"notice cms\">Prendre 2 comprim\u00e9s par jour avec un verre d'eau (200ml), d\u00e8s l'apparition de la contraction musculaire ou en pr\u00e9vision d'efforts musculaires intenses ou prolong\u00e9s.<\/div>\n<\/article>\n<article class=\"actif\">\n<header>\n<h4 id=\"actifs\">LES ACTIFS<\/h4>\n<\/header>\n<div class=\"content\">\n<div class=\"items\">\n<div class=\"text cms\">\n<p>Complexe de 14 ingr\u00e9dients associant plantes, acide amin\u00e9, vitamines et min\u00e9raux, Fort\u00e9 Flex Flash propose une formule 4 actions, active en 15min, pour :<\/p>\n<p>\u2022 D\u00e9contracter les muscles avec le Quinquina \u00a0et le Magn\u00e9sium\u00a0.<br \/>\u2022 D\u00e9tendre et apaiser <sup>\u00a0<\/sup>gr\u00e2ce \u00e0 la Pr\u00eale qui favorise la d\u00e9tente et la relaxation.<br \/>\u2022 Am\u00e9liorer la mobilit\u00e9 gr\u00e2ce \u00e0 la Scutellaire qui contribue au bon fonctionnement musculaire et au maintien des tendons, et au cuivre qui aide au maintien de tissus conjonctifs normaux.<br \/>\u2022 Faciliter les fonctions d\u2019\u00e9limination \u00a0gr\u00e2ce au Sureau. Le s\u00e9l\u00e9nium prot\u00e8ge les cellules contre le stress oxydatif . La formule est compl\u00e9t\u00e9e par du saule, de l'ortie, des vitamines du groupe B et de la cr\u00e9atine.<\/p>\n<p><em>Un compl\u00e9ment alimentaire ne doit pas se substituer \u00e0 une alimentation vari\u00e9e et \u00e9quilibr\u00e9e et \u00e0 un mode de vie sain. Ne pas d\u00e9passer la dose journali\u00e8re conseill\u00e9e. Tenir hors de port\u00e9e des jeunes enfants. D\u00e9conseill\u00e9 aux femmes enceintes et allaitantes, aux enfants et adolescents de moins de 18 ans. Contient du Saule, la consommation chez les personnes sous traitement anti-coagulant et chez les personnes souffrant d'allergie aux d\u00e9riv\u00e9s salicyl\u00e9s est d\u00e9conseill\u00e9e. Ce compl\u00e9ment alimentaire n\u2019est pas un m\u00e9dicament. A conserver \u00e0 une temp\u00e9rature inf\u00e9rieure \u00e0 25\u00b0C et \u00e0 l\u2019abri de l\u2019humidit\u00e9 dans son emballage herm\u00e9tiquement ferm\u00e9.<\/em><\/div>\n<\/div>\n<\/div>\n<\/article>","protected":false},"excerpt":{"rendered":"<p>Fort\u00e9 Flex Flash D-Contract&rsquo; Muscles contribue \u00e0 apaiser et d\u00e9tendre, il aide \u00e0 d\u00e9contracter les muscles du dos, cou, mollets&#8230;<\/p>\n<p>Pour:<br \/>\u2022 D\u00e9contracter les muscles\u00a0<br \/>\u2022 D\u00e9tendre et apaiser\u00a0<br \/>\u2022 Am\u00e9liorer la mobilit\u00e9<sup>\u00a0<\/sup><br \/>\u2022 Faciliter les fonctions d\u2019\u00e9limination\u00a0<\/p>","protected":false},"featured_media":24354,"template":"","meta":{"arc_restricted_post":false},"product_cat":[49,337],"product_tag":[],"_links":{"self":[{"href":"https:\/\/www.sopha-sahara.com\/en\/wp-json\/wp\/v2\/product\/24331"}],"collection":[{"href":"https:\/\/www.sopha-sahara.com\/en\/wp-json\/wp\/v2\/product"}],"about":[{"href":"https:\/\/www.sopha-sahara.com\/en\/wp-json\/wp\/v2\/types\/product"}],"wp:featuredmedia":[{"embeddable":true,"href":"https:\/\/www.sopha-sahara.com\/en\/wp-json\/wp\/v2\/media\/24354"}],"wp:attachment":[{"href":"https:\/\/www.sopha-sahara.com\/en\/wp-json\/wp\/v2\/media?parent=24331"}],"wp:term":[{"taxonomy":"product_cat","embeddable":true,"href":"https:\/\/www.sopha-sahara.com\/en\/wp-json\/wp\/v2\/product_cat?post=24331"},{"taxonomy":"product_tag","embeddable":true,"href":"https:\/\/www.sopha-sahara.com\/en\/wp-json\/wp\/v2\/product_tag?post=24331"}],"curies":[{"name":"wp","href":"https:\/\/api.w.org\/{rel}","templated":true}]}}