{"id":24330,"date":"2020-12-18T12:00:23","date_gmt":"2020-12-18T11:00:23","guid":{"rendered":"https:\/\/www.interbusinesschamber.com\/produit\/forte-flex-curcuma-100\/"},"modified":"2020-12-28T17:07:47","modified_gmt":"2020-12-28T16:07:47","slug":"forte-flex-curcuma-100","status":"publish","type":"product","link":"https:\/\/www.sopha-sahara.com\/en\/product\/forte-flex-curcuma-100\/","title":{"rendered":"FORTE FLEX CURCUMA 100"},"content":{"rendered":"<h4>UTILISATION<\/h4>\n<article id=\"397\" class=\"posology\">\n<div class=\"notice cms\">Prendre 1 g\u00e9lule de Curcuma 100 par jour avec un grand verre d'eau au cours du repas.<br \/>Un programme de 1 mois est conseill\u00e9, \u00e0 renouveller si n\u00e9cessaire.<\/div>\n<\/article>\n<article class=\"actif\">\n<header>\n<h4 id=\"actifs\">LES ACTIFS<\/h4>\n<\/header>\n<div class=\"content\">\n<div class=\"items\">\n<div class=\"text cms\">\n<p>Le curcuma a de nombreuses propri\u00e9t\u00e9s : il contribue \u00e0 la flexibilit\u00e9 et au confort articulaire ainsi qu'au maintien d'un syst\u00e8me immunitaire efficace. Le curcuma et la vitamine E poss\u00e8dent \u00e9galement des propri\u00e9t\u00e9s anti-oxydantes.<\/p>\n<p>Un compl\u00e9ment alimentaire ne doit pas se substituer \u00e0 une alimentation vari\u00e9e et \u00e9quilibr\u00e9e et \u00e0 un mode de vie sain. Ne pas d\u00e9passer la dose journali\u00e8re conseill\u00e9e. Tenir hors de port\u00e9e des jeunes enfants. D\u00e9conseill\u00e9 aux femmes enceintes ou qui allaitent et aux enfants de moins de 12 ans sans avis m\u00e9dical. L\u2019emploi chez les personnes sous anticoagulant est d\u00e9conseill\u00e9.<\/p>\n<\/div>\n<\/div>\n<\/div>\n<\/article>","protected":false},"excerpt":{"rendered":"<p>Forte Flex Curcuma 100 associe un extrait de curcuma, qui apporte 100mg de curcumine \u00e0 un extrait de poivre noir qui renferme de la pip\u00e9rine afin d&rsquo;augmenter l&rsquo;absorption du curcuma.<\/p>","protected":false},"featured_media":24353,"template":"","meta":{"arc_restricted_post":false},"product_cat":[49,337],"product_tag":[],"_links":{"self":[{"href":"https:\/\/www.sopha-sahara.com\/en\/wp-json\/wp\/v2\/product\/24330"}],"collection":[{"href":"https:\/\/www.sopha-sahara.com\/en\/wp-json\/wp\/v2\/product"}],"about":[{"href":"https:\/\/www.sopha-sahara.com\/en\/wp-json\/wp\/v2\/types\/product"}],"wp:featuredmedia":[{"embeddable":true,"href":"https:\/\/www.sopha-sahara.com\/en\/wp-json\/wp\/v2\/media\/24353"}],"wp:attachment":[{"href":"https:\/\/www.sopha-sahara.com\/en\/wp-json\/wp\/v2\/media?parent=24330"}],"wp:term":[{"taxonomy":"product_cat","embeddable":true,"href":"https:\/\/www.sopha-sahara.com\/en\/wp-json\/wp\/v2\/product_cat?post=24330"},{"taxonomy":"product_tag","embeddable":true,"href":"https:\/\/www.sopha-sahara.com\/en\/wp-json\/wp\/v2\/product_tag?post=24330"}],"curies":[{"name":"wp","href":"https:\/\/api.w.org\/{rel}","templated":true}]}}