{"id":24329,"date":"2020-12-18T12:00:22","date_gmt":"2020-12-18T11:00:22","guid":{"rendered":"https:\/\/www.interbusinesschamber.com\/produit\/forte-detox-foie\/"},"modified":"2020-12-28T17:06:36","modified_gmt":"2020-12-28T16:06:36","slug":"forte-detox-foie","status":"publish","type":"product","link":"https:\/\/www.sopha-sahara.com\/en\/product\/forte-detox-foie\/","title":{"rendered":"FORT\u00c9 D\u00c9TOX FOIE"},"content":{"rendered":"<article id=\"447\" class=\"posology\">\n<h4 class=\"notice cms\">UTILISATION<\/h4>\n<div class=\"notice cms\">1 ampoule par jour \u00e0 boire dilu\u00e9e dans un verre d\u2019eau.<br \/>Agiter l'ampoule avant emploi car un l\u00e9ger d\u00e9p\u00f4t; d\u00fb \u00e0 la forte concentration en plantes du produit peut appara\u00eetre. Afin d'\u00e9viter la chute \u00e9ventuelle de d\u00e9bris d'ampoule dans le liquide, ne pas casser l'ampoule au dessus du verre.<\/div>\n<\/article>\n<article class=\"actif\">\n<header>\n<h4 id=\"actifs\">LES ACTIFS<\/h4>\n<\/header>\n<div class=\"content\">\n<div class=\"items\">\n<div class=\"text cms\">\n<p>Fort\u00e9 D\u00e9tox Foie est une formule de qualit\u00e9 dont les actifs d'origine naturelle favorisent le processus d'\u00e9limination des toxines.<\/p>\n<p>Pour garder un organisme \u00e9quilibr\u00e9, il est n\u00e9cessaire d'\u00e9liminer les toxines. Apr\u00e8s une p\u00e9riode d'exc\u00e8s ou lors des changements de saison, il est utile de purifier son corps de l'int\u00e9rieur.<\/p>\n<p>Fort\u00e9 D\u00e9tox Foie contient une association d'actifs d'origine v\u00e9g\u00e9tale: du Radis Noir, du Bouleau titr\u00e9 et du Desmodium, plante sauvage originaire d'Afrique Equatoriale reconnue pour favoriser le drainage h\u00e9patique et la d\u00e9toxification.<\/p>\n<p>Fort\u00e9 D\u00e9tox Foie devient votre partenaire bien-\u00eatre id\u00e9al !<\/p>\n<pre>\u00a0<\/pre>\n<\/div>\n<\/div>\n<\/div>\n<\/article>","protected":false},"excerpt":{"rendered":"<div class=\"text\">\n<p>Fort\u00e9 D\u00e9tox Foie est une formule contenant des actifs d&rsquo;origine naturelle visant \u00e0 favoriser ce processus d&rsquo;\u00e9limination des toxines.<\/p>\n<\/div>","protected":false},"featured_media":24352,"template":"","meta":{"arc_restricted_post":false},"product_cat":[49,337],"product_tag":[],"_links":{"self":[{"href":"https:\/\/www.sopha-sahara.com\/en\/wp-json\/wp\/v2\/product\/24329"}],"collection":[{"href":"https:\/\/www.sopha-sahara.com\/en\/wp-json\/wp\/v2\/product"}],"about":[{"href":"https:\/\/www.sopha-sahara.com\/en\/wp-json\/wp\/v2\/types\/product"}],"wp:featuredmedia":[{"embeddable":true,"href":"https:\/\/www.sopha-sahara.com\/en\/wp-json\/wp\/v2\/media\/24352"}],"wp:attachment":[{"href":"https:\/\/www.sopha-sahara.com\/en\/wp-json\/wp\/v2\/media?parent=24329"}],"wp:term":[{"taxonomy":"product_cat","embeddable":true,"href":"https:\/\/www.sopha-sahara.com\/en\/wp-json\/wp\/v2\/product_cat?post=24329"},{"taxonomy":"product_tag","embeddable":true,"href":"https:\/\/www.sopha-sahara.com\/en\/wp-json\/wp\/v2\/product_tag?post=24329"}],"curies":[{"name":"wp","href":"https:\/\/api.w.org\/{rel}","templated":true}]}}