{"id":24328,"date":"2020-12-18T12:00:22","date_gmt":"2020-12-18T11:00:22","guid":{"rendered":"https:\/\/www.interbusinesschamber.com\/produit\/forte-lax-cubes-transit\/"},"modified":"2020-12-28T17:02:50","modified_gmt":"2020-12-28T16:02:50","slug":"forte-lax-cubes-transit","status":"publish","type":"product","link":"https:\/\/www.sopha-sahara.com\/en\/product\/forte-lax-cubes-transit\/","title":{"rendered":"FORT\u00c9 LAX CUBES TRANSIT"},"content":{"rendered":"<article id=\"621\" class=\"posology\">\n<h4 class=\"notice cms\">UTILISATION<\/h4>\n<div class=\"notice cms\">Prendre 1 \u00e0 3 cube(s) \u00e0 m\u00e2cher par jour, accompagn\u00e9(s) d'un grand verre d'eau (200 ml)<\/div>\n<\/article>\n<article class=\"actif\">\n<header>\n<h4 id=\"actifs\">LES ACTIFS<\/h4>\n<\/header>\n<div class=\"content\">\n<div class=\"items\">\n<div class=\"text cms\">\n<p>Compos\u00e9 de fibres naturelles issues de fruits et de c\u00e9r\u00e9ales :<\/p>\n<p>\u2022 Pruneau<br \/>\u2022 Figue<br \/>\u2022 Son de bl\u00e9<br \/>\u2022 Gomme d\u2019acacia.<\/p>\n<p>Dans l'organisme, les fibres ont un r\u00f4le important car elles retiennent l\u2019eau, augmentent le volume des selles et stimulent les contractions de l\u2019intestin.<\/p>\n<p><em>Un compl\u00e9ment alimentaire ne doit pas se substituer \u00e0 une alimentation vari\u00e9e et \u00e9quilibr\u00e9e et \u00e0 un mode de vie sain. Tenir hors de port\u00e9e des jeunes enfants. Ne pas d\u00e9passer la dose journali\u00e8re conseill\u00e9e. D\u00e9conseill\u00e9 aux enfants de moins de 12 ans sans avis m\u00e9dical. Il est conseill\u00e9 aux femmes enceintes ou allaitantes de demander conseil \u00e0 un professionnel de sant\u00e9 avant toute suppl\u00e9mentation. A conserver dans un endroit frais et sec, \u00e0 l\u2019abri de la lumi\u00e8re.<\/em><\/p>\n<\/div>\n<\/div>\n<\/div>\n<\/article>","protected":false},"excerpt":{"rendered":"<div class=\"text\">\n<p>De savoureux cubes transit, riches en fibres<\/p>\n<p>Un cube vous apporte 2,5g de fibres et 3 cubes vous apportent 7,5g de fibres.<\/p>\n<p>&nbsp;<\/p>\n<\/div>","protected":false},"featured_media":24357,"template":"","meta":{"arc_restricted_post":false},"product_cat":[49,337],"product_tag":[],"_links":{"self":[{"href":"https:\/\/www.sopha-sahara.com\/en\/wp-json\/wp\/v2\/product\/24328"}],"collection":[{"href":"https:\/\/www.sopha-sahara.com\/en\/wp-json\/wp\/v2\/product"}],"about":[{"href":"https:\/\/www.sopha-sahara.com\/en\/wp-json\/wp\/v2\/types\/product"}],"wp:featuredmedia":[{"embeddable":true,"href":"https:\/\/www.sopha-sahara.com\/en\/wp-json\/wp\/v2\/media\/24357"}],"wp:attachment":[{"href":"https:\/\/www.sopha-sahara.com\/en\/wp-json\/wp\/v2\/media?parent=24328"}],"wp:term":[{"taxonomy":"product_cat","embeddable":true,"href":"https:\/\/www.sopha-sahara.com\/en\/wp-json\/wp\/v2\/product_cat?post=24328"},{"taxonomy":"product_tag","embeddable":true,"href":"https:\/\/www.sopha-sahara.com\/en\/wp-json\/wp\/v2\/product_tag?post=24328"}],"curies":[{"name":"wp","href":"https:\/\/api.w.org\/{rel}","templated":true}]}}