{"id":24327,"date":"2020-12-18T12:00:22","date_gmt":"2020-12-18T11:00:22","guid":{"rendered":"https:\/\/www.interbusinesschamber.com\/produit\/forte-lax-express\/"},"modified":"2020-12-28T17:01:47","modified_gmt":"2020-12-28T16:01:47","slug":"forte-lax-express","status":"publish","type":"product","link":"https:\/\/www.sopha-sahara.com\/en\/product\/forte-lax-express\/","title":{"rendered":"FORT\u00c9 LAX EXPRESS"},"content":{"rendered":"<article id=\"697\" class=\"posology\">\n<h4 class=\"notice cms\">UTILISATION<\/h4>\n<div class=\"notice cms\">Prendre une g\u00e9lule le soir avec un grand verre d\u2019eau (200 ml).<\/p>\n<p>Il est recommand\u00e9 de boire de l\u2019eau r\u00e9guli\u00e8rement et en quantit\u00e9 suffisante (au moins 1,5L par jour).<\/p><\/div>\n<\/article>\n<article class=\"actif\">\n<header>\n<h4 id=\"actifs\">LES ACTIFS<\/h4>\n<\/header>\n<div class=\"content\">\n<div class=\"items\">\n<div class=\"text cms\">\n<p>- Le tamarin aide \u00e0 faciliter le transit par effet de lest. Il contribue \u00e9galement au confort digestif.<br \/>- Le s\u00e9n\u00e9 et le cascara sont connus pour leur action sp\u00e9cifique.<br \/>- Le schisandra poss\u00e8de des propri\u00e9t\u00e9s adaptog\u00e8nes et aide \u00e0 mieux g\u00e9rer le stress. Il favorise la capacit\u00e9 du corps \u00e0 s\u2019adapter \u00e0 chaque situation.<br \/>- Le fenouil et la levure de bi\u00e8re compl\u00e8tent cette formule.<\/p>\n<p>Un compl\u00e9ment alimentaire ne doit pas se substituer \u00e0 une alimentation vari\u00e9e et \u00e9quilibr\u00e9e et \u00e0 un mode de vie sain. Tenir hors de port\u00e9e des enfants. Ne pas d\u00e9passer la dose journali\u00e8re conseill\u00e9e. Ne pas administrer aux enfants de moins de 12 ans. Consultez votre m\u00e9decin en cas de grossesse ou d'allaitement. Un usage prolong\u00e9 est d\u00e9conseill\u00e9. Pas d'utilisation prolong\u00e9e sans avis d'un sp\u00e9cialiste. D\u00e9conseill\u00e9 en cas d\u2019usage concomitant d\u2019anticoagulants. A conserver \u00e0 une temp\u00e9rature inf\u00e9rieure \u00e0 25\u00b0C et \u00e0 l\u2019abri de l\u2019humidit\u00e9 dans son emballage herm\u00e9tiquement ferm\u00e9.<\/p>\n<\/div>\n<\/div>\n<\/div>\n<\/article>","protected":false},"excerpt":{"rendered":"<p>Une formule aux actifs d&rsquo;origine 100% naturelle pour aider \u00e0 faciliter le transit intestinal.<\/p>","protected":false},"featured_media":24358,"template":"","meta":{"arc_restricted_post":false},"product_cat":[49,337],"product_tag":[],"_links":{"self":[{"href":"https:\/\/www.sopha-sahara.com\/en\/wp-json\/wp\/v2\/product\/24327"}],"collection":[{"href":"https:\/\/www.sopha-sahara.com\/en\/wp-json\/wp\/v2\/product"}],"about":[{"href":"https:\/\/www.sopha-sahara.com\/en\/wp-json\/wp\/v2\/types\/product"}],"wp:featuredmedia":[{"embeddable":true,"href":"https:\/\/www.sopha-sahara.com\/en\/wp-json\/wp\/v2\/media\/24358"}],"wp:attachment":[{"href":"https:\/\/www.sopha-sahara.com\/en\/wp-json\/wp\/v2\/media?parent=24327"}],"wp:term":[{"taxonomy":"product_cat","embeddable":true,"href":"https:\/\/www.sopha-sahara.com\/en\/wp-json\/wp\/v2\/product_cat?post=24327"},{"taxonomy":"product_tag","embeddable":true,"href":"https:\/\/www.sopha-sahara.com\/en\/wp-json\/wp\/v2\/product_tag?post=24327"}],"curies":[{"name":"wp","href":"https:\/\/api.w.org\/{rel}","templated":true}]}}