{"id":24326,"date":"2020-12-18T12:00:22","date_gmt":"2020-12-18T11:00:22","guid":{"rendered":"https:\/\/www.interbusinesschamber.com\/produit\/forte-lax-transit-activ\/"},"modified":"2020-12-28T17:00:58","modified_gmt":"2020-12-28T16:00:58","slug":"forte-lax-transit-activ","status":"publish","type":"product","link":"https:\/\/www.sopha-sahara.com\/en\/product\/forte-lax-transit-activ\/","title":{"rendered":"FORT\u00c9 LAX TRANSIT ACTIV&rsquo;"},"content":{"rendered":"<article id=\"620\" class=\"posology\">\n<h4 class=\"notice cms\">UTILISATION<\/h4>\n<div class=\"notice cms\">Prendre 1 \u00e0 3 comprim\u00e9(s) par jour, le soir, avec un grand verre d'eau (200 ml)<\/div>\n<\/article>\n<article class=\"actif\">\n<header>\n<h4 id=\"actifs\">LES ACTIFS<\/h4>\n<\/header>\n<div class=\"content\">\n<div class=\"items\">\n<div class=\"text cms\">\n<p>Sa formule est compos\u00e9e de 8 plantes et fruits, dont la Mauve qui permet de favoriser un bon transit. La Mauve, le Pruneau, la Figue, le Carvi et l\u2019Ispaghul sont associ\u00e9s au complexe ACTIFIBRES, riche en fibres <sup>\u00a0<\/sup>naturelles issues de c\u00e9r\u00e9ales (Avoine, Orge, Bl\u00e9).<\/p>\n<p><strong>Un compl\u00e9ment alimentaire ne doit pas se substituer \u00e0 une alimentation vari\u00e9e et \u00e9quilibr\u00e9e et \u00e0 un mode de vie sain. Tenir hors de port\u00e9e des jeunes enfants. Ne pas d\u00e9passer la dose journali\u00e8re conseill\u00e9e. D\u00e9conseill\u00e9 aux enfants de moins de 12 ans sans avis m\u00e9dical. Il est conseill\u00e9 aux femmes enceintes ou allaitantes de demander conseil \u00e0 un professionnel de sant\u00e9 avant toute suppl\u00e9mentation. Ne pas administrer concomitamment avec des m\u00e9dicaments. Un usage prolong\u00e9 est d\u00e9conseill\u00e9. Ce compl\u00e9ment alimentaire n\u2019est pas un m\u00e9dicament. A conserver dans un endroit frais et sec, \u00e0 l\u2019abri de la lumi\u00e8re.<\/strong><\/p>\n<\/div>\n<\/div>\n<\/div>\n<\/article>","protected":false},"excerpt":{"rendered":"<p>Un concentr\u00e9 d&rsquo;actifs d&rsquo;origine 100% naturelle pour favoriser le confort intestinal.<\/p>","protected":false},"featured_media":24359,"template":"","meta":{"arc_restricted_post":false},"product_cat":[49,337],"product_tag":[],"_links":{"self":[{"href":"https:\/\/www.sopha-sahara.com\/en\/wp-json\/wp\/v2\/product\/24326"}],"collection":[{"href":"https:\/\/www.sopha-sahara.com\/en\/wp-json\/wp\/v2\/product"}],"about":[{"href":"https:\/\/www.sopha-sahara.com\/en\/wp-json\/wp\/v2\/types\/product"}],"wp:featuredmedia":[{"embeddable":true,"href":"https:\/\/www.sopha-sahara.com\/en\/wp-json\/wp\/v2\/media\/24359"}],"wp:attachment":[{"href":"https:\/\/www.sopha-sahara.com\/en\/wp-json\/wp\/v2\/media?parent=24326"}],"wp:term":[{"taxonomy":"product_cat","embeddable":true,"href":"https:\/\/www.sopha-sahara.com\/en\/wp-json\/wp\/v2\/product_cat?post=24326"},{"taxonomy":"product_tag","embeddable":true,"href":"https:\/\/www.sopha-sahara.com\/en\/wp-json\/wp\/v2\/product_tag?post=24326"}],"curies":[{"name":"wp","href":"https:\/\/api.w.org\/{rel}","templated":true}]}}