{"id":24325,"date":"2020-12-18T12:00:22","date_gmt":"2020-12-18T11:00:22","guid":{"rendered":"https:\/\/www.interbusinesschamber.com\/produit\/forterub-bronches\/"},"modified":"2020-12-28T16:59:00","modified_gmt":"2020-12-28T15:59:00","slug":"forterub-bronches","status":"publish","type":"product","link":"https:\/\/www.sopha-sahara.com\/en\/product\/forterub-bronches\/","title":{"rendered":"FORT\u00c9RUB BRONCHES"},"content":{"rendered":"<h4>UTILISATION<\/h4>\n<article id=\"611\" class=\"posology\">\n<div class=\"notice cms\">Prendre 2 fois par jour 20 ml \u00e0 l\u2019aide du gobelet doseur, de pr\u00e9f\u00e9rence le matin et le midi.<\/p>\n<p>Sans somnolence<\/p><\/div>\n<\/article>\n<article class=\"actif\">\n<header>\n<h4 id=\"actifs\">LES ACTIFS<\/h4>\n<\/header>\n<div class=\"content\">\n<div class=\"items\">\n<div class=\"text cms\">\n<p>La solution buvable Fort\u00e9Rub Bronches contient du Lierre et de la N-Ac\u00e9tylCyst\u00e9ine, un d\u00e9riv\u00e9 d\u2019acide amin\u00e9. La formule associe \u00e9galement du P\u00e9largonium pour son action apaisante sur les voies respiratoires .<\/p>\n<p>L\u2019huile essentielle d\u2019Eucalyptus compl\u00e8te la formule et aide \u00e0 faciliter la respiration .<\/p>\n<p><strong><\/p>\n<p>\u200bUn compl\u00e9ment alimentaire ne doit pas se substituer \u00e0 une alimentation vari\u00e9e et \u00e9quilibr\u00e9e et \u00e0 un mode de vie sain. Tenir hors de port\u00e9e des jeunes enfants. Ne pas d\u00e9passer la dose journali\u00e8re conseill\u00e9e. Ne pas utiliser chez la femme enceinte ou qui allaite, les personnes \u00e2g\u00e9es et chez les enfants de moins de 12 ans. Ne pas utiliser de mani\u00e8re prolong\u00e9e sans avis m\u00e9dical. Une consommation excessive peut avoir des effets laxatifs. D\u00e9conseill\u00e9 aux personnes asthmatiques, epileptiques, aux personnes souffrant d\u2019hypertension ou ayant des ant\u00e9c\u00e9dents de convulsion sans l\u2019avis d\u2019un professionnel de sant\u00e9. Ne pas d\u00e9passer un mois de prise. Ce compl\u00e9ment alimentaire n\u2019est pas un m\u00e9dicament. Ne pas utiliser en cas d\u2019hypersensibilit\u00e9 \u00e0 l\u2019\u00e9chinac\u00e9e. Informez votre m\u00e9decin ou \u00a0pharmacien en cas de prise simultan\u00e9e de m\u00e9dicaments. A conserver dans un endroit sec et frais. A conserver au r\u00e9frig\u00e9rateur apr\u00e8s ouverture et \u00e0 consommer dans les 10 jours.<\/strong><\/p>\n<\/div>\n<\/div>\n<\/div>\n<\/article>","protected":false},"excerpt":{"rendered":"<p>L&rsquo;association de la N-Ac\u00e9tylCyst\u00e9ine et du lierre pour d\u00e9gager les bronches<\/p>","protected":false},"featured_media":24371,"template":"","meta":{"arc_restricted_post":false},"product_cat":[49,337],"product_tag":[],"_links":{"self":[{"href":"https:\/\/www.sopha-sahara.com\/en\/wp-json\/wp\/v2\/product\/24325"}],"collection":[{"href":"https:\/\/www.sopha-sahara.com\/en\/wp-json\/wp\/v2\/product"}],"about":[{"href":"https:\/\/www.sopha-sahara.com\/en\/wp-json\/wp\/v2\/types\/product"}],"wp:featuredmedia":[{"embeddable":true,"href":"https:\/\/www.sopha-sahara.com\/en\/wp-json\/wp\/v2\/media\/24371"}],"wp:attachment":[{"href":"https:\/\/www.sopha-sahara.com\/en\/wp-json\/wp\/v2\/media?parent=24325"}],"wp:term":[{"taxonomy":"product_cat","embeddable":true,"href":"https:\/\/www.sopha-sahara.com\/en\/wp-json\/wp\/v2\/product_cat?post=24325"},{"taxonomy":"product_tag","embeddable":true,"href":"https:\/\/www.sopha-sahara.com\/en\/wp-json\/wp\/v2\/product_tag?post=24325"}],"curies":[{"name":"wp","href":"https:\/\/api.w.org\/{rel}","templated":true}]}}