{"id":24324,"date":"2020-12-18T12:00:21","date_gmt":"2020-12-18T11:00:21","guid":{"rendered":"https:\/\/www.interbusinesschamber.com\/produit\/forterub-1ers-signes\/"},"modified":"2020-12-28T16:58:09","modified_gmt":"2020-12-28T15:58:09","slug":"forterub-1ers-signes","status":"publish","type":"product","link":"https:\/\/www.sopha-sahara.com\/en\/product\/forterub-1ers-signes\/","title":{"rendered":"FORT\u00c9RUB 1ERS SIGNES"},"content":{"rendered":"<article id=\"610\" class=\"posology\">\n<h4>UTILISATION<\/h4>\n<div class=\"notice cms\">- 1\u00a0g\u00e9lule Jour (blanche) \u00e0 prendre le matin<br \/>- 1 g\u00e9lule Jour (blanche) \u00e0 prendre le midi<br \/>- 1 g\u00e9lule Nuit (bleue et blanche) \u00e0 prendre le soir au coucher<\/p>\n<p>Avaler la g\u00e9lule avec un grand verre d'eau.<br \/>Sans effets ind\u00e9sirables, sans somnolence.<\/div>\n<\/article>\n<article class=\"actif\">\n<header>\n<h4 id=\"actifs\">LES ACTIFS<\/h4>\n<\/header>\n<div class=\"content\">\n<div class=\"items\">\n<div class=\"text cms\">\n<p><strong>Le Jour :<\/strong><br \/>Lib\u00e8re les voies respiratoires, d\u00e9gage\u00a0(agit sur)\u00a0le nez et gorge<sup>(1)<\/sup>\u00a0Formule Jour \u00e0 base de Sureau, d'Eleuth\u00e9rocoque, d'Echinac\u00e9e,\u00a0d'extrait de\u00a0Thym titr\u00e9 en huile essentielle et de vitamine C.\u00a0<\/p>\n<p><strong>La Nuit :<\/strong><br \/>Am\u00e9liore le confort respiratoire<sup>(2)<\/sup>\u00a0Formule Nuit \u00e0 base de P\u00e9largonium, d'extrait de\u00a0Eucalyptus titr\u00e9 en huile essentielle, de Cuivre et de vitamine B3.<\/p>\n<p>Un compl\u00e9ment alimentaire ne doit pas se substituer \u00e0 une alimentation vari\u00e9e et \u00e9quilibr\u00e9e et \u00e0 un mode de vie sain. Ne pas d\u00e9passer la dose journali\u00e8re conseill\u00e9e.Tenir hors de port\u00e9e des jeunes enfants. Ne pas utiliser chez la femme enceinte ou qui allaite. D\u00e9conseill\u00e9 aux enfants de moins de 12 ans. A conserver \u00e0 une temp\u00e9rature inf\u00e9rieure \u00e0 25\u00b0C et \u00e0 l\u2019abri de l\u2019humidit\u00e9. Ce compl\u00e9ment alimentaire n\u2019est pas un m\u00e9dicament.<\/p>\n<\/div>\n<\/div>\n<\/div>\n<\/article>","protected":false},"excerpt":{"rendered":"<p>La solution efficace pour agir d\u00e8s les premiers signes d&rsquo;inconforts respiratoires (action nez et gorge).<\/p>","protected":false},"featured_media":24370,"template":"","meta":{"arc_restricted_post":false},"product_cat":[49,337],"product_tag":[],"_links":{"self":[{"href":"https:\/\/www.sopha-sahara.com\/en\/wp-json\/wp\/v2\/product\/24324"}],"collection":[{"href":"https:\/\/www.sopha-sahara.com\/en\/wp-json\/wp\/v2\/product"}],"about":[{"href":"https:\/\/www.sopha-sahara.com\/en\/wp-json\/wp\/v2\/types\/product"}],"wp:featuredmedia":[{"embeddable":true,"href":"https:\/\/www.sopha-sahara.com\/en\/wp-json\/wp\/v2\/media\/24370"}],"wp:attachment":[{"href":"https:\/\/www.sopha-sahara.com\/en\/wp-json\/wp\/v2\/media?parent=24324"}],"wp:term":[{"taxonomy":"product_cat","embeddable":true,"href":"https:\/\/www.sopha-sahara.com\/en\/wp-json\/wp\/v2\/product_cat?post=24324"},{"taxonomy":"product_tag","embeddable":true,"href":"https:\/\/www.sopha-sahara.com\/en\/wp-json\/wp\/v2\/product_tag?post=24324"}],"curies":[{"name":"wp","href":"https:\/\/api.w.org\/{rel}","templated":true}]}}