{"id":24323,"date":"2020-12-18T12:00:19","date_gmt":"2020-12-18T11:00:19","guid":{"rendered":"https:\/\/www.interbusinesschamber.com\/produit\/forterub-gorge-apaisee\/"},"modified":"2020-12-28T16:56:20","modified_gmt":"2020-12-28T15:56:20","slug":"forterub-gorge-apaisee","status":"publish","type":"product","link":"https:\/\/www.sopha-sahara.com\/en\/product\/forterub-gorge-apaisee\/","title":{"rendered":"FORT\u00c9RUB GORGE APAIS\u00c9E"},"content":{"rendered":"<h4>UTILISATION<\/h4>\n<article id=\"612\" class=\"posology\">\n<div class=\"notice cms\">1 \u00e0 4 pastilles par jour, espac\u00e9es sur la journ\u00e9e.<br \/>Laisser fondre lentement dans la bouche sans croquer.\u00a0<\/div>\n<\/article>\n<article class=\"actif\">\n<header>\n<h4 id=\"actifs\">LES ACTIFS<\/h4>\n<\/header>\n<div class=\"content\">\n<div class=\"items\">\n<div class=\"text cms\">\n<p>Pour apaiser les gorges\u00a0irrit\u00e9es sensibles, les pastilles Fort\u00e9Rub associent :<br \/>- de l\u2019huile essentielle d\u2019Epic\u00e9a pour son action apaisante sur la gorge, le pharynx et les cordes vocales.<br \/>- du P\u00e9largonium ainsi que du miel d\u2019Eucalyptus qui apporte de la douceur.<br \/>- de l\u2019Echinac\u00e9e qui aide \u00e0 renforcer le syst\u00e8me immunitaire. Riches en Vitamine C, les pastilles Fort\u00e9Rub procurent une sensation de fra\u00eecheur agr\u00e9able et durable.<\/p>\n<p><strong><br \/>Un compl\u00e9ment alimentaire ne doit pas se substituer \u00e0 une alimentation vari\u00e9e et \u00e9quilibr\u00e9e et \u00e0 un mode de vie sain. Tenir hors de port\u00e9e des jeunes enfants. Ne pas d\u00e9passer la dose journali\u00e8re conseill\u00e9e. Une consommation excessive peut avoir des effets laxatifs. Ne pas utiliser chez la femme enceinte ou qui allaite, les personnes \u00e2g\u00e9es et chez les enfants. Ne pas utiliser de mani\u00e8re prolong\u00e9e sans avis m\u00e9dical. D\u00e9conseill\u00e9 aux personnes allergiques aux produits de la ruche. D\u00e9conseill\u00e9 aux personnes asthmatiques, \u00e9pileptiques, aux personnes souffrant d\u2019hypertension ou ayant des ant\u00e9c\u00e9dents de convulsion sans l\u2019avis d\u2019un professionnel de sant\u00e9. Demandez conseil \u00e0 un professionnel de sant\u00e9 en cas d'insuffisance r\u00e9nale. Ce compl\u00e9ment alimentaire n\u2019est pas un m\u00e9dicament. Ne pas utiliser en cas d\u2019hypersensibilit\u00e9 \u00e0 l\u2019\u00e9chinac\u00e9e.<\/strong><br \/>\u00a0<\/p>\n<\/div>\n<\/div>\n<\/div>\n<\/article>","protected":false},"excerpt":{"rendered":"<div class=\"text\">\n<p>Une sensation de fraicheur apaisante pour aider \u00e0 soulager les gorges sensibles.<\/p>\n<\/div>","protected":false},"featured_media":24372,"template":"","meta":{"arc_restricted_post":false},"product_cat":[49,337],"product_tag":[],"_links":{"self":[{"href":"https:\/\/www.sopha-sahara.com\/en\/wp-json\/wp\/v2\/product\/24323"}],"collection":[{"href":"https:\/\/www.sopha-sahara.com\/en\/wp-json\/wp\/v2\/product"}],"about":[{"href":"https:\/\/www.sopha-sahara.com\/en\/wp-json\/wp\/v2\/types\/product"}],"wp:featuredmedia":[{"embeddable":true,"href":"https:\/\/www.sopha-sahara.com\/en\/wp-json\/wp\/v2\/media\/24372"}],"wp:attachment":[{"href":"https:\/\/www.sopha-sahara.com\/en\/wp-json\/wp\/v2\/media?parent=24323"}],"wp:term":[{"taxonomy":"product_cat","embeddable":true,"href":"https:\/\/www.sopha-sahara.com\/en\/wp-json\/wp\/v2\/product_cat?post=24323"},{"taxonomy":"product_tag","embeddable":true,"href":"https:\/\/www.sopha-sahara.com\/en\/wp-json\/wp\/v2\/product_tag?post=24323"}],"curies":[{"name":"wp","href":"https:\/\/api.w.org\/{rel}","templated":true}]}}