{"id":24322,"date":"2020-12-18T12:00:19","date_gmt":"2020-12-18T11:00:19","guid":{"rendered":"https:\/\/www.interbusinesschamber.com\/produit\/forterub-jour-nuit\/"},"modified":"2020-12-28T16:55:00","modified_gmt":"2020-12-28T15:55:00","slug":"forterub-jour-nuit","status":"publish","type":"product","link":"https:\/\/www.sopha-sahara.com\/en\/product\/forterub-jour-nuit\/","title":{"rendered":"FORT\u00c9RUB+ JOUR &#038; NUIT"},"content":{"rendered":"<h4>UTILISATION<\/h4>\n<article id=\"605\" class=\"posology\">\n<div class=\"notice cms\"><strong>Prendre :<\/strong><br \/>1 comprim\u00e9 Jour de Fort\u00e9 Rub+ \u00e0 prendre le matin<br \/>1 comprim\u00e9 Jour de Fort\u00e9 Rub+ \u00e0 prendre \u00e0 midi<br \/>1 comprim\u00e9 Nuitde Fort\u00e9 Rub+ \u00e0 prendre le soir au coucher<\/p>\n<p>Avaler le comprim\u00e9 avec un grand verre d'eau.<br \/>Sans effets ind\u00e9sirables, sans somnolence.<\/div>\n<\/article>\n<article class=\"actif\">\n<header>\n<h4 id=\"actifs\">LES ACTIFS<\/h4>\n<\/header>\n<div class=\"content\">\n<div class=\"items\">\n<div class=\"text cms\">\n<p><strong>LE JOUR :<\/strong><br \/>\u2022 Le Sureau aide \u00e0 lib\u00e9rer les voies respiratoires\u00a0<sup>(1)<\/sup>\u00a0et est associ\u00e9 dans la formule \u00e0 l\u2019Eucalyptus titr\u00e9 en huile essentielle.<br \/>\u2022 La formule Jour est compl\u00e9t\u00e9e par de l\u2019Echinac\u00e9e ainsi que par de la Vitamine C qui contribue au fonctionnement normal du syst\u00e8me immunitaire\u00a0<sup>(3)<\/sup>.<\/p>\n<p><strong>LA NUIT :<\/strong><br \/>\u2022 Le P\u00e9largonium am\u00e9liore le confort respiratoire et aide \u00e0 soulager la gorge .<br \/>\u00a0L\u2019association de la M\u00e9latonine et de la M\u00e9lisse vous aide \u00e0 passer de bonnes nuits en contribuant \u00e0 r\u00e9duire le temps d\u2019endormissement et en favorisant un sommeil r\u00e9parateur .<\/p>\n<p>Un compl\u00e9ment alimentaire ne doit pas se substituer \u00e0 une alimentation vari\u00e9e et \u00e9quilibr\u00e9e et \u00e0 un mode de vie sain. Tenir hors de port\u00e9e des jeunes enfants. Ne pas d\u00e9passer la dose journali\u00e8re conseill\u00e9e. Ne pas utiliser chez la femme enceinte ou qui allaite et chez les enfants. Ce compl\u00e9ment alimentaire n\u2019est pas un m\u00e9dicament. Ne pas utiliser en cas d\u2019hypersensibilit\u00e9 \u00e0 l\u2019\u00e9chinac\u00e9e. Ne pas conduire de v\u00e9hicule ou utiliser de machine dans les 4 ou 5 heures suivant la prise de m\u00e9latonine En cas de prise de m\u00e9dicaments (antid\u00e9presseurs, somnif\u00e8res et autres s\u00e9datifs, ...) ne pas consommer sans avis m\u00e9dical. Un usage prolong\u00e9 est d\u00e9conseill\u00e9.<\/p>\n<\/div>\n<\/div>\n<\/div>\n<\/article>","protected":false},"excerpt":{"rendered":"<p>La solution efficace pour agir sur l\u2019encombrement du nez jour et nuit . Son action renforc\u00e9e favorise un sommeil r\u00e9parateur\u00a0et une immunit\u00e9 stimul\u00e9e .\u00a0<\/p>","protected":false},"featured_media":24373,"template":"","meta":{"arc_restricted_post":false},"product_cat":[49,337],"product_tag":[],"_links":{"self":[{"href":"https:\/\/www.sopha-sahara.com\/en\/wp-json\/wp\/v2\/product\/24322"}],"collection":[{"href":"https:\/\/www.sopha-sahara.com\/en\/wp-json\/wp\/v2\/product"}],"about":[{"href":"https:\/\/www.sopha-sahara.com\/en\/wp-json\/wp\/v2\/types\/product"}],"wp:featuredmedia":[{"embeddable":true,"href":"https:\/\/www.sopha-sahara.com\/en\/wp-json\/wp\/v2\/media\/24373"}],"wp:attachment":[{"href":"https:\/\/www.sopha-sahara.com\/en\/wp-json\/wp\/v2\/media?parent=24322"}],"wp:term":[{"taxonomy":"product_cat","embeddable":true,"href":"https:\/\/www.sopha-sahara.com\/en\/wp-json\/wp\/v2\/product_cat?post=24322"},{"taxonomy":"product_tag","embeddable":true,"href":"https:\/\/www.sopha-sahara.com\/en\/wp-json\/wp\/v2\/product_tag?post=24322"}],"curies":[{"name":"wp","href":"https:\/\/api.w.org\/{rel}","templated":true}]}}