{"id":24321,"date":"2020-12-18T12:00:18","date_gmt":"2020-12-18T11:00:18","guid":{"rendered":"https:\/\/www.interbusinesschamber.com\/produit\/propolis-500\/"},"modified":"2020-12-28T16:50:54","modified_gmt":"2020-12-28T15:50:54","slug":"propolis-500","status":"publish","type":"product","link":"https:\/\/www.sopha-sahara.com\/en\/product\/propolis-500\/","title":{"rendered":"PROPOLIS 500"},"content":{"rendered":"<article id=\"84\" class=\"posology\">\n<h4 class=\"notice cms\">UTILSATION<\/h4>\n<div class=\"notice cms\">Prendre 1 ampoule de Propolis Royale \u00e0 boire le matin dilu\u00e9e dans un verre d\u2019eau ou un jus de fruits.\u00a0<br \/>Format 20 jours \u00e0 renouveler si n\u00e9cessaire.<\/p>\n<p>Agiter avant emploi. Afin d\u2019\u00e9viter la chute \u00e9ventuelle de d\u00e9bris d\u2019ampoule dans le liquide, ne pas casser l\u2019ampoule au-dessus du verre.<\/p><\/div>\n<\/article>\n<article class=\"actif\">\n<header>\n<h4 id=\"actifs\">LES ACTIFS<\/h4>\n<\/header>\n<div class=\"content\">\n<div class=\"items\">\n<div class=\"text cms\">\n<p>Fabriqu\u00e9e \u00e0 partir de diverses r\u00e9sines collect\u00e9es et transform\u00e9es par les abeilles, la propolis est utilis\u00e9e au sein de la ruche comme un v\u00e9ritable \u00ab bouclier naturel \u00bb.<br \/>Les abeilles l\u2019utilisent pour s\u00e9curiser et consolider la structure interne de la ruche mais \u00e9galement en tant que barri\u00e8re assainissante pour pr\u00e9munir la colonie d\u2019agressions ext\u00e9rieures.<\/p>\n<p>Habituellement de couleur jaune \u00e0 brun, la propolis verte doit sa couleur particuli\u00e8re au Baccharis, une plante tropicale br\u00e9silienne dont elle est issue.<br \/><strong>1 ampoule = 500 mg de Propolis.<\/strong><br \/>\u00a0<\/p>\n<h5><strong>Un compl\u00e9ment alimentaire ne doit pas se substituer \u00e0 une alimentation vari\u00e9e et \u00e9quilibr\u00e9e et \u00e0 un mode de vie sain. Ne pas d\u00e9passer la dose journali\u00e8re conseill\u00e9e. Tenir hors de port\u00e9e des jeunes enfants. D\u00e9conseill\u00e9 aux femmes enceintes ou qui allaitent et aux enfants de moins de 8 ans sans avis m\u00e9dical.<\/strong><\/h5>\n<\/div>\n<\/div>\n<\/div>\n<\/article>","protected":false},"excerpt":{"rendered":"<p>Sans colorant, sans \u00e9dulcorant ni conservateur, la formule de Fort\u00e9 Royal Propolis 500mg associe un extrait de Propolis verte originaire du Br\u00e9sil \u00e0 du miel d\u2019Eucalyptus.<\/p>","protected":false},"featured_media":24385,"template":"","meta":{"arc_restricted_post":false},"product_cat":[49,337],"product_tag":[],"_links":{"self":[{"href":"https:\/\/www.sopha-sahara.com\/en\/wp-json\/wp\/v2\/product\/24321"}],"collection":[{"href":"https:\/\/www.sopha-sahara.com\/en\/wp-json\/wp\/v2\/product"}],"about":[{"href":"https:\/\/www.sopha-sahara.com\/en\/wp-json\/wp\/v2\/types\/product"}],"wp:featuredmedia":[{"embeddable":true,"href":"https:\/\/www.sopha-sahara.com\/en\/wp-json\/wp\/v2\/media\/24385"}],"wp:attachment":[{"href":"https:\/\/www.sopha-sahara.com\/en\/wp-json\/wp\/v2\/media?parent=24321"}],"wp:term":[{"taxonomy":"product_cat","embeddable":true,"href":"https:\/\/www.sopha-sahara.com\/en\/wp-json\/wp\/v2\/product_cat?post=24321"},{"taxonomy":"product_tag","embeddable":true,"href":"https:\/\/www.sopha-sahara.com\/en\/wp-json\/wp\/v2\/product_tag?post=24321"}],"curies":[{"name":"wp","href":"https:\/\/api.w.org\/{rel}","templated":true}]}}