{"id":24320,"date":"2020-12-18T12:00:18","date_gmt":"2020-12-18T11:00:18","guid":{"rendered":"https:\/\/www.interbusinesschamber.com\/produit\/propolis-intense\/"},"modified":"2020-12-28T17:43:08","modified_gmt":"2020-12-28T16:43:08","slug":"propolis-intense","status":"publish","type":"product","link":"https:\/\/www.sopha-sahara.com\/en\/product\/propolis-intense\/","title":{"rendered":"PROPOLIS INTENSE"},"content":{"rendered":"<h4>UTILISATION<\/h4>\n<article id=\"614\" class=\"posology\">\n<div class=\"notice cms\">Prendre une cuill\u00e8re \u00e0 caf\u00e9 (5ml) par jour.<br \/>Pour les adultes et les enfants d\u00e8s l\u2019\u00e2ge de 5 ans.<br \/>Bien refermer le pot apr\u00e8s utilisation.<\/div>\n<\/article>\n<article class=\"actif\">\n<header>\n<h4 id=\"actifs\">LES ACTIFS<\/h4>\n<\/header>\n<div class=\"content\">\n<div class=\"items\">\n<div class=\"text cms\">\n<p>Propolis Intense est un concentr\u00e9 de propolis, qui associe 90% d\u2019extrait de propolis pour ses bienfaits reconnus, \u00e0 du miel et \u00e0 du jus de citron .<\/p>\n<p>L'extrait de propolis est titr\u00e9 \u00e0 25% en polyph\u00e9nols.<\/p>\n<p>1 cuill\u00e8re \u00e0 caf\u00e9 :<br \/>\u2022 5,6 grammes d'extrait de Propolis<br \/>\u2022 378 mg de Miel<\/p>\n<p><em>Un compl\u00e9ment alimentaire ne doit pas se substituer \u00e0 une alimentation vari\u00e9e et \u00e9quilibr\u00e9e et \u00e0 un mode de vie sain. Tenir hors de port\u00e9e des jeunes enfants. Ne pas d\u00e9passer la dose journali\u00e8re conseill\u00e9e. D\u00e9conseill\u00e9 aux femmes enceintes et allaitantes sans avis m\u00e9dical. D\u00e9conseill\u00e9 aux enfants de moins de 5 ans. D\u00e9conseill\u00e9 aux personnes allergiques aux produits de la ruche, ayant de\u00a0l\u2019asthme ou un terrain atopique. Une consommation excessive peut avoir des effets laxatifs.\u00a0<\/em><\/p>\n<\/div>\n<\/div>\n<\/div>\n<\/article>","protected":false},"excerpt":{"rendered":"<p>Concentr\u00e9 de propolis (90% d&rsquo;extrait) \u00e0 consommer \u00e0 la petite cuill\u00e8re.<\/p>","protected":false},"featured_media":24386,"template":"","meta":{"arc_restricted_post":false},"product_cat":[49,337],"product_tag":[],"_links":{"self":[{"href":"https:\/\/www.sopha-sahara.com\/en\/wp-json\/wp\/v2\/product\/24320"}],"collection":[{"href":"https:\/\/www.sopha-sahara.com\/en\/wp-json\/wp\/v2\/product"}],"about":[{"href":"https:\/\/www.sopha-sahara.com\/en\/wp-json\/wp\/v2\/types\/product"}],"wp:featuredmedia":[{"embeddable":true,"href":"https:\/\/www.sopha-sahara.com\/en\/wp-json\/wp\/v2\/media\/24386"}],"wp:attachment":[{"href":"https:\/\/www.sopha-sahara.com\/en\/wp-json\/wp\/v2\/media?parent=24320"}],"wp:term":[{"taxonomy":"product_cat","embeddable":true,"href":"https:\/\/www.sopha-sahara.com\/en\/wp-json\/wp\/v2\/product_cat?post=24320"},{"taxonomy":"product_tag","embeddable":true,"href":"https:\/\/www.sopha-sahara.com\/en\/wp-json\/wp\/v2\/product_tag?post=24320"}],"curies":[{"name":"wp","href":"https:\/\/api.w.org\/{rel}","templated":true}]}}