{"id":24319,"date":"2020-12-18T12:00:18","date_gmt":"2020-12-18T11:00:18","guid":{"rendered":"https:\/\/www.interbusinesschamber.com\/produit\/spray-gorge-propolis\/"},"modified":"2020-12-28T17:43:18","modified_gmt":"2020-12-28T16:43:18","slug":"spray-gorge-propolis","status":"publish","type":"product","link":"https:\/\/www.sopha-sahara.com\/en\/product\/spray-gorge-propolis\/","title":{"rendered":"SPRAY GORGE PROPOLIS"},"content":{"rendered":"<article id=\"421\" class=\"posology\">\n<h4 class=\"notice cms\">UTILSATION<\/h4>\n<div class=\"notice cms\">2 pulv\u00e9risations au fond de la gorge, 3 fois par jour.<\/div>\n<\/article>\n<article class=\"actif\">\n<header>\n<h4 id=\"actifs\">LES ACTIFS<\/h4>\n<\/header>\n<div class=\"content\">\n<div class=\"items\">\n<div class=\"text cms\">\n<p>Sa formule associe la Propolis, \u00e0 l'huile essentielle d'Eucalyptus, Miel et Camomille<sup>(1)\u00a0<\/sup>qui contribue \u00e0 apaiser la gorge.<\/p>\n<p>Un compl\u00e9ment alimentaire ne doit pas se substituer \u00e0 une alimentation vari\u00e9e et \u00e9quilibr\u00e9e et \u00e0 un mode de vie sain. Ne pas d\u00e9passer la dose journali\u00e8re conseill\u00e9e. Tenir hors de port\u00e9e des jeunes enfants. D\u00e9conseill\u00e9 aux femmes enceintes ou aui allaitent et aux enfants de moins de 8 ans sans avis m\u00e9dical. D\u00e9conseill\u00e9 aux personnes allergiques ou sensibles \u00e0 l'un des constituants. Une consommation excessive peut avoir des effets laxatifs.<\/p>\n<\/div>\n<\/div>\n<\/div>\n<\/article>","protected":false},"excerpt":{"rendered":"<p>Aromatis\u00e9e au miel et \u00e0 l&rsquo;huile essentielle d&rsquo;eucalyptus, sa formule concentr\u00e9e en Propolis, v\u00e9ritable bouclier naturel, contient aussi de la camomille reconnue pour ses vertus adoucissantes.<\/p>","protected":false},"featured_media":24390,"template":"","meta":{"arc_restricted_post":false},"product_cat":[49,337],"product_tag":[],"_links":{"self":[{"href":"https:\/\/www.sopha-sahara.com\/en\/wp-json\/wp\/v2\/product\/24319"}],"collection":[{"href":"https:\/\/www.sopha-sahara.com\/en\/wp-json\/wp\/v2\/product"}],"about":[{"href":"https:\/\/www.sopha-sahara.com\/en\/wp-json\/wp\/v2\/types\/product"}],"wp:featuredmedia":[{"embeddable":true,"href":"https:\/\/www.sopha-sahara.com\/en\/wp-json\/wp\/v2\/media\/24390"}],"wp:attachment":[{"href":"https:\/\/www.sopha-sahara.com\/en\/wp-json\/wp\/v2\/media?parent=24319"}],"wp:term":[{"taxonomy":"product_cat","embeddable":true,"href":"https:\/\/www.sopha-sahara.com\/en\/wp-json\/wp\/v2\/product_cat?post=24319"},{"taxonomy":"product_tag","embeddable":true,"href":"https:\/\/www.sopha-sahara.com\/en\/wp-json\/wp\/v2\/product_tag?post=24319"}],"curies":[{"name":"wp","href":"https:\/\/api.w.org\/{rel}","templated":true}]}}