{"id":24318,"date":"2020-12-18T12:00:18","date_gmt":"2020-12-18T11:00:18","guid":{"rendered":"https:\/\/www.interbusinesschamber.com\/produit\/spray-gorge-propolis-bio-junior\/"},"modified":"2020-12-28T17:43:24","modified_gmt":"2020-12-28T16:43:24","slug":"spray-gorge-propolis-bio-junior","status":"publish","type":"product","link":"https:\/\/www.sopha-sahara.com\/en\/product\/spray-gorge-propolis-bio-junior\/","title":{"rendered":"SPRAY GORGE PROPOLIS BIO JUNIOR"},"content":{"rendered":"<article id=\"422\" class=\"posology\">\n<h4 class=\"notice cms\">UTILISATION<\/h4>\n<div class=\"notice cms\">A partir de 5 ans : 2 pulv\u00e9risations au fond de la gorge, 3 fois par jour.<br \/>A prendre sous le contr\u00f4le d'un adulte. Pas d'usage prolong\u00e9 au-del\u00e0 de 5 jours sans avis m\u00e9dical.<\/div>\n<\/article>\n<article class=\"actif\">\n<header>\n<h4 id=\"actifs\">LES ACTIFS<\/h4>\n<\/header>\n<div class=\"content\">\n<div class=\"items\">\n<div class=\"text cms\">\n<p>Sa formule BIO associe la force de la propolis \u00e0 la douceur du miel. Ar\u00f4me naturel, sans gluten, sans lactose, sans conservateur, sans colorant.<\/p>\n<p><em>Un compl\u00e9ment alimentaire ne doit pas se substituer \u00e0 une alimentation vari\u00e9e et \u00e9quilibr\u00e9e et \u00e0 un mode de vie sain. Ne pas d\u00e9passer la dose journali\u00e8re conseill\u00e9e. Tenir hors de port\u00e9e des jeunes enfants. Ne pas utiliser en cas de grossesse. Ne pas utiliser chez l'enfant de moins de 5 ans sans avis m\u00e9dical. D\u00e9conseill\u00e9 aux personnes allergiques ou sensibles \u00e0 l'un des constituants. Eviter tout contact avec les yeux.<\/em><\/p>\n<\/div>\n<\/div>\n<\/div>\n<\/article>","protected":false},"excerpt":{"rendered":"<p>Formule douce et naturelle \u00e0 base de Propolis Bio et Miel Bio, au gout fruits rouges specialement adapt\u00e9e aux enfants.<br \/>Un spray pratique \u00e0 emporter partout en periode hivernale.<\/p>","protected":false},"featured_media":24389,"template":"","meta":{"arc_restricted_post":false},"product_cat":[49,337],"product_tag":[],"_links":{"self":[{"href":"https:\/\/www.sopha-sahara.com\/en\/wp-json\/wp\/v2\/product\/24318"}],"collection":[{"href":"https:\/\/www.sopha-sahara.com\/en\/wp-json\/wp\/v2\/product"}],"about":[{"href":"https:\/\/www.sopha-sahara.com\/en\/wp-json\/wp\/v2\/types\/product"}],"wp:featuredmedia":[{"embeddable":true,"href":"https:\/\/www.sopha-sahara.com\/en\/wp-json\/wp\/v2\/media\/24389"}],"wp:attachment":[{"href":"https:\/\/www.sopha-sahara.com\/en\/wp-json\/wp\/v2\/media?parent=24318"}],"wp:term":[{"taxonomy":"product_cat","embeddable":true,"href":"https:\/\/www.sopha-sahara.com\/en\/wp-json\/wp\/v2\/product_cat?post=24318"},{"taxonomy":"product_tag","embeddable":true,"href":"https:\/\/www.sopha-sahara.com\/en\/wp-json\/wp\/v2\/product_tag?post=24318"}],"curies":[{"name":"wp","href":"https:\/\/api.w.org\/{rel}","templated":true}]}}