{"id":24317,"date":"2020-12-18T12:00:18","date_gmt":"2020-12-18T11:00:18","guid":{"rendered":"https:\/\/www.interbusinesschamber.com\/produit\/forte-royal-pastilles\/"},"modified":"2020-12-28T16:46:56","modified_gmt":"2020-12-28T15:46:56","slug":"forte-royal-pastilles","status":"publish","type":"product","link":"https:\/\/www.sopha-sahara.com\/en\/product\/forte-royal-pastilles\/","title":{"rendered":"FORT\u00c9 ROYAL PASTILLES"},"content":{"rendered":"<article id=\"515\" class=\"posology\">\n<h4 class=\"notice cms\">UTILISATION<\/h4>\n<div class=\"notice cms\">1 \u00e0 3 pastilles par jour, espac\u00e9es sur la journ\u00e9e. Laisser fondre lentement dans la bouche sans croquer.<br \/>Bo\u00eete de 24 pastilles<\/div>\n<\/article>\n<article class=\"actif\">\n<header>\n<h4 id=\"actifs\">LES ACTIFS<\/h4>\n<\/header>\n<div class=\"content\">\n<div class=\"items\">\n<div class=\"text cms\">\n<p>Sa formule associe judicieusement :<br \/>- du miel et de la propolis, reconnue pour ses propri\u00e9t\u00e9s de \"bouclier naturel\" et utilis\u00e9 par les abeilles pour pr\u00e9munir la ruche des agressions ext\u00e9rieures telles que les germes microbiens.<br \/>- de l\u2019huile essentielle d\u2019eucalyptus pour son effet apaisant sur la gorge, le pharynx et les cordes vocales.<\/p>\n<p>Ces 3 actifs, combin\u00e9s \u00e0 la vitamine C, font de Fort\u00e9 Royal Pastilles l\u2019alternative naturelle pour apaiser la gorge.<em><br \/><\/em><\/p>\n<\/div>\n<\/div>\n<\/div>\n<\/article>","protected":false},"excerpt":{"rendered":"<p>Fort\u00e9 Royal Pastilles est une solution naturelle enrichie en vitamine C pour soulager la gorge <sup>.<\/sup><br \/>Un effet apaisant et agr\u00e9able sur la gorge, le pharynx et les cordes vocales.<\/p>","protected":false},"featured_media":24366,"template":"","meta":{"arc_restricted_post":false},"product_cat":[49,337],"product_tag":[],"_links":{"self":[{"href":"https:\/\/www.sopha-sahara.com\/en\/wp-json\/wp\/v2\/product\/24317"}],"collection":[{"href":"https:\/\/www.sopha-sahara.com\/en\/wp-json\/wp\/v2\/product"}],"about":[{"href":"https:\/\/www.sopha-sahara.com\/en\/wp-json\/wp\/v2\/types\/product"}],"wp:featuredmedia":[{"embeddable":true,"href":"https:\/\/www.sopha-sahara.com\/en\/wp-json\/wp\/v2\/media\/24366"}],"wp:attachment":[{"href":"https:\/\/www.sopha-sahara.com\/en\/wp-json\/wp\/v2\/media?parent=24317"}],"wp:term":[{"taxonomy":"product_cat","embeddable":true,"href":"https:\/\/www.sopha-sahara.com\/en\/wp-json\/wp\/v2\/product_cat?post=24317"},{"taxonomy":"product_tag","embeddable":true,"href":"https:\/\/www.sopha-sahara.com\/en\/wp-json\/wp\/v2\/product_tag?post=24317"}],"curies":[{"name":"wp","href":"https:\/\/api.w.org\/{rel}","templated":true}]}}