{"id":24316,"date":"2020-12-18T12:00:18","date_gmt":"2020-12-18T11:00:18","guid":{"rendered":"https:\/\/www.interbusinesschamber.com\/produit\/gelee-royale-comprimes\/"},"modified":"2020-12-28T17:41:38","modified_gmt":"2020-12-28T16:41:38","slug":"gelee-royale-comprimes","status":"publish","type":"product","link":"https:\/\/www.sopha-sahara.com\/en\/product\/gelee-royale-comprimes\/","title":{"rendered":"GEL\u00c9E ROYALE COMPRIM\u00c9S"},"content":{"rendered":"<h4>UTILISATION<\/h4>\n<article id=\"375\" class=\"posology\">\n<div class=\"notice cms\">Croquer 1 comprim\u00e9 de Gel\u00e9e Royale 1000 mg par jour, de pr\u00e9f\u00e9rence le matin.<\/div>\n<\/article>\n<article class=\"actif\">\n<header>\n<h4 id=\"actifs\">LES ACTIFS<\/h4>\n<\/header>\n<div class=\"content\">\n<div class=\"items\">\n<div class=\"text cms\">\n<p>La formule\u00a0 sans colorant ni conservateur de Gel\u00e9e Royale 1000 mg \u00e0 croquer concentre tous les bienfaits de la Gel\u00e9e Royale. Son format en comprim\u00e9s \u00e0 croquer au bon go\u00fbt ananas vous de l'emporter facilement avec vous. Il deviendra le partenaire id\u00e9al de vos journ\u00e9es.\u00a0<br \/>\u00a0<\/p>\n<p><em>Un compl\u00e9ment alimentaire ne doit pas se substituer \u00e0 une alimentation vari\u00e9e et \u00e9quilibr\u00e9e et un mode de vie sain. Se conformer aux conseils d'utilisation. Tenir hors de port\u00e9e des jeunes enfants. D\u00e9conseill\u00e9 aux femmes enceintes ou qui allaitent, et aux enfants de moins de 12\u00a0 ans sans avis m\u00e9dical.\u00a0 Sans gluten. Convient aux v\u00e9g\u00e9tariens. Une consommation excessive peut avoir des effets laxatifs.<\/em><\/p>\n<\/div>\n<\/div>\n<\/div>\n<\/article>","protected":false},"excerpt":{"rendered":"<div class=\"text\">\n<p>Gel\u00e9e Royale 1000mg \u00e0 croquer a \u00e9t\u00e9 formul\u00e9 pour apporter un coup de pouce naturel \u00e0 l&rsquo;organisme.<\/p>\n<\/div>\n<div class=\"cms\">\n<p>Id\u00e9ale lors des changements de saison, la gel\u00e9e royale est un v\u00e9ritable concentr\u00e9 nutritif.<\/p>\n<\/div>","protected":false},"featured_media":24378,"template":"","meta":{"arc_restricted_post":false},"product_cat":[49,337],"product_tag":[],"_links":{"self":[{"href":"https:\/\/www.sopha-sahara.com\/en\/wp-json\/wp\/v2\/product\/24316"}],"collection":[{"href":"https:\/\/www.sopha-sahara.com\/en\/wp-json\/wp\/v2\/product"}],"about":[{"href":"https:\/\/www.sopha-sahara.com\/en\/wp-json\/wp\/v2\/types\/product"}],"wp:featuredmedia":[{"embeddable":true,"href":"https:\/\/www.sopha-sahara.com\/en\/wp-json\/wp\/v2\/media\/24378"}],"wp:attachment":[{"href":"https:\/\/www.sopha-sahara.com\/en\/wp-json\/wp\/v2\/media?parent=24316"}],"wp:term":[{"taxonomy":"product_cat","embeddable":true,"href":"https:\/\/www.sopha-sahara.com\/en\/wp-json\/wp\/v2\/product_cat?post=24316"},{"taxonomy":"product_tag","embeddable":true,"href":"https:\/\/www.sopha-sahara.com\/en\/wp-json\/wp\/v2\/product_tag?post=24316"}],"curies":[{"name":"wp","href":"https:\/\/api.w.org\/{rel}","templated":true}]}}