{"id":24315,"date":"2020-12-18T12:00:18","date_gmt":"2020-12-18T11:00:18","guid":{"rendered":"https:\/\/www.interbusinesschamber.com\/produit\/forte-royal-gommes-gorge\/"},"modified":"2020-12-28T16:41:37","modified_gmt":"2020-12-28T15:41:37","slug":"forte-royal-gommes-gorge","status":"publish","type":"product","link":"https:\/\/www.sopha-sahara.com\/en\/product\/forte-royal-gommes-gorge\/","title":{"rendered":"FORT\u00c9 ROYAL GOMMES GORGE"},"content":{"rendered":"<h4>UTILISATION<\/h4>\n<article id=\"615\" class=\"posology\">\n<div class=\"notice cms\">Prendre 3 \u00e0 6 gommes par jour.<\/div>\n<\/article>\n<article class=\"actif\">\n<header>\n<h4 id=\"actifs\">LES ACTIFS<\/h4>\n<\/header>\n<div class=\"content\">\n<div class=\"items\">\n<div class=\"text cms\">\n<p><strong>Gommes Gorge Eucalyptus<\/strong><\/p>\n<p>Sa formule combine : huile essentielle d'Eucalyptus pour aider \u00e0 soulager la gorge<sup>(1)<\/sup>. Propolis Verte: v\u00e9ritable bouclier naturel. Echinac\u00e9e: connu pour son action sur l'immunit\u00e9. Menthol :sensation de fraicheur.\u00a0<\/p>\n<p><strong>Gommes Gorge Miel\u00a0<\/strong><\/p>\n<p>La formule des gommes gorge Miel associe\u00a0: Propolis\u00a0: v\u00e9ritable bouclier naturel Gel\u00e9e royale\u00a0: concentr\u00e9 nutritif fortifiant, Et Miel\u00a0: pour ses propri\u00e9t\u00e9s adoucissantes.<br \/>\u00a0<\/div>\n<\/div>\n<\/div>\n<\/article>","protected":false},"excerpt":{"rendered":"<p>Les gommes gorge Fort\u00e9 Royal existe en 2 go\u00fbts :<br \/>&#8211; Eucalyptus :\u00a0Gomme fraicheur pour aider \u00e0 soulager la gorge.<br \/>&#8211; Miel :\u00a0\u200bPour garder une bonne haleine ou petits plaisirs \u00e0 m\u00e2cher.<\/p>","protected":false},"featured_media":24365,"template":"","meta":{"arc_restricted_post":false},"product_cat":[49,337],"product_tag":[],"_links":{"self":[{"href":"https:\/\/www.sopha-sahara.com\/en\/wp-json\/wp\/v2\/product\/24315"}],"collection":[{"href":"https:\/\/www.sopha-sahara.com\/en\/wp-json\/wp\/v2\/product"}],"about":[{"href":"https:\/\/www.sopha-sahara.com\/en\/wp-json\/wp\/v2\/types\/product"}],"wp:featuredmedia":[{"embeddable":true,"href":"https:\/\/www.sopha-sahara.com\/en\/wp-json\/wp\/v2\/media\/24365"}],"wp:attachment":[{"href":"https:\/\/www.sopha-sahara.com\/en\/wp-json\/wp\/v2\/media?parent=24315"}],"wp:term":[{"taxonomy":"product_cat","embeddable":true,"href":"https:\/\/www.sopha-sahara.com\/en\/wp-json\/wp\/v2\/product_cat?post=24315"},{"taxonomy":"product_tag","embeddable":true,"href":"https:\/\/www.sopha-sahara.com\/en\/wp-json\/wp\/v2\/product_tag?post=24315"}],"curies":[{"name":"wp","href":"https:\/\/api.w.org\/{rel}","templated":true}]}}