{"id":24314,"date":"2020-12-18T12:00:18","date_gmt":"2020-12-18T11:00:18","guid":{"rendered":"https:\/\/www.interbusinesschamber.com\/produit\/gelee-royale-bio-junior\/"},"modified":"2020-12-28T17:41:26","modified_gmt":"2020-12-28T16:41:26","slug":"gelee-royale-bio-junior","status":"publish","type":"product","link":"https:\/\/www.sopha-sahara.com\/en\/product\/gelee-royale-bio-junior\/","title":{"rendered":"GEL\u00c9E ROYALE BIO JUNIOR"},"content":{"rendered":"<h4>UTILISATION<\/h4>\n<article id=\"83\" class=\"posology\">\n<div class=\"notice cms\">\n<ul>\n<li>Enfant de\u00a0<strong>3 \u00e0 5 ans<\/strong>\u00a0: 1 cuill\u00e8re \u00e0 caf\u00e9 par jour, de pr\u00e9f\u00e9rence le matin.<\/li>\n<li>Enfant \u00e0 partir de\u00a0<strong>5 ans<\/strong>\u00a0: 1 \u00e0 2 cuill\u00e8res \u00e0 caf\u00e9 par jour, de pr\u00e9f\u00e9rence le matin.<\/li>\n<\/ul>\n<p>Id\u00e9al lors des changements de saison, \u00e0 la rentr\u00e9e scolaire ou en fin de trimestre. Format 15 \u00e0 30 jours renouvelable.<br \/>Agiter avant emploi.\u00a0Apr\u00e8s ouverture, conserver au r\u00e9frig\u00e9rateur et consommer dans les 30 jours.\u00a0<\/p>\n<\/div>\n<\/article>\n<article class=\"actif\">\n<header>\n<h4 id=\"actifs\">LES ACTIFS<\/h4>\n<\/header>\n<div class=\"content\">\n<div class=\"items\">\n<div class=\"text cms\">\n<p>Fruit d\u2019une savante alchimie entre le travail\u00a0des abeilles et le monde v\u00e9g\u00e9tal, la Gel\u00e9e\u00a0Royale est un v\u00e9ritable concentr\u00e9 d\u2019\u00e9l\u00e9ments\u00a0nutritifs.<\/p>\n<p>Nourriture exclusive de la reine\u00a0tout au long de son existence,\u00a0elle lui conf\u00e8re une incroyable\u00a0long\u00e9vit\u00e9.<br \/><strong>1 cuill\u00e8re = 500 mg de Gel\u00e9e Royale.<\/strong><\/p>\n<p><strong>Un compl\u00e9ment alimentaire ne doit pas se substituer \u00e0 une alimentation vari\u00e9e et \u00e9quilibr\u00e9e et \u00e0 un mode de vie sain. Ne pas d\u00e9passer la dose journali\u00e8re conseill\u00e9e. Tenir hors de port\u00e9e des jeunes enfants. Contient du bl\u00e9.<\/strong><\/p>\n<\/div>\n<\/div>\n<\/div>\n<\/article>","protected":false},"excerpt":{"rendered":"<div class=\"text\">\n<p>Le sirop Gel\u00e9e Royale Bio junior apporte tous les bienfaits de la Gel\u00e9e Royale dans une formule sp\u00e9cialement adapt\u00e9e aux besoins des plus jeunes.\u00a0<\/p>\n<\/div>\n<div class=\"cms\">\n<p>Sans conservateur, sans colorant, sans \u00e9dulcorant, sans ar\u00f4me de synth\u00e8se, ce sirop est certifi\u00e9 biologique.<\/p>\n<\/div>","protected":false},"featured_media":24377,"template":"","meta":{"arc_restricted_post":false},"product_cat":[49,337],"product_tag":[],"_links":{"self":[{"href":"https:\/\/www.sopha-sahara.com\/en\/wp-json\/wp\/v2\/product\/24314"}],"collection":[{"href":"https:\/\/www.sopha-sahara.com\/en\/wp-json\/wp\/v2\/product"}],"about":[{"href":"https:\/\/www.sopha-sahara.com\/en\/wp-json\/wp\/v2\/types\/product"}],"wp:featuredmedia":[{"embeddable":true,"href":"https:\/\/www.sopha-sahara.com\/en\/wp-json\/wp\/v2\/media\/24377"}],"wp:attachment":[{"href":"https:\/\/www.sopha-sahara.com\/en\/wp-json\/wp\/v2\/media?parent=24314"}],"wp:term":[{"taxonomy":"product_cat","embeddable":true,"href":"https:\/\/www.sopha-sahara.com\/en\/wp-json\/wp\/v2\/product_cat?post=24314"},{"taxonomy":"product_tag","embeddable":true,"href":"https:\/\/www.sopha-sahara.com\/en\/wp-json\/wp\/v2\/product_tag?post=24314"}],"curies":[{"name":"wp","href":"https:\/\/api.w.org\/{rel}","templated":true}]}}