{"id":24313,"date":"2020-12-18T12:00:17","date_gmt":"2020-12-18T11:00:17","guid":{"rendered":"https:\/\/www.interbusinesschamber.com\/produit\/gelee-royale-1000mg\/"},"modified":"2020-12-28T16:38:42","modified_gmt":"2020-12-28T15:38:42","slug":"gelee-royale-1000mg","status":"publish","type":"product","link":"https:\/\/www.sopha-sahara.com\/en\/product\/gelee-royale-1000mg\/","title":{"rendered":"GEL\u00c9E ROYALE 1000MG"},"content":{"rendered":"<article id=\"73\" class=\"posology\">\n<div class=\"notice cms\">\n<h4>UTILISATION<\/h4>\n<div>Prendre 1 ampoule de Gel\u00e9e Royale 1000 mg tous les matins, pure ou dilu\u00e9e dans de l\u2019eau.<\/div>\n<\/div>\n<\/article>\n<article class=\"actif\">\n<header>\n<h4 id=\"actifs\">LES ACTIFS<\/h4>\n<\/header>\n<div class=\"content\">\n<div class=\"items\">\n<div class=\"text cms\">\n<p>V\u00e9ritable concentr\u00e9 de forme en ampoule,\u00a0<strong>Gel\u00e9e Royale 1000mg<\/strong>\u00a0est un produit 100% d'origine naturelle.<\/p>\n<p>Sa formule sans colorant, sans \u00e9dulcorant ni conservateur concentre tous les bienfaits de la gel\u00e9e royale dans un compl\u00e9ment alimentaire sain et naturel. Gel\u00e9e Royale 1000mg devient le partenaire bien-\u00eatre id\u00e9al de vos journ\u00e9es.<\/p>\n<p><em>Un compl\u00e9ment alimentaire ne doit pas se substituer \u00e0 une alimentation vari\u00e9e et \u00e9quilibr\u00e9e et \u00e0 un mode de vie sain. Se conformer aux conseils d\u2019utilisation. Ne pas d\u00e9passer la dose journali\u00e8re conseill\u00e9e. Tenir hors de port\u00e9e des jeunes enfants. D\u00e9conseill\u00e9 aux femmes enceintes ou qui allaitent et aux enfants de moins de 8 ans sans avis m\u00e9dical.<\/em><\/p>\n<\/div>\n<\/div>\n<\/div>\n<\/article>","protected":false},"excerpt":{"rendered":"<div class=\"text\">\n<p>Gel\u00e9e Royale 1000mg a \u00e9t\u00e9 formul\u00e9 pour apporter un coup de pouce naturel \u00e0 l&rsquo;organisme.\u00a0<\/p>\n<\/div>\n<div class=\"cms\">\n<p>Id\u00e9ale lors des changements de saison, la gel\u00e9e royale est un v\u00e9ritable concentr\u00e9 nutritif.<\/p>\n<\/div>","protected":false},"featured_media":24375,"template":"","meta":{"arc_restricted_post":false},"product_cat":[49,337],"product_tag":[],"_links":{"self":[{"href":"https:\/\/www.sopha-sahara.com\/en\/wp-json\/wp\/v2\/product\/24313"}],"collection":[{"href":"https:\/\/www.sopha-sahara.com\/en\/wp-json\/wp\/v2\/product"}],"about":[{"href":"https:\/\/www.sopha-sahara.com\/en\/wp-json\/wp\/v2\/types\/product"}],"wp:featuredmedia":[{"embeddable":true,"href":"https:\/\/www.sopha-sahara.com\/en\/wp-json\/wp\/v2\/media\/24375"}],"wp:attachment":[{"href":"https:\/\/www.sopha-sahara.com\/en\/wp-json\/wp\/v2\/media?parent=24313"}],"wp:term":[{"taxonomy":"product_cat","embeddable":true,"href":"https:\/\/www.sopha-sahara.com\/en\/wp-json\/wp\/v2\/product_cat?post=24313"},{"taxonomy":"product_tag","embeddable":true,"href":"https:\/\/www.sopha-sahara.com\/en\/wp-json\/wp\/v2\/product_tag?post=24313"}],"curies":[{"name":"wp","href":"https:\/\/api.w.org\/{rel}","templated":true}]}}