{"id":24312,"date":"2020-12-18T12:00:17","date_gmt":"2020-12-18T11:00:17","guid":{"rendered":"https:\/\/www.interbusinesschamber.com\/produit\/forte-royal-ginsengenergie\/"},"modified":"2020-12-28T16:32:48","modified_gmt":"2020-12-28T15:32:48","slug":"forte-royal-ginsengenergie","status":"publish","type":"product","link":"https:\/\/www.sopha-sahara.com\/en\/product\/forte-royal-ginsengenergie\/","title":{"rendered":"FORT\u00c9 ROYAL GINSENG&rsquo;ENERGIE"},"content":{"rendered":"<article id=\"705\" class=\"posology\">\n<h4 class=\"notice cms\">UTILISATION<\/h4>\n<div class=\"notice cms\">Boire 1 ampoule de FORT\u00c9 ROYAL GINSENG\u2019ENERGIE le matin, dilu\u00e9e dans un verre d\u2019eau ou un jus de fruits (200 ml).<\/p>\n<p>Agiter avant emploi.<\/p><\/div>\n<\/article>\n<article class=\"actif\">\n<header>\n<h4 id=\"actifs\">LES ACTIFS<\/h4>\n<\/header>\n<div class=\"content\">\n<div class=\"items\">\n<div class=\"text cms\">\n<p><strong>Gel\u00e9e Royale<\/strong>\u00a0: concentr\u00e9 naturel nutritif, destin\u00e9 \u00e0 nourrir la reine, lui offrant une incroyable long\u00e9vit\u00e9.<\/p>\n<p><strong>Ginseng<\/strong>\u00a0: fortement dos\u00e9 et titr\u00e9 en Gins\u00e9nosides dans la formule, il contribue \u00e0 la vitalit\u00e9 physique et mentale et ses vertus anti-fatigues ont fait le tour de monde. Il poss\u00e8de aussi des propri\u00e9t\u00e9s adaptog\u00e8nes : ses effets et bienfaits sont tr\u00e8s larges et permettent de soutenir efficacement l\u2019organisme .<\/p>\n<p><strong>Propolis<\/strong>\u00a0: elle est utilis\u00e9e au sein de la ruche comme un v\u00e9ritable \u00ab bouclier naturel \u00bb, pour pr\u00e9munir la colonie d\u2019agressions ext\u00e9rieures.<\/p>\n<p><strong>Ac\u00e9rola<\/strong>\u00a0: petite cerise rouge qui pousse spontan\u00e9ment dans les r\u00e9gions d\u2019Am\u00e9rique Latine, elle est consid\u00e9r\u00e9e comme un superfruit.<\/p>\n<\/div>\n<\/div>\n<\/div>\n<\/article>","protected":false},"excerpt":{"rendered":"<div class=\"text\">\n<p>Fort\u00e9 Royal avec Ginseng\u2019Energie associe pour la 1\u00e8re fois les atouts du Ginseng, aux bienfaits de la ruche dans une formule hautement dos\u00e9e stimulante et fortifiante : une synergie d\u2019ingr\u00e9dients pour une action optimale.<\/p>\n<\/div>","protected":false},"featured_media":24364,"template":"","meta":{"arc_restricted_post":false},"product_cat":[49,337],"product_tag":[],"_links":{"self":[{"href":"https:\/\/www.sopha-sahara.com\/en\/wp-json\/wp\/v2\/product\/24312"}],"collection":[{"href":"https:\/\/www.sopha-sahara.com\/en\/wp-json\/wp\/v2\/product"}],"about":[{"href":"https:\/\/www.sopha-sahara.com\/en\/wp-json\/wp\/v2\/types\/product"}],"wp:featuredmedia":[{"embeddable":true,"href":"https:\/\/www.sopha-sahara.com\/en\/wp-json\/wp\/v2\/media\/24364"}],"wp:attachment":[{"href":"https:\/\/www.sopha-sahara.com\/en\/wp-json\/wp\/v2\/media?parent=24312"}],"wp:term":[{"taxonomy":"product_cat","embeddable":true,"href":"https:\/\/www.sopha-sahara.com\/en\/wp-json\/wp\/v2\/product_cat?post=24312"},{"taxonomy":"product_tag","embeddable":true,"href":"https:\/\/www.sopha-sahara.com\/en\/wp-json\/wp\/v2\/product_tag?post=24312"}],"curies":[{"name":"wp","href":"https:\/\/api.w.org\/{rel}","templated":true}]}}