{"id":24311,"date":"2020-12-18T12:00:17","date_gmt":"2020-12-18T11:00:17","guid":{"rendered":"https:\/\/www.interbusinesschamber.com\/produit\/forte-royal-dynamisant\/"},"modified":"2020-12-28T16:29:49","modified_gmt":"2020-12-28T15:29:49","slug":"forte-royal-dynamisant","status":"publish","type":"product","link":"https:\/\/www.sopha-sahara.com\/en\/product\/forte-royal-dynamisant\/","title":{"rendered":"FORT\u00c9 ROYAL DYNAMISANT"},"content":{"rendered":"<article id=\"423\" class=\"posology\">\n<h4 class=\"notice cms\">UTILISATION<\/h4>\n<div class=\"notice cms\">1 ampoule de Fort\u00e9 Royal Dynamisant \u00e0 boire le matin dilu\u00e9e dans un verre d'eau ou de jus de fruits.<br \/>Agiter avant emploi.<\/div>\n<\/article>\n<article class=\"actif\">\n<header>\n<h4 id=\"actifs\">LES ACTIFS<\/h4>\n<\/header>\n<div class=\"content\">\n<div class=\"items\">\n<div class=\"text cms\">\n<p>Gel\u00e9e Royale et Pollen, deux concentr\u00e9s nutritifs issus de la ruche, agissent en SYNERGIE avec deux actifs d'origine naturelle \u00e0 l'efficacit\u00e9 reconnue, le Mat\u00e9 et l'Ac\u00e9rola.<\/p>\n<\/div>\n<\/div>\n<\/div>\n<\/article>","protected":false},"excerpt":{"rendered":"<p>Fort\u00e9 Royal Dynamisant est une solution CONCENTREE et NATURELLE pour booster votre \u00e9nergie et renforcer vos d\u00e9fenses en m\u00eame temps<\/p>","protected":false},"featured_media":24363,"template":"","meta":{"arc_restricted_post":false},"product_cat":[49,337],"product_tag":[],"_links":{"self":[{"href":"https:\/\/www.sopha-sahara.com\/en\/wp-json\/wp\/v2\/product\/24311"}],"collection":[{"href":"https:\/\/www.sopha-sahara.com\/en\/wp-json\/wp\/v2\/product"}],"about":[{"href":"https:\/\/www.sopha-sahara.com\/en\/wp-json\/wp\/v2\/types\/product"}],"wp:featuredmedia":[{"embeddable":true,"href":"https:\/\/www.sopha-sahara.com\/en\/wp-json\/wp\/v2\/media\/24363"}],"wp:attachment":[{"href":"https:\/\/www.sopha-sahara.com\/en\/wp-json\/wp\/v2\/media?parent=24311"}],"wp:term":[{"taxonomy":"product_cat","embeddable":true,"href":"https:\/\/www.sopha-sahara.com\/en\/wp-json\/wp\/v2\/product_cat?post=24311"},{"taxonomy":"product_tag","embeddable":true,"href":"https:\/\/www.sopha-sahara.com\/en\/wp-json\/wp\/v2\/product_tag?post=24311"}],"curies":[{"name":"wp","href":"https:\/\/api.w.org\/{rel}","templated":true}]}}